{"id":13611,"date":"2025-07-30T10:25:23","date_gmt":"2025-07-30T08:25:23","guid":{"rendered":"https:\/\/www.esk-eltern.de\/?post_type=product&#038;p=13611"},"modified":"2025-09-24T20:55:30","modified_gmt":"2025-09-24T18:55:30","slug":"mathematiques-art","status":"publish","type":"product","link":"https:\/\/www.esk-eltern.de\/fr\/produit\/mathematiques-art\/","title":{"rendered":"Math\u00e9matiques Art"},"content":{"rendered":"","protected":false},"excerpt":{"rendered":"<p>Int\u00e9gration des math\u00e9matiques et des arts<\/p>\n","protected":false},"featured_media":13614,"template":"","meta":{"inline_featured_image":false},"product_brand":[],"product_cat":[670,563],"product_tag":[],"class_list":{"0":"post-13611","1":"product","2":"type-product","3":"status-publish","4":"has-post-thumbnail","6":"product_cat-mathematiques","7":"product_cat-aa-fr","8":"pa_class-gs-fr","9":"pa_instructor-mme-geraldina-nemeth","10":"pa_weekday-mercredi","12":"first","13":"instock","14":"virtual","15":"purchasable","16":"product-type-simple"},"_links":{"self":[{"href":"https:\/\/www.esk-eltern.de\/fr\/wp-json\/wp\/v2\/product\/13611","targetHints":{"allow":["GET"]}}],"collection":[{"href":"https:\/\/www.esk-eltern.de\/fr\/wp-json\/wp\/v2\/product"}],"about":[{"href":"https:\/\/www.esk-eltern.de\/fr\/wp-json\/wp\/v2\/types\/product"}],"wp:featuredmedia":[{"embeddable":true,"href":"https:\/\/www.esk-eltern.de\/fr\/wp-json\/wp\/v2\/media\/13614"}],"wp:attachment":[{"href":"https:\/\/www.esk-eltern.de\/fr\/wp-json\/wp\/v2\/media?parent=13611"}],"wp:term":[{"taxonomy":"product_brand","embeddable":true,"href":"https:\/\/www.esk-eltern.de\/fr\/wp-json\/wp\/v2\/product_brand?post=13611"},{"taxonomy":"product_cat","embeddable":true,"href":"https:\/\/www.esk-eltern.de\/fr\/wp-json\/wp\/v2\/product_cat?post=13611"},{"taxonomy":"product_tag","embeddable":true,"href":"https:\/\/www.esk-eltern.de\/fr\/wp-json\/wp\/v2\/product_tag?post=13611"}],"curies":[{"name":"wp","href":"https:\/\/api.w.org\/{rel}","templated":true}]}}