{"id":13569,"date":"2025-07-28T09:13:22","date_gmt":"2025-07-28T07:13:23","guid":{"rendered":"https:\/\/www.esk-eltern.de\/?post_type=product&#038;p=13569"},"modified":"2025-09-25T19:08:48","modified_gmt":"2025-09-25T17:08:48","slug":"club-dechecs-externe","status":"publish","type":"product","link":"https:\/\/www.esk-eltern.de\/fr\/produit\/club-dechecs-externe\/","title":{"rendered":"Club d&rsquo;\u00e9checs"},"content":{"rendered":"<p><span data-contrast=\"auto\">Viens nous rejoindre pour apprendre \u00e0 jouer aux \u00e9checs ! <\/span><span data-ccp-props=\"{&quot;201341983&quot;:0,&quot;335559739&quot;:0,&quot;335559740&quot;:240}\">\u00a0<\/span><\/p>\n<p><span data-contrast=\"auto\">Peu importe que tu sois d\u00e9butant ou que tu aies d\u00e9j\u00e0 acquis une premi\u00e8re exp\u00e9rience &#8211; toutes les personnes int\u00e9ress\u00e9es sont les bienvenues.<\/span><span data-ccp-props=\"{&quot;201341983&quot;:0,&quot;335559739&quot;:0,&quot;335559740&quot;:240}\">\u00a0<\/span><\/p>\n<p><span data-contrast=\"auto\">Le jeudi \u00e0 partir de 18 heures au sous-sol de la mairie de Leopoldshafen &#8211; Leopoldstra\u00dfe 40.<\/span><span data-ccp-props=\"{&quot;201341983&quot;:0,&quot;335559739&quot;:0,&quot;335559740&quot;:240}\">\u00a0<\/span><\/p>\n<p><span data-contrast=\"auto\">Tu trouveras des informations et l&rsquo;inscription directement sur www.sf-eggleo.de jugendwart@sf-eggleo.de<\/span><span data-ccp-props=\"{&quot;201341983&quot;:0,&quot;335559739&quot;:0,&quot;335559740&quot;:240}\">\u00a0<\/span><\/p>\n<p><img loading=\"lazy\" decoding=\"async\" class=\"alignnone size-medium wp-image-13573\" src=\"https:\/\/www.esk-eltern.de\/wp-content\/uploads\/2025\/07\/Flyer_SFEggLeo-475x329.jpg\" alt=\"\" width=\"475\" height=\"329\" srcset=\"https:\/\/www.esk-eltern.de\/wp-content\/uploads\/2025\/07\/Flyer_SFEggLeo-475x329.jpg 475w, https:\/\/www.esk-eltern.de\/wp-content\/uploads\/2025\/07\/Flyer_SFEggLeo-636x440.jpg 636w, https:\/\/www.esk-eltern.de\/wp-content\/uploads\/2025\/07\/Flyer_SFEggLeo-768x532.jpg 768w, https:\/\/www.esk-eltern.de\/wp-content\/uploads\/2025\/07\/Flyer_SFEggLeo-600x415.jpg 600w, https:\/\/www.esk-eltern.de\/wp-content\/uploads\/2025\/07\/Flyer_SFEggLeo.jpg 780w\" sizes=\"auto, (max-width: 475px) 100vw, 475px\" \/><\/p>\n","protected":false},"excerpt":{"rendered":"<p>&#8212; cours externe &#8212;<\/p>\n<p><span class=\"TextRun SCXW88875827 BCX4\" lang=\"FR-FR\" xml:lang=\"FR-FR\" data-contrast=\"auto\"><span class=\"NormalTextRun SCXW88875827 BCX4\">Viens nous rejoindre pour apprendre \u00e0 jouer aux \u00e9checs ! <\/span><\/span><span class=\"EOP SCXW88875827 BCX4\" data-ccp-props=\"{&quot;201341983&quot;:0,&quot;335559739&quot;:0,&quot;335559740&quot;:240}\">\u00a0<\/span><\/p>\n","protected":false},"featured_media":13578,"template":"","meta":{"inline_featured_image":false},"product_brand":[],"product_cat":[676,563],"product_tag":[],"class_list":{"0":"post-13569","1":"product","2":"type-product","3":"status-publish","4":"has-post-thumbnail","6":"product_cat-echecs","7":"product_cat-aa-fr","8":"pa_weekday-jeudi","10":"first","11":"instock","12":"product-type-external"},"_links":{"self":[{"href":"https:\/\/www.esk-eltern.de\/fr\/wp-json\/wp\/v2\/product\/13569","targetHints":{"allow":["GET"]}}],"collection":[{"href":"https:\/\/www.esk-eltern.de\/fr\/wp-json\/wp\/v2\/product"}],"about":[{"href":"https:\/\/www.esk-eltern.de\/fr\/wp-json\/wp\/v2\/types\/product"}],"wp:featuredmedia":[{"embeddable":true,"href":"https:\/\/www.esk-eltern.de\/fr\/wp-json\/wp\/v2\/media\/13578"}],"wp:attachment":[{"href":"https:\/\/www.esk-eltern.de\/fr\/wp-json\/wp\/v2\/media?parent=13569"}],"wp:term":[{"taxonomy":"product_brand","embeddable":true,"href":"https:\/\/www.esk-eltern.de\/fr\/wp-json\/wp\/v2\/product_brand?post=13569"},{"taxonomy":"product_cat","embeddable":true,"href":"https:\/\/www.esk-eltern.de\/fr\/wp-json\/wp\/v2\/product_cat?post=13569"},{"taxonomy":"product_tag","embeddable":true,"href":"https:\/\/www.esk-eltern.de\/fr\/wp-json\/wp\/v2\/product_tag?post=13569"}],"curies":[{"name":"wp","href":"https:\/\/api.w.org\/{rel}","templated":true}]}}