{"id":13554,"date":"2025-07-28T08:31:27","date_gmt":"2025-07-28T06:31:27","guid":{"rendered":"https:\/\/www.esk-eltern.de\/?post_type=product&#038;p=13554"},"modified":"2026-03-18T09:34:46","modified_gmt":"2026-03-18T08:34:46","slug":"zkm","status":"publish","type":"product","link":"https:\/\/www.esk-eltern.de\/fr\/produit\/zkm\/","title":{"rendered":"ZKM &#8211; Media, Art, Technology"},"content":{"rendered":"<p><strong>Vendredi, 14h-16h30\u00a0\u00a0<\/strong><\/p>\n<p><span data-contrast=\"auto\">Lieu : dans le mus\u00e9e ZKM, les \u00e9tudiants doivent se rendre au mus\u00e9e de mani\u00e8re autonome.\u00a0\u00a0<\/span><span data-ccp-props=\"{&quot;201341983&quot;:0,&quot;335559739&quot;:0,&quot;335559740&quot;:240}\">\u00a0<\/span><\/p>\n<p>\u00c2ge GS 5 \u00e0 OS 3<\/p>\n<p>15 participants maximum (9 participants minimum)<\/p>\n<p>Langue : allemand\/anglais<\/p>\n<p>Prix : 100,00 euros<\/p>\n<p><strong>Adh\u00e9sion \u00e0 l&rsquo;EVAA obligatoire !<\/strong><\/p>\n<p><strong>Inscription aupr\u00e8s d&rsquo;Ulrich Steinberg, workshops@zkm.de<\/strong><\/p>\n<p><span data-contrast=\"auto\">Paiement avant la premi\u00e8re date, sur place (en esp\u00e8ces ou par carte) directement dans le foyer du mus\u00e9e ZKM.<\/span><span data-ccp-props=\"{&quot;201341983&quot;:0,&quot;335559739&quot;:0,&quot;335559740&quot;:240}\">\u00a0<\/span><\/p>\n<p><strong>La participation au premier semestre du cours ZKM 2025\/26 n\u2019est pas requise.<\/strong><\/p>\n<p>20\/03\/2026 Construisez votre propre robot, avec Cornelius Klas<br \/>\n24\/04\/2026 Exp\u00e9rimentez avec un v\u00e9ritable robot KUKA !, avec Martina Haitz<br \/>\n22\/05\/2026 Programmation avec Lego Mindstorms, avec Carmen Beckenbach<br \/>\n12\/06\/2026 Programmation : Calliope et Sonic Pi, avec Michael Vierling<\/p>\n<p><strong>Codage : Calliope et Sonic Pi\u00a0<\/strong><br \/>\nPour contr\u00f4ler des robots, nous devons savoir programmer ! Dans cet atelier, nous vous proposons une initiation au codage : la carte d&rsquo;exp\u00e9rimentation Calliope mini vous permet d&rsquo;explorer de mani\u00e8re ludique les connaissances technologiques et la pratique informatique. Les plus avanc\u00e9s peuvent se plonger dans le codage en direct et produire de la musique avec le logiciel gratuit Sonic Pi.<\/p>\n<p><strong>Exp\u00e9rimentez avec un vrai robot KUKA !\u00a0<\/strong><br \/>\nAujourd&rsquo;hui, nous travaillons avec un v\u00e9ritable robot industriel. Martina, du groupe d&rsquo;artistes robotlab (https:\/\/www.robotlab.de\/), vous emm\u00e8ne dans les coulisses et vous montre comment elle apprend \u00e0 ses robots \u00e0 dessiner des images ou \u00e0 \u00e9crire des textes.<\/p>\n<p><strong>Programmer avec Lego Minstorms\u00a0<\/strong><br \/>\nComment programme-t-on les robots, comment peuvent-ils percevoir leur environnement ou y r\u00e9agir ? Nous nous familiarisons avec la programmation des robots gr\u00e2ce au logiciel Lego Mindstorms. Nous disposons pour cela d&rsquo;une multitude de capteurs et de composants afin d&rsquo;\u00ab apprendre \u00bb aux petites machines \u00e0 peindre ou \u00e0 danser, par exemple.<\/p>\n<p><strong>Construis ton propre robot\u00a0<\/strong><br \/>\nDans cet atelier, tu construiras ton propre petit robot : tu r\u00e9fl\u00e9chiras aux possibilit\u00e9s de mouvement, tu construiras la m\u00e9canique et tu cr\u00e9eras un corps cr\u00e9atif pour ta machine \u00e0 partir de mat\u00e9riaux tr\u00e8s vari\u00e9s. Nous souderons, collerons, peindrons&#8230; et \u00e0 la fin, tu pourras emporter ton invention chez toi !<\/p>\n<p>&nbsp;<\/p>\n<p><img loading=\"lazy\" decoding=\"async\" class=\"alignnone size-medium wp-image-15343\" src=\"https:\/\/www.esk-eltern.de\/wp-content\/uploads\/2025\/07\/robotlab_thebigpicture_2014-498x329.jpg\" alt=\"\" width=\"498\" height=\"329\" srcset=\"https:\/\/www.esk-eltern.de\/wp-content\/uploads\/2025\/07\/robotlab_thebigpicture_2014-498x329.jpg 498w, https:\/\/www.esk-eltern.de\/wp-content\/uploads\/2025\/07\/robotlab_thebigpicture_2014-666x440.jpg 666w, https:\/\/www.esk-eltern.de\/wp-content\/uploads\/2025\/07\/robotlab_thebigpicture_2014-768x507.jpg 768w, https:\/\/www.esk-eltern.de\/wp-content\/uploads\/2025\/07\/robotlab_thebigpicture_2014-600x396.jpg 600w, https:\/\/www.esk-eltern.de\/wp-content\/uploads\/2025\/07\/robotlab_thebigpicture_2014.jpg 1232w\" sizes=\"auto, (max-width: 498px) 100vw, 498px\" \/><\/p>\n<p><span data-olk-copy-source=\"MessageBody\">Credits: \u00a9 Robotlab<\/span><\/p>\n","protected":false},"excerpt":{"rendered":"<p><span class=\"NormalTextRun SCXW247366988 BCX4\">ZKM &#8211; Media, Art, Technology &#8211; Le <\/span><span class=\"NormalTextRun SpellingErrorV2Themed SCXW247366988 BCX4\">cours<\/span><span class=\"NormalTextRun SCXW247366988 BCX4\"> de <\/span><span class=\"NormalTextRun SpellingErrorV2Themed SCXW247366988 BCX4\">l&rsquo;apr\u00e8s<\/span><span class=\"NormalTextRun SCXW247366988 BCX4\">-midi<\/span><\/p>\n<p><span class=\"TextRun SCXW155573967 BCX4\" lang=\"EN-GB\" xml:lang=\"EN-GB\" data-contrast=\"auto\"><span class=\"NormalTextRun SCXW155573967 BCX4\">Inscriptions <\/span><span class=\"NormalTextRun SpellingErrorV2Themed SpellingErrorHighlight SCXW155573967 BCX4\">aupr\u00e8s<\/span><span class=\"NormalTextRun SCXW155573967 BCX4\"> de Ulrich Steinberg, <a href=\"workshops@zkm.de\">workshops@zkm.de<\/a>\u00a0<\/span><\/span><span class=\"EOP SCXW155573967 BCX4\" data-ccp-props=\"{&quot;201341983&quot;:0,&quot;335559739&quot;:0,&quot;335559740&quot;:240}\">\u00a0<\/span><\/p>\n","protected":false},"featured_media":13557,"template":"","meta":{"inline_featured_image":false},"product_brand":[],"product_cat":[661,665,563],"product_tag":[],"class_list":{"0":"post-13554","1":"product","2":"type-product","3":"status-publish","4":"has-post-thumbnail","6":"product_cat-informatique","7":"product_cat-art-fr","8":"product_cat-aa-fr","9":"pa_weekday-vendredi","11":"first","12":"instock","13":"shipping-taxable","14":"product-type-external"},"_links":{"self":[{"href":"https:\/\/www.esk-eltern.de\/fr\/wp-json\/wp\/v2\/product\/13554","targetHints":{"allow":["GET"]}}],"collection":[{"href":"https:\/\/www.esk-eltern.de\/fr\/wp-json\/wp\/v2\/product"}],"about":[{"href":"https:\/\/www.esk-eltern.de\/fr\/wp-json\/wp\/v2\/types\/product"}],"wp:featuredmedia":[{"embeddable":true,"href":"https:\/\/www.esk-eltern.de\/fr\/wp-json\/wp\/v2\/media\/13557"}],"wp:attachment":[{"href":"https:\/\/www.esk-eltern.de\/fr\/wp-json\/wp\/v2\/media?parent=13554"}],"wp:term":[{"taxonomy":"product_brand","embeddable":true,"href":"https:\/\/www.esk-eltern.de\/fr\/wp-json\/wp\/v2\/product_brand?post=13554"},{"taxonomy":"product_cat","embeddable":true,"href":"https:\/\/www.esk-eltern.de\/fr\/wp-json\/wp\/v2\/product_cat?post=13554"},{"taxonomy":"product_tag","embeddable":true,"href":"https:\/\/www.esk-eltern.de\/fr\/wp-json\/wp\/v2\/product_tag?post=13554"}],"curies":[{"name":"wp","href":"https:\/\/api.w.org\/{rel}","templated":true}]}}