{"id":12233,"date":"2024-09-09T10:20:02","date_gmt":"2024-09-16T06:43:38","guid":{"rendered":"https:\/\/www.esk-eltern.de\/?post_type=product&#038;p=12233"},"modified":"2025-07-18T15:51:56","modified_gmt":"2025-07-18T13:51:56","slug":"resilience","status":"publish","type":"product","link":"https:\/\/www.esk-eltern.de\/fr\/produit\/resilience\/","title":{"rendered":"R\u00e9silience"},"content":{"rendered":"<p><b><span data-contrast=\"auto\">Cours d&rsquo;affirmation de soi et de pleine conscience pour enfants\u00a0<\/span><\/b><span data-ccp-props=\"{&quot;201341983&quot;:0,&quot;335559739&quot;:0,&quot;335559740&quot;:240}\">\u00a0<\/span><\/p>\n<p><span data-contrast=\"auto\">Tu es le super-h\u00e9ros et la super-h\u00e9ro\u00efne de ta vie !\u00a0<\/span><span data-ccp-props=\"{&quot;201341983&quot;:0,&quot;335559739&quot;:0,&quot;335559740&quot;:240}\">\u00a0<\/span><\/p>\n<p><span data-ccp-props=\"{&quot;201341983&quot;:0,&quot;335559739&quot;:0,&quot;335559740&quot;:240}\">\u00a0<\/span><span data-contrast=\"auto\">Vous souhaitez que votre enfant soit s\u00fbr de lui dans la vie et qu&rsquo;il tienne bon dans toutes les situations ? Vous souhaitez que votre enfant apprenne \u00e0 trouver le calme dans le quotidien tr\u00e9pidant de l&rsquo;\u00e9cole et de la famille ? C&rsquo;est exactement ce que propose mon cours d&rsquo;affirmation de soi et de pleine conscience pour enfants !\u00a0<\/span><span data-ccp-props=\"{&quot;201341983&quot;:0,&quot;335559739&quot;:0,&quot;335559740&quot;:240}\">\u00a0<\/span><\/p>\n<p><span data-contrast=\"auto\">Dans un environnement s\u00fbr et soutenant, les enfants apprennent :\u00a0<\/span><span data-ccp-props=\"{&quot;201341983&quot;:0,&quot;335559739&quot;:0,&quot;335559740&quot;:240}\">\u00a0<\/span><\/p>\n<p><b><span data-contrast=\"auto\">Renforcer la confiance en soi<\/span><\/b><span data-contrast=\"auto\"> : Gr\u00e2ce \u00e0 des exercices ludiques et \u00e0 un renforcement positif, j&rsquo;aide les enfants \u00e0 d\u00e9velopper une forte estime de soi.\u00a0<\/span><span data-ccp-props=\"{&quot;201341983&quot;:0,&quot;335559739&quot;:0,&quot;335559740&quot;:240}\">\u00a0<\/span><\/p>\n<p><b><span data-contrast=\"auto\">Ma\u00eetriser les conflits<\/span><\/b><span data-contrast=\"auto\"> : Votre enfant apprend \u00e0 r\u00e9soudre les conflits de mani\u00e8re pacifique et s\u00fbre de lui.\u00a0<\/span><span data-ccp-props=\"{&quot;201341983&quot;:0,&quot;335559739&quot;:0,&quot;335559740&quot;:240}\">\u00a0<\/span><\/p>\n<p><b><span data-contrast=\"auto\">Comprendre et r\u00e9guler les \u00e9motions<\/span><\/b><span data-contrast=\"auto\"> : Je montre aux enfants comment reconna\u00eetre leurs \u00e9motions et les exprimer de mani\u00e8re appropri\u00e9e.\u00a0<\/span><span data-ccp-props=\"{&quot;201341983&quot;:0,&quot;335559739&quot;:0,&quot;335559740&quot;:240}\">\u00a0<\/span><\/p>\n<p><b><span data-contrast=\"auto\">Pratiquer la pleine conscience<\/span><\/b><span data-contrast=\"auto\"> : Gr\u00e2ce \u00e0 des exercices de pleine conscience simples et adapt\u00e9s aux enfants, nous favorisons la concentration et le calme int\u00e9rieur.<\/span><span data-ccp-props=\"{&quot;201341983&quot;:0,&quot;335559739&quot;:0,&quot;335559740&quot;:240}\">\u00a0<\/span><\/p>\n<p><span data-contrast=\"auto\">Pourquoi ce cours est-il important ?\u00a0\u00a0\u00a0<\/span><span data-ccp-props=\"{&quot;201341983&quot;:0,&quot;335559739&quot;:0,&quot;335559740&quot;:240}\">\u00a0<\/span><\/p>\n<p><span data-contrast=\"auto\">Dans notre monde tr\u00e9pidant, il est essentiel que les enfants apprennent d\u00e8s leur plus jeune \u00e2ge \u00e0 s&rsquo;affirmer et \u00e0 \u00eatre attentifs \u00e0 eux-m\u00eames et \u00e0 leur environnement. Ces comp\u00e9tences sont importantes pour la vie quotidienne \u00e0 l&rsquo;\u00e9cole et avec les amis et renforcent le bien-\u00eatre \u00e9motionnel, la sant\u00e9 physique et les comp\u00e9tences sociales \u00e0 long terme.\u00a0<\/span><span data-ccp-props=\"{&quot;201341983&quot;:0,&quot;335559739&quot;:0,&quot;335559740&quot;:240}\">\u00a0<\/span><\/p>\n<p><span data-contrast=\"auto\">Je suis Maike, m\u00e8re d&rsquo;une fille de 6 ans, formatrice qualifi\u00e9e en affirmation de soi et en r\u00e9silience, et formatrice en pleine conscience et en relaxation pour les enfants. Mon c\u0153ur bat pour le bien-\u00eatre de nos enfants et j&rsquo;ai tr\u00e8s envie de les aider \u00e0 traverser la vie en ayant confiance en eux, en \u00e9tant pr\u00eats \u00e0 relever les d\u00e9fis qui se pr\u00e9senteront \u00e0 eux et en sachant pour quoi leur c\u0153ur bat et o\u00f9 se trouvent leurs forces.\u00a0\u00a0\u00a0<\/span><span data-ccp-props=\"{&quot;201341983&quot;:0,&quot;335559739&quot;:0,&quot;335559740&quot;:240}\">\u00a0<\/span><\/p>\n<p><span data-contrast=\"auto\">Pour en savoir plus sur mon travail, consultez le site <\/span><a href=\"http:\/\/www.maike-wurzelstark.de\/\"><span data-contrast=\"none\">www.maike-wurzelstark.de<\/span><\/a><span data-contrast=\"auto\">.<\/span><span data-ccp-props=\"{&quot;201341983&quot;:0,&quot;335559739&quot;:0,&quot;335559740&quot;:240}\">\u00a0<\/span><\/p>\n<p><img loading=\"lazy\" decoding=\"async\" class=\"alignnone size-medium wp-image-12070\" src=\"https:\/\/www.esk-eltern.de\/wp-content\/uploads\/2024\/09\/Resiliance_flyer-310x329.jpg\" alt=\"\" width=\"310\" height=\"329\" srcset=\"https:\/\/www.esk-eltern.de\/wp-content\/uploads\/2024\/09\/Resiliance_flyer-310x329.jpg 310w, https:\/\/www.esk-eltern.de\/wp-content\/uploads\/2024\/09\/Resiliance_flyer-415x440.jpg 415w, https:\/\/www.esk-eltern.de\/wp-content\/uploads\/2024\/09\/Resiliance_flyer.jpg 566w\" sizes=\"auto, (max-width: 310px) 100vw, 310px\" \/><img loading=\"lazy\" decoding=\"async\" class=\"alignnone size-medium wp-image-12075\" src=\"https:\/\/www.esk-eltern.de\/wp-content\/uploads\/2024\/09\/Resiliance_flyer2-310x329.jpg\" alt=\"\" width=\"310\" height=\"329\" srcset=\"https:\/\/www.esk-eltern.de\/wp-content\/uploads\/2024\/09\/Resiliance_flyer2-310x329.jpg 310w, https:\/\/www.esk-eltern.de\/wp-content\/uploads\/2024\/09\/Resiliance_flyer2-415x440.jpg 415w, https:\/\/www.esk-eltern.de\/wp-content\/uploads\/2024\/09\/Resiliance_flyer2.jpg 566w\" sizes=\"auto, (max-width: 310px) 100vw, 310px\" \/><\/p>\n","protected":false},"excerpt":{"rendered":"<p><b><span data-contrast=\"auto\"><span class=\"NormalTextRun SpellingErrorV2Themed SCXW140505873 BCX4\" data-ccp-parastyle=\"No Spacing\">cours<\/span><span class=\"NormalTextRun SCXW140505873 BCX4\" data-ccp-parastyle=\"No Spacing\"> externe<\/span><\/span><\/b><\/p>\n<p><b><span data-contrast=\"auto\">Veuillez contacter directement Maike si vous \u00eates int\u00e9ress\u00e9 par ses cours www.maike-wurzelstark.de. &#8211; Cours d&rsquo;affirmation de soi et de pleine conscience pour enfants <\/span><\/b><span data-ccp-props=\"{&quot;201341983&quot;:0,&quot;335559739&quot;:0,&quot;335559740&quot;:240}\">\u00a0<\/span><\/p>\n<p>&nbsp;<\/p>\n","protected":false},"featured_media":12080,"template":"","meta":{"inline_featured_image":false},"product_brand":[],"product_cat":[577,563],"product_tag":[],"class_list":{"0":"post-12233","1":"product","2":"type-product","3":"status-publish","4":"has-post-thumbnail","6":"product_cat-sport-fr","7":"product_cat-aa-fr","9":"first","10":"instock","11":"product-type-external"},"_links":{"self":[{"href":"https:\/\/www.esk-eltern.de\/fr\/wp-json\/wp\/v2\/product\/12233","targetHints":{"allow":["GET"]}}],"collection":[{"href":"https:\/\/www.esk-eltern.de\/fr\/wp-json\/wp\/v2\/product"}],"about":[{"href":"https:\/\/www.esk-eltern.de\/fr\/wp-json\/wp\/v2\/types\/product"}],"wp:featuredmedia":[{"embeddable":true,"href":"https:\/\/www.esk-eltern.de\/fr\/wp-json\/wp\/v2\/media\/12080"}],"wp:attachment":[{"href":"https:\/\/www.esk-eltern.de\/fr\/wp-json\/wp\/v2\/media?parent=12233"}],"wp:term":[{"taxonomy":"product_brand","embeddable":true,"href":"https:\/\/www.esk-eltern.de\/fr\/wp-json\/wp\/v2\/product_brand?post=12233"},{"taxonomy":"product_cat","embeddable":true,"href":"https:\/\/www.esk-eltern.de\/fr\/wp-json\/wp\/v2\/product_cat?post=12233"},{"taxonomy":"product_tag","embeddable":true,"href":"https:\/\/www.esk-eltern.de\/fr\/wp-json\/wp\/v2\/product_tag?post=12233"}],"curies":[{"name":"wp","href":"https:\/\/api.w.org\/{rel}","templated":true}]}}