{"id":11892,"date":"2024-09-05T11:39:04","date_gmt":"2024-09-05T09:39:05","guid":{"rendered":"https:\/\/www.esk-eltern.de\/?post_type=product&#038;p=11892"},"modified":"2025-08-27T15:36:25","modified_gmt":"2025-08-27T13:36:25","slug":"ballet-2-kopie","status":"publish","type":"product","link":"https:\/\/www.esk-eltern.de\/fr\/produit\/ballet-2-kopie\/","title":{"rendered":"Ballet 3"},"content":{"rendered":"<p><span data-contrast=\"auto\">Le cours a lieu le vendredi \u00e0 partir de <\/span><span data-contrast=\"auto\">15:05-16:20<\/span><span data-ccp-props=\"{&quot;201341983&quot;:0,&quot;335559739&quot;:0,&quot;335559740&quot;:240}\">\u00a0<\/span><\/p>\n<p><span data-contrast=\"auto\">Informations et inscription directement aupr\u00e8s de Mme Boiral \u00e0 <\/span><a href=\"mailto:info@balletschule-db.de\"><span data-contrast=\"none\">info@balletschule-db.de<\/span><\/a><span data-ccp-props=\"{&quot;201341983&quot;:0,&quot;335559739&quot;:0,&quot;335559740&quot;:240}\">\u00a0<\/span><\/p>\n<p><span data-contrast=\"auto\">Merci d&rsquo;informer les professeurs de la classe ou le MoMi que votre enfant participe \u00e0 ce cours !<\/span><span data-ccp-props=\"{&quot;201341983&quot;:0,&quot;335559739&quot;:0,&quot;335559740&quot;:240}\">\u00a0<\/span><\/p>\n<p><span data-contrast=\"auto\">Veuillez acheter une adh\u00e9sion \u00e0 l&rsquo;association des parents pour ce cours.<\/span><span data-ccp-props=\"{&quot;201341983&quot;:0,&quot;335559739&quot;:0,&quot;335559740&quot;:240}\">\u00a0<\/span><\/p>\n<p><span data-contrast=\"auto\">\u00c9cole de danse Delphine Boiral<\/span><span data-ccp-props=\"{&quot;201341983&quot;:0,&quot;335559739&quot;:0,&quot;335559740&quot;:240}\">\u00a0<\/span><\/p>\n<p><span data-contrast=\"auto\">Les \u00e9tudiants d&rsquo;aujourd&rsquo;hui sont les stars de demain. La beaut\u00e9 n&rsquo;est pas facile. La pr\u00e9cision ne peut pas \u00eatre obtenue rapidement. \u00c0 l&rsquo;\u00e9cole, nous renfor\u00e7ons non seulement les jambes et les bras, mais aussi l&rsquo;esprit de nos \u00e9l\u00e8ves, et dans les cours de ballet, ils apprennent \u00e9galement la r\u00e9compense d&rsquo;un travail r\u00e9gulier et acharn\u00e9.<\/span><span data-ccp-props=\"{&quot;201341983&quot;:0,&quot;335559739&quot;:0,&quot;335559740&quot;:240}\">\u00a0<\/span><\/p>\n<p><span data-contrast=\"auto\">Je propose \u00e0 :<\/span><span data-ccp-props=\"{&quot;201341983&quot;:0,&quot;335559739&quot;:0,&quot;335559740&quot;:240}\">\u00a0<\/span><\/p>\n<ul>\n<li><span data-contrast=\"auto\"> L&rsquo;occasion pour tous les enfants de six ans et plus de d\u00e9couvrir par eux-m\u00eames le ballet.<\/span><\/li>\n<li><span data-contrast=\"auto\"> Formation \u00e0 la technique du ballet classique selon l&rsquo;\u00e9cole fran\u00e7aise jusqu&rsquo;\u00e0 un bon niveau amateur et transmission des connaissances culturelles g\u00e9n\u00e9rales du ballet.<\/span><\/li>\n<li><span data-contrast=\"auto\"> Promouvoir la confiance en soi et la confiance en soi.<\/span><\/li>\n<\/ul>\n<p><span data-contrast=\"auto\">\u00a0\u00a0\u00a0<\/span><span data-ccp-props=\"{&quot;201341983&quot;:0,&quot;335559739&quot;:0,&quot;335559740&quot;:240}\">\u00a0<\/span><\/p>\n<p><span data-contrast=\"auto\">Les cours de ballet 4-5 permettent de d\u00e9velopper le travail \u00e0 la barre et d&rsquo;apprendre les premiers pas de ballet au milieu. Les jeux deviennent des exceptions et, en fonction des progr\u00e8s des chor\u00e9graphies sont \u00e9tudi\u00e9es.<\/span><span data-ccp-props=\"{&quot;201341983&quot;:0,&quot;335559739&quot;:0,&quot;335559740&quot;:240}\">\u00a0<\/span><\/p>\n<p><span data-contrast=\"auto\">Sur moi:<\/span><span data-ccp-props=\"{&quot;201341983&quot;:0,&quot;335559739&quot;:0,&quot;335559740&quot;:240}\">\u00a0<\/span><\/p>\n<p><span data-contrast=\"auto\">Je suis n\u00e9e en France et j&rsquo;ai \u00e9tudi\u00e9 le ballet au conservatoire de Besan\u00e7on. A partir de 1993 j&rsquo;ai dans\u00e9 \u00e0 Paris, Cannes et Troyes. \u00c0 partir de 1995, j&rsquo;ai travaill\u00e9 au Pfalztheater de Kaiserslautern, puis \u00e0 l&rsquo;Euregio Tanz Forum (Pays-Bas) et au Tiroler Landestheater d&rsquo;Innsbruck.<\/span><span data-ccp-props=\"{&quot;201341983&quot;:0,&quot;335559739&quot;:0,&quot;335559740&quot;:240}\">\u00a0<\/span><\/p>\n<p><span data-contrast=\"auto\">Depuis 2000, j&rsquo;enseigne le ballet dans diverses \u00e9coles du Bade-Wurtemberg. En 2002, j&rsquo;ai ouvert ma propre \u00e9cole de ballet \u00e0 NEUEREN, puis \u00e0 Karlsruhe. J&rsquo;enseigne le ballet \u00e0 l&rsquo;Ecole europ\u00e9enne de Karlsruhe depuis 2009 et je suis professeur de ballet \u00e0 l&rsquo;Ecole des arts de Wissembourg (France) depuis 2013.<\/span><span data-ccp-props=\"{&quot;201341983&quot;:0,&quot;335559739&quot;:0,&quot;335559740&quot;:240}\">\u00a0<\/span><\/p>\n","protected":false},"excerpt":{"rendered":"<p>&#8212; cours externe &#8212; <\/p>\n<p>Ballet classique, Ecole fran\u00e7aise : les bases du ballet et autres techniques de danse (avec connaissances pr\u00e9alables) <\/p>\n","protected":false},"featured_media":11889,"template":"","meta":{"inline_featured_image":false},"product_brand":[],"product_cat":[577,563],"product_tag":[],"class_list":{"0":"post-11892","1":"product","2":"type-product","3":"status-publish","4":"has-post-thumbnail","6":"product_cat-sport-fr","7":"product_cat-aa-fr","8":"pa_class-os-fr","9":"pa_class-p5-fr","10":"pa_instructor-mme-delphine-boiral","11":"pa_weekday-vendredi","13":"first","14":"instock","15":"shipping-taxable","16":"product-type-external"},"_links":{"self":[{"href":"https:\/\/www.esk-eltern.de\/fr\/wp-json\/wp\/v2\/product\/11892","targetHints":{"allow":["GET"]}}],"collection":[{"href":"https:\/\/www.esk-eltern.de\/fr\/wp-json\/wp\/v2\/product"}],"about":[{"href":"https:\/\/www.esk-eltern.de\/fr\/wp-json\/wp\/v2\/types\/product"}],"wp:featuredmedia":[{"embeddable":true,"href":"https:\/\/www.esk-eltern.de\/fr\/wp-json\/wp\/v2\/media\/11889"}],"wp:attachment":[{"href":"https:\/\/www.esk-eltern.de\/fr\/wp-json\/wp\/v2\/media?parent=11892"}],"wp:term":[{"taxonomy":"product_brand","embeddable":true,"href":"https:\/\/www.esk-eltern.de\/fr\/wp-json\/wp\/v2\/product_brand?post=11892"},{"taxonomy":"product_cat","embeddable":true,"href":"https:\/\/www.esk-eltern.de\/fr\/wp-json\/wp\/v2\/product_cat?post=11892"},{"taxonomy":"product_tag","embeddable":true,"href":"https:\/\/www.esk-eltern.de\/fr\/wp-json\/wp\/v2\/product_tag?post=11892"}],"curies":[{"name":"wp","href":"https:\/\/api.w.org\/{rel}","templated":true}]}}