{"id":11173,"date":"2024-02-05T23:06:53","date_gmt":"2024-02-05T22:06:53","guid":{"rendered":"https:\/\/www.esk-eltern.de\/produkt\/casquette-de-baseball-avec-logo-pyramide\/"},"modified":"2024-02-05T23:06:53","modified_gmt":"2024-02-05T22:06:53","slug":"casquette-de-baseball-avec-logo-pyramide","status":"publish","type":"product","link":"https:\/\/www.esk-eltern.de\/fr\/produit\/casquette-de-baseball-avec-logo-pyramide\/","title":{"rendered":"Casquette de baseball avec logo \u00ab\u00a0Pyramide\u00a0\u00bb"},"content":{"rendered":"<p>Vous serez contact\u00e9(e) pour la remise de la commande.<br \/>\nVeuillez nous laisser quelques jours pour pr\u00e9parer et indiquer la date de remise.<\/p>\n<p>La marchandise ne sera pas envoy\u00e9e et sera remise exclusivement \u00e0 l\u2019\u00e9cole.<\/p>\n<p>Votre \u00e9quipe Euroboutique<\/p>\n","protected":false},"excerpt":{"rendered":"<p>Vous serez contact\u00e9(e) pour la remise de la commande. Veuillez nous laisser quelques jours pour pr\u00e9parer et indiquer la date de remise. La marchandise ne sera pas envoy\u00e9e et sera remise exclusivement \u00e0 l\u2019\u00e9cole. Votre \u00e9quipe Euroboutique<\/p>\n","protected":false},"featured_media":8575,"template":"","meta":{"inline_featured_image":false},"product_brand":[],"product_cat":[579],"product_tag":[],"class_list":{"0":"post-11173","1":"product","2":"type-product","3":"status-publish","4":"has-post-thumbnail","6":"product_cat-euroboutique-fr","8":"first","9":"outofstock","10":"shipping-taxable","11":"purchasable","12":"product-type-variable"},"_links":{"self":[{"href":"https:\/\/www.esk-eltern.de\/fr\/wp-json\/wp\/v2\/product\/11173","targetHints":{"allow":["GET"]}}],"collection":[{"href":"https:\/\/www.esk-eltern.de\/fr\/wp-json\/wp\/v2\/product"}],"about":[{"href":"https:\/\/www.esk-eltern.de\/fr\/wp-json\/wp\/v2\/types\/product"}],"wp:featuredmedia":[{"embeddable":true,"href":"https:\/\/www.esk-eltern.de\/fr\/wp-json\/wp\/v2\/media\/8575"}],"wp:attachment":[{"href":"https:\/\/www.esk-eltern.de\/fr\/wp-json\/wp\/v2\/media?parent=11173"}],"wp:term":[{"taxonomy":"product_brand","embeddable":true,"href":"https:\/\/www.esk-eltern.de\/fr\/wp-json\/wp\/v2\/product_brand?post=11173"},{"taxonomy":"product_cat","embeddable":true,"href":"https:\/\/www.esk-eltern.de\/fr\/wp-json\/wp\/v2\/product_cat?post=11173"},{"taxonomy":"product_tag","embeddable":true,"href":"https:\/\/www.esk-eltern.de\/fr\/wp-json\/wp\/v2\/product_tag?post=11173"}],"curies":[{"name":"wp","href":"https:\/\/api.w.org\/{rel}","templated":true}]}}