{"id":10865,"date":"2024-01-17T22:04:13","date_gmt":"2024-01-17T21:04:13","guid":{"rendered":"https:\/\/www.esk-eltern.de\/produkt\/brazilian-jiu-jitsu-bjj\/"},"modified":"2025-08-27T09:18:56","modified_gmt":"2025-08-27T07:18:56","slug":"brazilian-jiu-jitsu","status":"publish","type":"product","link":"https:\/\/www.esk-eltern.de\/fr\/produit\/brazilian-jiu-jitsu\/","title":{"rendered":"Brazilian Jiu-Jitsu (BJJ)"},"content":{"rendered":"<p><span data-contrast=\"auto\"><strong>Jiu-Jitsu br\u00e9silien (BJJ)\u00a0<\/strong>\u00a0<\/span><span data-ccp-props=\"{&quot;201341983&quot;:0,&quot;335559739&quot;:0,&quot;335559740&quot;:240}\">\u00a0<\/span><\/p>\n<p><span data-contrast=\"auto\">Un art martial br\u00e9silien pour les enfants de tous \u00e2ges\u00a0\u00a0<\/span><span data-ccp-props=\"{&quot;201341983&quot;:0,&quot;335559739&quot;:0,&quot;335559740&quot;:240}\">\u00a0<\/span><\/p>\n<p><span data-contrast=\"auto\">Le Jiu Jitsu br\u00e9silien ou BJJ est une variante de l&rsquo;art martial japonais Jiu Jitsu. L&rsquo;accent est mis sur le combat au sol, mais les techniques de projection \u00e0 partir d&rsquo;une position debout sont \u00e9galement utilis\u00e9es dans le BJJ.\u00a0 Dans ce sport, il est particuli\u00e8rement important d&rsquo;entrer sur le tapis avec respect et attention mutuelle.\u00a0\u00a0\u00a0\u00a0<\/span><span data-ccp-props=\"{&quot;201341983&quot;:0,&quot;335559739&quot;:0,&quot;335559740&quot;:240}\">\u00a0<\/span><\/p>\n<p><span data-contrast=\"auto\">Lors d&rsquo;une s\u00e9ance d&rsquo;entra\u00eenement, nous commen\u00e7ons par nous \u00e9chauffer, puis nous expliquons deux ou trois nouvelles techniques et nous les pratiquons avec nos partenaires, avant de nous livrer \u00e0 plusieurs rounds de combat libre.\u00a0 Globalement, notre objectif est de cr\u00e9er un lieu s\u00fbr pour tous, caract\u00e9ris\u00e9 par le respect, la tol\u00e9rance, l&rsquo;\u00e9quit\u00e9 et la fiabilit\u00e9.\u00a0\u00a0<\/span><span data-ccp-props=\"{&quot;201341983&quot;:0,&quot;335559739&quot;:0,&quot;335559740&quot;:240}\">\u00a0<\/span><\/p>\n<p><span data-contrast=\"auto\">TeamXtreme Karlsruhe e.V. a \u00e9t\u00e9 fond\u00e9e en 2018 et n&rsquo;a cess\u00e9 de cro\u00eetre depuis lors sous la direction d&rsquo;Esa Muradi.\u00a0\u00a0<\/span><span data-ccp-props=\"{&quot;201341983&quot;:0,&quot;335559739&quot;:0,&quot;335559740&quot;:240}\">\u00a0<\/span><\/p>\n<p><a href=\"https:\/\/www.bjj-karlsruhe.de\/\"><span data-contrast=\"none\">www.bjj-karlsruhe.de<\/span><\/a><span data-contrast=\"auto\">\u00a0\u00a0<\/span><span data-ccp-props=\"{&quot;201341983&quot;:0,&quot;335559739&quot;:0,&quot;335559740&quot;:240}\">\u00a0<\/span><\/p>\n<p><img loading=\"lazy\" decoding=\"async\" class=\"alignnone size-medium wp-image-11915\" src=\"https:\/\/www.esk-eltern.de\/wp-content\/uploads\/2024\/01\/BJJ_IMG_5944-329x329.jpeg\" alt=\"\" width=\"329\" height=\"329\" srcset=\"https:\/\/www.esk-eltern.de\/wp-content\/uploads\/2024\/01\/BJJ_IMG_5944-329x329.jpeg 329w, https:\/\/www.esk-eltern.de\/wp-content\/uploads\/2024\/01\/BJJ_IMG_5944-440x440.jpeg 440w, https:\/\/www.esk-eltern.de\/wp-content\/uploads\/2024\/01\/BJJ_IMG_5944-768x768.jpeg 768w, https:\/\/www.esk-eltern.de\/wp-content\/uploads\/2024\/01\/BJJ_IMG_5944-1536x1536.jpeg 1536w, https:\/\/www.esk-eltern.de\/wp-content\/uploads\/2024\/01\/BJJ_IMG_5944-2048x2048.jpeg 2048w, https:\/\/www.esk-eltern.de\/wp-content\/uploads\/2024\/01\/BJJ_IMG_5944-450x450.jpeg 450w, https:\/\/www.esk-eltern.de\/wp-content\/uploads\/2024\/01\/BJJ_IMG_5944-600x600.jpeg 600w, https:\/\/www.esk-eltern.de\/wp-content\/uploads\/2024\/01\/BJJ_IMG_5944-100x100.jpeg 100w\" sizes=\"auto, (max-width: 329px) 100vw, 329px\" \/><\/p>\n","protected":false},"excerpt":{"rendered":"<p><span class=\"NormalTextRun SpellingErrorV2Themed SCXW64100907 BCX4\" data-ccp-parastyle=\"No Spacing\">cours<\/span><span class=\"NormalTextRun SCXW64100907 BCX4\" data-ccp-parastyle=\"No Spacing\"> externe \u00a0<\/span><\/p>\n<p><span class=\"NormalTextRun SCXW64100907 BCX4\" data-ccp-parastyle=\"No Spacing\">&#8211; <\/span>Un art martial br\u00e9silien pour les enfants de tous \u00e2ges &#8211; Vous pouvez contacter directement <strong>www.bjj-karlsruhe.de<\/strong> si vous \u00eates int\u00e9ress\u00e9 par leurs cours.<\/p>\n","protected":false},"featured_media":11920,"template":"","meta":{"inline_featured_image":false},"product_brand":[],"product_cat":[577,563],"product_tag":[],"class_list":{"0":"post-10865","1":"product","2":"type-product","3":"status-publish","4":"has-post-thumbnail","6":"product_cat-sport-fr","7":"product_cat-aa-fr","9":"first","10":"instock","11":"shipping-taxable","12":"product-type-external"},"_links":{"self":[{"href":"https:\/\/www.esk-eltern.de\/fr\/wp-json\/wp\/v2\/product\/10865","targetHints":{"allow":["GET"]}}],"collection":[{"href":"https:\/\/www.esk-eltern.de\/fr\/wp-json\/wp\/v2\/product"}],"about":[{"href":"https:\/\/www.esk-eltern.de\/fr\/wp-json\/wp\/v2\/types\/product"}],"wp:featuredmedia":[{"embeddable":true,"href":"https:\/\/www.esk-eltern.de\/fr\/wp-json\/wp\/v2\/media\/11920"}],"wp:attachment":[{"href":"https:\/\/www.esk-eltern.de\/fr\/wp-json\/wp\/v2\/media?parent=10865"}],"wp:term":[{"taxonomy":"product_brand","embeddable":true,"href":"https:\/\/www.esk-eltern.de\/fr\/wp-json\/wp\/v2\/product_brand?post=10865"},{"taxonomy":"product_cat","embeddable":true,"href":"https:\/\/www.esk-eltern.de\/fr\/wp-json\/wp\/v2\/product_cat?post=10865"},{"taxonomy":"product_tag","embeddable":true,"href":"https:\/\/www.esk-eltern.de\/fr\/wp-json\/wp\/v2\/product_tag?post=10865"}],"curies":[{"name":"wp","href":"https:\/\/api.w.org\/{rel}","templated":true}]}}