{"id":10813,"date":"2023-12-12T22:27:07","date_gmt":"2023-12-12T21:27:07","guid":{"rendered":"https:\/\/www.esk-eltern.de\/?post_type=product&#038;p=10813"},"modified":"2025-10-23T08:52:20","modified_gmt":"2025-10-23T06:52:20","slug":"cricket","status":"publish","type":"product","link":"https:\/\/www.esk-eltern.de\/fr\/produit\/cricket\/","title":{"rendered":"Cricket"},"content":{"rendered":"<p data-start=\"0\" data-end=\"355\">L\u2019entra\u00eenement de cricket au Sportgemeinschaft Karlsruhe t\u2019offre une opportunit\u00e9 unique dans le Bade-Wurtemberg. En tant que seul <strong>club de la r\u00e9gion disposant d\u2019entra\u00eeneurs certifi\u00e9s ICC Niveau 2 et 3<\/strong>, sp\u00e9cialis\u00e9s dans la promotion des jeunes et des femmes, le Sportgemeinschaft Karlsruhe propose un environnement d\u2019entra\u00eenement exceptionnel. Ces entra\u00eeneurs hautement qualifi\u00e9s ont d\u00e9j\u00e0 accompagn\u00e9 avec succ\u00e8s plusieurs jeunes talents qui repr\u00e9sentent aujourd\u2019hui l\u2019Allemagne sur la sc\u00e8ne internationale. Leur expertise et leur exp\u00e9rience sont d\u2019une valeur inestimable et permettent aux jeunes joueurs et joueuses d\u2019\u00e9lever leurs comp\u00e9tences en cricket \u00e0 un niveau sup\u00e9rieur. La combinaison de l\u2019expertise de nos entra\u00eeneurs et de l\u2019engagement de notre communaut\u00e9 sportive cr\u00e9e un cadre id\u00e9al pour apprendre le cricket \u00e0 un niveau professionnel, tout en favorisant l\u2019esprit d\u2019\u00e9quipe et les amiti\u00e9s durables. Le Sportgemeinschaft Karlsruhe est l\u2019endroit o\u00f9 les talents et passionn\u00e9s de cricket peuvent pleinement d\u00e9velopper leurs capacit\u00e9s. <a href=\"https:\/\/www.sg-ka.de\/sportangebot\/cricket\/\">https:\/\/www.sg-ka.de\/sportangebot\/cricket\/<\/a><\/p>\n","protected":false},"excerpt":{"rendered":"<p><span class=\"TextRun SCXW132798509 BCX4\" lang=\"EN-GB\" xml:lang=\"EN-GB\" data-contrast=\"auto\"><span class=\"NormalTextRun SCXW132798509 BCX4\" data-ccp-parastyle=\"No Spacing\">Le cricket <\/span><span class=\"NormalTextRun SpellingErrorV2Themed SCXW132798509 BCX4\" data-ccp-parastyle=\"No Spacing\">est<\/span> <span class=\"NormalTextRun SpellingErrorV2Themed SCXW132798509 BCX4\" data-ccp-parastyle=\"No Spacing\">amusant<\/span><span class=\"NormalTextRun SCXW132798509 BCX4\" data-ccp-parastyle=\"No Spacing\">, il <\/span><span class=\"NormalTextRun SpellingErrorV2Themed SCXW132798509 BCX4\" data-ccp-parastyle=\"No Spacing\">favorise<\/span> <span class=\"NormalTextRun SpellingErrorV2Themed SCXW132798509 BCX4\" data-ccp-parastyle=\"No Spacing\">l&rsquo;esprit<\/span> <span class=\"NormalTextRun SpellingErrorV2Themed SCXW132798509 BCX4\" data-ccp-parastyle=\"No Spacing\">d&rsquo;\u00e9quipe<\/span><span class=\"NormalTextRun SCXW132798509 BCX4\" data-ccp-parastyle=\"No Spacing\"> et la <\/span><span class=\"NormalTextRun SpellingErrorV2Themed SCXW132798509 BCX4\" data-ccp-parastyle=\"No Spacing\">forme<\/span><span class=\"NormalTextRun SCXW132798509 BCX4\" data-ccp-parastyle=\"No Spacing\"> physique &#8211; Si vous \u00eates int\u00e9ress\u00e9 par le Cricket, veuillez contacter directement le club <strong>https:\/\/www.sg-ka.de\/sportangebot\/cricket\/<\/strong><\/span><\/span><\/p>\n","protected":false},"featured_media":14887,"template":"","meta":{"inline_featured_image":false},"product_brand":[],"product_cat":[577,563],"product_tag":[],"class_list":{"0":"post-10813","1":"product","2":"type-product","3":"status-publish","4":"has-post-thumbnail","6":"product_cat-sport-fr","7":"product_cat-aa-fr","8":"pa_instructor-herr-darren-mclennan-fr","10":"first","11":"instock","12":"shipping-taxable","13":"product-type-external"},"_links":{"self":[{"href":"https:\/\/www.esk-eltern.de\/fr\/wp-json\/wp\/v2\/product\/10813","targetHints":{"allow":["GET"]}}],"collection":[{"href":"https:\/\/www.esk-eltern.de\/fr\/wp-json\/wp\/v2\/product"}],"about":[{"href":"https:\/\/www.esk-eltern.de\/fr\/wp-json\/wp\/v2\/types\/product"}],"wp:featuredmedia":[{"embeddable":true,"href":"https:\/\/www.esk-eltern.de\/fr\/wp-json\/wp\/v2\/media\/14887"}],"wp:attachment":[{"href":"https:\/\/www.esk-eltern.de\/fr\/wp-json\/wp\/v2\/media?parent=10813"}],"wp:term":[{"taxonomy":"product_brand","embeddable":true,"href":"https:\/\/www.esk-eltern.de\/fr\/wp-json\/wp\/v2\/product_brand?post=10813"},{"taxonomy":"product_cat","embeddable":true,"href":"https:\/\/www.esk-eltern.de\/fr\/wp-json\/wp\/v2\/product_cat?post=10813"},{"taxonomy":"product_tag","embeddable":true,"href":"https:\/\/www.esk-eltern.de\/fr\/wp-json\/wp\/v2\/product_tag?post=10813"}],"curies":[{"name":"wp","href":"https:\/\/api.w.org\/{rel}","templated":true}]}}