{"id":10435,"date":"2023-09-24T10:12:53","date_gmt":"2023-09-24T08:12:53","guid":{"rendered":"https:\/\/www.esk-eltern.de\/produkt\/better-englisch-lessons-fr\/"},"modified":"2025-08-27T15:39:00","modified_gmt":"2025-08-27T13:39:00","slug":"better-englisch-lessons-fr","status":"publish","type":"product","link":"https:\/\/www.esk-eltern.de\/fr\/produit\/better-englisch-lessons-fr\/","title":{"rendered":"Better English Lessons"},"content":{"rendered":"<p>De 3.9.25 \u00e0 la fin de l&rsquo;ann\u00e9e scolaire<\/p>\n<p><span data-contrast=\"auto\">Nous proposons des cours particuliers cibl\u00e9s pour les d\u00e9butants absolus et pour les enfants qui ont besoin de d\u00e9velopper ou d&rsquo;affiner davantage leurs comp\u00e9tences linguistiques. Que votre enfant soit dans le d\u00e9partement anglais, allemand ou fran\u00e7ais, nous pouvons l&rsquo;aider \u00e0 apprendre et \u00e0 am\u00e9liorer sa langue anglaise.<\/span><span data-ccp-props=\"{&quot;201341983&quot;:0,&quot;335559739&quot;:0,&quot;335559740&quot;:240}\">\u00a0<\/span><\/p>\n<p><span data-contrast=\"auto\">Veuillez contacter M. Johnson par e-mail :<a href=\"mailto:better-english@t-online.de\">better-english@t-online.de<\/a>\u00a0<\/span><\/p>\n<p><span data-contrast=\"auto\">Veuillez acheter une adh\u00e9sion \u00e0 l&rsquo;association des parents pour ce cours.<\/span><span data-ccp-props=\"{&quot;201341983&quot;:0,&quot;335559739&quot;:0,&quot;335559740&quot;:240}\">\u00a0<\/span><\/p>\n","protected":false},"excerpt":{"rendered":"<p>&#8212; cours externe &#8212;<\/p>\n<p>Cours particuliers dispens\u00e9s par un anglophone natif pour accompagner les enfants dans l&rsquo;acquisition et le d\u00e9veloppement de la langue anglaise<\/p>\n","protected":false},"featured_media":12047,"template":"","meta":{"inline_featured_image":false},"product_brand":[],"product_cat":[680,563],"product_tag":[],"class_list":{"0":"post-10435","1":"product","2":"type-product","3":"status-publish","4":"has-post-thumbnail","6":"product_cat-langue","7":"product_cat-aa-fr","8":"pa_class-kg-fr","9":"pa_class-p1-fr","10":"pa_class-p2-fr","11":"pa_class-p3-fr","12":"pa_class-p4-fr","13":"pa_class-p5-fr","14":"pa_class-s1-fr","15":"pa_class-s2-fr","16":"pa_class-s3-fr","17":"pa_class-s4-fr","18":"pa_class-s5-fr","19":"pa_class-s6-fr","20":"pa_class-s7-fr","21":"pa_instructor-monsieur-mark-johnson","22":"pa_weekday-sur-rendez-vous","24":"first","25":"instock","26":"product-type-external"},"_links":{"self":[{"href":"https:\/\/www.esk-eltern.de\/fr\/wp-json\/wp\/v2\/product\/10435","targetHints":{"allow":["GET"]}}],"collection":[{"href":"https:\/\/www.esk-eltern.de\/fr\/wp-json\/wp\/v2\/product"}],"about":[{"href":"https:\/\/www.esk-eltern.de\/fr\/wp-json\/wp\/v2\/types\/product"}],"wp:featuredmedia":[{"embeddable":true,"href":"https:\/\/www.esk-eltern.de\/fr\/wp-json\/wp\/v2\/media\/12047"}],"wp:attachment":[{"href":"https:\/\/www.esk-eltern.de\/fr\/wp-json\/wp\/v2\/media?parent=10435"}],"wp:term":[{"taxonomy":"product_brand","embeddable":true,"href":"https:\/\/www.esk-eltern.de\/fr\/wp-json\/wp\/v2\/product_brand?post=10435"},{"taxonomy":"product_cat","embeddable":true,"href":"https:\/\/www.esk-eltern.de\/fr\/wp-json\/wp\/v2\/product_cat?post=10435"},{"taxonomy":"product_tag","embeddable":true,"href":"https:\/\/www.esk-eltern.de\/fr\/wp-json\/wp\/v2\/product_tag?post=10435"}],"curies":[{"name":"wp","href":"https:\/\/api.w.org\/{rel}","templated":true}]}}