{"id":10426,"date":"2023-09-24T10:12:50","date_gmt":"2023-09-24T08:12:50","guid":{"rendered":"https:\/\/www.esk-eltern.de\/produkt\/ballet-1-fr\/"},"modified":"2025-08-27T15:32:16","modified_gmt":"2025-08-27T13:32:16","slug":"ballet-1-fr","status":"publish","type":"product","link":"https:\/\/www.esk-eltern.de\/fr\/produit\/ballet-1-fr\/","title":{"rendered":"Ballet 1"},"content":{"rendered":"<p><span data-contrast=\"auto\">Le cours a lieu le vendredi de 12:30 \u2013 13:40<\/span><span data-ccp-props=\"{&quot;201341983&quot;:0,&quot;335559739&quot;:0,&quot;335559740&quot;:240}\">\u00a0<\/span><\/p>\n<p><span data-contrast=\"auto\">Informations et inscription directement aupr\u00e8s de Mme Boiral sous <\/span><a href=\"mailto:info@balletschule-db.de\"><span data-contrast=\"none\">info@balletschule-db.de<\/span><\/a><span data-ccp-props=\"{&quot;201341983&quot;:0,&quot;335559739&quot;:0,&quot;335559740&quot;:240}\">\u00a0<\/span><\/p>\n<p><span data-contrast=\"auto\">Veuillez informer les professeurs de classe ou la MoMi que votre enfant participe \u00e0 ce cours!<\/span><span data-ccp-props=\"{&quot;201341983&quot;:0,&quot;335559739&quot;:0,&quot;335559740&quot;:240}\">\u00a0<\/span><\/p>\n<p><span data-contrast=\"auto\">Veuillez acheter une adh\u00e9sion \u00e0 l&rsquo;association des parents pour ce cours.<\/span><span data-ccp-props=\"{&quot;201341983&quot;:0,&quot;335559739&quot;:0,&quot;335559740&quot;:240}\">\u00a0<\/span><\/p>\n<p><span data-contrast=\"auto\">\u00a0<\/span><span data-ccp-props=\"{&quot;201341983&quot;:0,&quot;335559739&quot;:0,&quot;335559740&quot;:240}\">\u00a0<\/span><\/p>\n<p><span data-contrast=\"auto\">Ecole de Danse Delphine Boiral<\/span><span data-ccp-props=\"{&quot;201341983&quot;:0,&quot;335559739&quot;:0,&quot;335559740&quot;:240}\">\u00a0<\/span><\/p>\n<p><span data-contrast=\"auto\">Les \u00e9l\u00e8ves d&rsquo;aujourd&rsquo;hui sont les \u00e9toiles de demain. La beaut\u00e9 ne vient pas facilement. La pr\u00e9cision ne peut pas \u00eatre acquise rapidement. Dans le cours de danse, nous renfor\u00e7ons non seulement les jambes et les bras de nos \u00e9l\u00e8ves, mais aussi leur esprit; ils apprennent \u00e0 r\u00e9colter les fruits du travail r\u00e9gulier et acharn\u00e9.<\/span><span data-ccp-props=\"{&quot;201341983&quot;:0,&quot;335559739&quot;:0,&quot;335559740&quot;:240}\">\u00a0<\/span><\/p>\n<p><span data-contrast=\"auto\">Je propose:<\/span><span data-ccp-props=\"{&quot;201341983&quot;:0,&quot;335559739&quot;:0,&quot;335559740&quot;:240}\">\u00a0<\/span><\/p>\n<ul>\n<li><span data-contrast=\"auto\"> l&rsquo;opportunit\u00e9 pour tous les enfants d\u00e8s 6 ans de d\u00e9couvrir la danse classique.<\/span><\/li>\n<li><span data-contrast=\"auto\"> une formation \u00e0 la technique de la danse classique, bas\u00e9e sur l&rsquo;\u00e9cole fran\u00e7aise jusqu\u2019\u00e0 l\u2019acquisition d\u2019un bon niveau amateur et le transfert des connaissances g\u00e9n\u00e9rales de la culture du ballet.<\/span><\/li>\n<li><span data-contrast=\"auto\"> la promotion de l&rsquo;estime de soi et de la confiance en soi.<\/span><\/li>\n<\/ul>\n<p><span data-contrast=\"auto\">Dans les cours de Ballet 1-2 le travail \u00e0 la barre commence et les bases de la technique classique sont abord\u00e9es. Dans ce niveau, les exercices sont propos\u00e9s en alternance avec des jeux.\u00a0\u00a0<\/span><span data-ccp-props=\"{&quot;201341983&quot;:0,&quot;335559739&quot;:0,&quot;335559740&quot;:240}\">\u00a0<\/span><\/p>\n<p><span data-contrast=\"auto\">\u00c0 propos de moi:<\/span><span data-ccp-props=\"{&quot;201341983&quot;:0,&quot;335559739&quot;:0,&quot;335559740&quot;:240}\">\u00a0<\/span><\/p>\n<p><span data-contrast=\"auto\">Je suis n\u00e9e en France et j&rsquo;ai \u00e9tudi\u00e9 la danse classique au conservatoire de Besan\u00e7on. A partir de 1993 j&rsquo;ai travaill\u00e9 en tant qu\u2019intermittente du spectacle \u00e0 Paris et en r\u00e9gion, en tant que danseuse et chor\u00e9graphe. J\u2019ai rejoint l\u2019Allemagne en 1995, o\u00f9 j&rsquo;ai travaill\u00e9 au Pfalztheater \u00e0 Kaiserslautern, puis \u00e0 l&rsquo;Euregio Tanz Forum (Pays-Bas) et au Tiroler Landestheater \u00e0 Innsbruck.<\/span><span data-ccp-props=\"{&quot;201341983&quot;:0,&quot;335559739&quot;:0,&quot;335559740&quot;:240}\">\u00a0<\/span><\/p>\n<p><span data-contrast=\"auto\">Depuis 2000, j&rsquo;enseigne la danse classique dans diff\u00e9rentes \u00e9coles du Baden-Wurttemberg. En 2002, j&rsquo;ai ouvert ma propre \u00e9cole \u00e0 Neulingen, puis \u00e0 Karlsruhe. Depuis 2009, j&rsquo;enseigne la danse classique \u00e0 l&rsquo;ESK et depuis 2013, je suis professeur de danse classique \u00e0 l&rsquo;Ecole des arts de Wissembourg (67).<\/span><span data-ccp-props=\"{&quot;201341983&quot;:0,&quot;335559739&quot;:0,&quot;335559740&quot;:240}\">\u00a0<\/span><\/p>\n","protected":false},"excerpt":{"rendered":"<p>&#8212; cours externe &#8212; <\/p>\n<p>Ballet classique, fran\u00e7ais \u00c9cole : les bases du ballet et autres techniques de danse <\/p>\n","protected":false},"featured_media":11889,"template":"","meta":{"inline_featured_image":false},"product_brand":[],"product_cat":[577,563],"product_tag":[],"class_list":{"0":"post-10426","1":"product","2":"type-product","3":"status-publish","4":"has-post-thumbnail","6":"product_cat-sport-fr","7":"product_cat-aa-fr","8":"pa_class-p1-fr","9":"pa_class-p2-fr","10":"pa_instructor-mme-delphine-boiral","11":"pa_weekday-vendredi","13":"first","14":"instock","15":"shipping-taxable","16":"product-type-external"},"_links":{"self":[{"href":"https:\/\/www.esk-eltern.de\/fr\/wp-json\/wp\/v2\/product\/10426","targetHints":{"allow":["GET"]}}],"collection":[{"href":"https:\/\/www.esk-eltern.de\/fr\/wp-json\/wp\/v2\/product"}],"about":[{"href":"https:\/\/www.esk-eltern.de\/fr\/wp-json\/wp\/v2\/types\/product"}],"wp:featuredmedia":[{"embeddable":true,"href":"https:\/\/www.esk-eltern.de\/fr\/wp-json\/wp\/v2\/media\/11889"}],"wp:attachment":[{"href":"https:\/\/www.esk-eltern.de\/fr\/wp-json\/wp\/v2\/media?parent=10426"}],"wp:term":[{"taxonomy":"product_brand","embeddable":true,"href":"https:\/\/www.esk-eltern.de\/fr\/wp-json\/wp\/v2\/product_brand?post=10426"},{"taxonomy":"product_cat","embeddable":true,"href":"https:\/\/www.esk-eltern.de\/fr\/wp-json\/wp\/v2\/product_cat?post=10426"},{"taxonomy":"product_tag","embeddable":true,"href":"https:\/\/www.esk-eltern.de\/fr\/wp-json\/wp\/v2\/product_tag?post=10426"}],"curies":[{"name":"wp","href":"https:\/\/api.w.org\/{rel}","templated":true}]}}