{"id":10403,"date":"2023-09-24T10:12:56","date_gmt":"2023-09-24T08:12:56","guid":{"rendered":"https:\/\/www.esk-eltern.de\/produkt\/guitare\/"},"modified":"2025-08-28T13:51:22","modified_gmt":"2025-08-28T11:51:22","slug":"guitare","status":"publish","type":"product","link":"https:\/\/www.esk-eltern.de\/fr\/produit\/guitare\/","title":{"rendered":"Guitare"},"content":{"rendered":"<p>Les lundis, mercredis, jeudis et vendredis<\/p>\n<p>A partir de la deuxi\u00e8me semaine de septembre jusqu&rsquo;\u00e0 la fin de l&rsquo;ann\u00e9e scolaire.<\/p>\n<p>Infos et inscription se font directement aupr\u00e8s de : Musik Insel &#8211; Mail : <a href=\"mailto:christian_bleier@gmx.net\">christian_bleier@gmx.net<\/a> \u00a0&#8211; <a href=\"http:\/\/www.musikinsel-ka.de\">www.musikinsel-ka.de<\/a> <a href=\"http:\/\/www.musikinsel-ka.de\">www.musikinsel-ka.de<\/a> &#8211; Herr Christian Bleier +49 721 67 96 61<br \/>\nVeuillez informer les professeurs de classe ou la MoMi que votre enfant participe \u00e0 ce cours !<br \/>\nVeuillez acheter une adh\u00e9sion \u00e0 l&rsquo;association des parents pour ce cours.<\/p>\n","protected":false},"excerpt":{"rendered":"<p>&#8212; cours externe &#8212;<\/p>\n<p>Les enfants apprennent la guitare acoustique ou la guitare \u00e9lectrique, seuls ou en groupe<\/p>\n","protected":false},"featured_media":11904,"template":"","meta":{"inline_featured_image":false},"product_brand":[],"product_cat":[672,563],"product_tag":[],"class_list":{"0":"post-10403","1":"product","2":"type-product","3":"status-publish","4":"has-post-thumbnail","6":"product_cat-musique","7":"product_cat-aa-fr","8":"pa_class-p1-fr","9":"pa_class-p2-fr","10":"pa_class-p3-fr","11":"pa_class-p4-fr","12":"pa_class-p5-fr","13":"pa_class-s1-fr","14":"pa_class-s2-fr","15":"pa_class-s3-fr","16":"pa_class-s4-fr","17":"pa_class-s5-fr","18":"pa_class-s6-fr","19":"pa_class-s7-fr","20":"pa_instructor-monsieur-bleier","21":"pa_instructor-musikinsel-fr","22":"pa_weekday-jeudi","23":"pa_weekday-lundi","24":"pa_weekday-mercredi","25":"pa_weekday-vendredi","27":"first","28":"instock","29":"product-type-external"},"_links":{"self":[{"href":"https:\/\/www.esk-eltern.de\/fr\/wp-json\/wp\/v2\/product\/10403","targetHints":{"allow":["GET"]}}],"collection":[{"href":"https:\/\/www.esk-eltern.de\/fr\/wp-json\/wp\/v2\/product"}],"about":[{"href":"https:\/\/www.esk-eltern.de\/fr\/wp-json\/wp\/v2\/types\/product"}],"wp:featuredmedia":[{"embeddable":true,"href":"https:\/\/www.esk-eltern.de\/fr\/wp-json\/wp\/v2\/media\/11904"}],"wp:attachment":[{"href":"https:\/\/www.esk-eltern.de\/fr\/wp-json\/wp\/v2\/media?parent=10403"}],"wp:term":[{"taxonomy":"product_brand","embeddable":true,"href":"https:\/\/www.esk-eltern.de\/fr\/wp-json\/wp\/v2\/product_brand?post=10403"},{"taxonomy":"product_cat","embeddable":true,"href":"https:\/\/www.esk-eltern.de\/fr\/wp-json\/wp\/v2\/product_cat?post=10403"},{"taxonomy":"product_tag","embeddable":true,"href":"https:\/\/www.esk-eltern.de\/fr\/wp-json\/wp\/v2\/product_tag?post=10403"}],"curies":[{"name":"wp","href":"https:\/\/api.w.org\/{rel}","templated":true}]}}