{"id":10301,"date":"2023-09-23T17:27:18","date_gmt":"2023-09-23T15:27:18","guid":{"rendered":"https:\/\/www.esk-eltern.de\/produkt\/music-2-conservatory\/"},"modified":"2025-09-08T09:16:13","modified_gmt":"2025-09-08T07:16:13","slug":"music-2","status":"publish","type":"product","link":"https:\/\/www.esk-eltern.de\/fr\/produit\/music-2\/","title":{"rendered":"Music 2"},"content":{"rendered":"<p><strong>\u00c9ducation musicale pr\u00e9coce pour le primaire 1 et 2\u00a0<\/strong><\/p>\n<p><span data-contrast=\"auto\">L&rsquo;exp\u00e9rience musicale sera approfondie au fur et \u00e0 mesure que les enfants d\u00e9velopperont leur capacit\u00e9 \u00e0 s&rsquo;exprimer musicalement. Ils d\u00e9veloppent une plus grande conscience des m\u00e9lodies et des rythmes et apprennent \u00e0 utiliser leur voix et leur corps pour produire des sons. La th\u00e9orie musicale de base et la formation de l&rsquo;oreille sont consolid\u00e9es et les enfants apprennent \u00e0 conna\u00eetre diff\u00e9rents instruments et \u00e0 \u00e9couter une vari\u00e9t\u00e9 de musique. L&rsquo;exposition continue \u00e0 la musique, ainsi que l&rsquo;utilisation de la voix, du corps et des mains, renforcent le d\u00e9veloppement personnel, social et cognitif.\u00a0\u00a0<\/span><span data-ccp-props=\"{&quot;201341983&quot;:0,&quot;335551550&quot;:6,&quot;335551620&quot;:6,&quot;335559739&quot;:0,&quot;335559740&quot;:240}\">\u00a0<\/span><\/p>\n<p><span data-contrast=\"auto\">La participation pr\u00e9alable au cours de musique de la maternelle n&rsquo;est pas requise.<\/span><span data-ccp-props=\"{&quot;201341983&quot;:0,&quot;335551550&quot;:6,&quot;335551620&quot;:6,&quot;335559739&quot;:0,&quot;335559740&quot;:240}\">\u00a0<\/span><\/p>\n<p><span data-contrast=\"auto\">Prix : 250 euros pour 9 mois d&rsquo;octobre \u00e0 fin juin, en un seul versement pour l&rsquo;ensemble du cours directement \u00e0 l&rsquo;\u00eele de la musique. R\u00e9servation directement aupr\u00e8s de <a href=\"mailto:christian_bleier@gmx.net\">christian_bleier@gmx.net<\/a>\u00a0<\/span><\/p>\n","protected":false},"excerpt":{"rendered":"<p><span class=\"TextRun SCXW119766978 BCX4\" lang=\"DE-DE\" xml:lang=\"DE-DE\" data-contrast=\"auto\"><span class=\"NormalTextRun SpellingErrorV2Themed SCXW119766978 BCX4\" data-ccp-parastyle=\"No Spacing\">\u00c9ducation<\/span> <span class=\"NormalTextRun SpellingErrorV2Themed SCXW119766978 BCX4\" data-ccp-parastyle=\"No Spacing\">musicale<\/span> <span class=\"NormalTextRun SpellingErrorV2Themed SCXW119766978 BCX4\" data-ccp-parastyle=\"No Spacing\">pr\u00e9coce<\/span> <span class=\"NormalTextRun SpellingErrorV2Themed SCXW119766978 BCX4\" data-ccp-parastyle=\"No Spacing\">pour<\/span><span class=\"NormalTextRun SCXW119766978 BCX4\" data-ccp-parastyle=\"No Spacing\"> le <\/span><span class=\"NormalTextRun SpellingErrorV2Themed SpellingErrorHighlight SCXW119766978 BCX4\" data-ccp-parastyle=\"No Spacing\">primaire<\/span><span class=\"NormalTextRun SCXW119766978 BCX4\" data-ccp-parastyle=\"No Spacing\"> 1 et 2<\/span><\/span><span class=\"EOP SCXW119766978 BCX4\" data-ccp-props=\"{&quot;201341983&quot;:0,&quot;335559739&quot;:0,&quot;335559740&quot;:240}\">\u00a0<\/span><\/p>\n<p>minimum 7 enfants<\/p>\n","protected":false},"featured_media":13588,"template":"","meta":{"inline_featured_image":false},"product_brand":[],"product_cat":[672,563],"product_tag":[],"class_list":{"0":"post-10301","1":"product","2":"type-product","3":"status-publish","4":"has-post-thumbnail","6":"product_cat-musique","7":"product_cat-aa-fr","8":"pa_class-p1-fr","9":"pa_class-p2-fr","10":"pa_instructor-christian-bleier-fr","11":"pa_weekday-lundi","13":"first","14":"instock","15":"shipping-taxable","16":"product-type-external"},"_links":{"self":[{"href":"https:\/\/www.esk-eltern.de\/fr\/wp-json\/wp\/v2\/product\/10301","targetHints":{"allow":["GET"]}}],"collection":[{"href":"https:\/\/www.esk-eltern.de\/fr\/wp-json\/wp\/v2\/product"}],"about":[{"href":"https:\/\/www.esk-eltern.de\/fr\/wp-json\/wp\/v2\/types\/product"}],"wp:featuredmedia":[{"embeddable":true,"href":"https:\/\/www.esk-eltern.de\/fr\/wp-json\/wp\/v2\/media\/13588"}],"wp:attachment":[{"href":"https:\/\/www.esk-eltern.de\/fr\/wp-json\/wp\/v2\/media?parent=10301"}],"wp:term":[{"taxonomy":"product_brand","embeddable":true,"href":"https:\/\/www.esk-eltern.de\/fr\/wp-json\/wp\/v2\/product_brand?post=10301"},{"taxonomy":"product_cat","embeddable":true,"href":"https:\/\/www.esk-eltern.de\/fr\/wp-json\/wp\/v2\/product_cat?post=10301"},{"taxonomy":"product_tag","embeddable":true,"href":"https:\/\/www.esk-eltern.de\/fr\/wp-json\/wp\/v2\/product_tag?post=10301"}],"curies":[{"name":"wp","href":"https:\/\/api.w.org\/{rel}","templated":true}]}}