{"id":10284,"date":"2023-09-23T17:27:18","date_gmt":"2023-09-23T15:27:18","guid":{"rendered":"https:\/\/www.esk-eltern.de\/produkt\/musique-1-conservatoire\/"},"modified":"2025-09-08T09:14:36","modified_gmt":"2025-09-08T07:14:36","slug":"musique-1","status":"publish","type":"product","link":"https:\/\/www.esk-eltern.de\/fr\/produit\/musique-1\/","title":{"rendered":"Musique 1"},"content":{"rendered":"<p><strong>\u00c9ducation musicale pr\u00e9coce pour la maternelle\u00a0<\/strong><\/p>\n<p><span data-contrast=\"auto\">Les enfants aiment la musique, et la d\u00e9couvrir et s&rsquo;exprimer \u00e0 travers elle est une partie vitale de leur d\u00e9veloppement. Dans le cadre de l&rsquo;\u00e9ducation musicale pr\u00e9coce, les enfants sont encourag\u00e9s \u00e0 s&rsquo;exprimer musicalement et ont la possibilit\u00e9 d&rsquo;explorer de mani\u00e8re ludique le son de leur voix, de cr\u00e9er des sons \u00e0 l&rsquo;aide de divers instruments et de bouger. Entendre, voir, sentir et bouger en musique favorise la perception g\u00e9n\u00e9rale et musicale. Ils jettent les bases du d\u00e9veloppement et de la d\u00e9couverte de la musicalit\u00e9 tout en favorisant le d\u00e9veloppement personnel, \u00e9motionnel, sensorimoteur et social.<\/span><span data-ccp-props=\"{&quot;201341983&quot;:0,&quot;335559739&quot;:0,&quot;335559740&quot;:240}\">\u00a0<\/span><\/p>\n<p><span data-ccp-props=\"{&quot;201341983&quot;:0,&quot;335559739&quot;:0,&quot;335559740&quot;:240}\"> <span class=\"TextRun SCXW56554974 BCX4\" lang=\"DE-DE\" xml:lang=\"DE-DE\" data-contrast=\"auto\"><span class=\"NormalTextRun ContextualSpellingAndGrammarErrorV2Themed SCXW56554974 BCX4\" data-ccp-parastyle=\"No Spacing\">Prix :<\/span><span class=\"NormalTextRun SCXW56554974 BCX4\" data-ccp-parastyle=\"No Spacing\"> 250 <\/span><span class=\"NormalTextRun SpellingErrorV2Themed SCXW56554974 BCX4\" data-ccp-parastyle=\"No Spacing\">euros<\/span> <span class=\"NormalTextRun SpellingErrorV2Themed SCXW56554974 BCX4\" data-ccp-parastyle=\"No Spacing\">pour<\/span><span class=\"NormalTextRun SCXW56554974 BCX4\" data-ccp-parastyle=\"No Spacing\"> 9 <\/span><span class=\"NormalTextRun SpellingErrorV2Themed SCXW56554974 BCX4\" data-ccp-parastyle=\"No Spacing\">mois<\/span> <span class=\"NormalTextRun SpellingErrorV2Themed SCXW56554974 BCX4\" data-ccp-parastyle=\"No Spacing\">d&rsquo;octobre<\/span><span class=\"NormalTextRun SCXW56554974 BCX4\" data-ccp-parastyle=\"No Spacing\"> \u00e0 fin <\/span><span class=\"NormalTextRun SpellingErrorV2Themed SCXW56554974 BCX4\" data-ccp-parastyle=\"No Spacing\">juin<\/span><span class=\"NormalTextRun SCXW56554974 BCX4\" data-ccp-parastyle=\"No Spacing\">, en <\/span><span class=\"NormalTextRun SpellingErrorV2Themed SCXW56554974 BCX4\" data-ccp-parastyle=\"No Spacing\">un<\/span> <span class=\"NormalTextRun SpellingErrorV2Themed SCXW56554974 BCX4\" data-ccp-parastyle=\"No Spacing\">seul<\/span> <span class=\"NormalTextRun SpellingErrorV2Themed SCXW56554974 BCX4\" data-ccp-parastyle=\"No Spacing\">versement<\/span> <span class=\"NormalTextRun SpellingErrorV2Themed SCXW56554974 BCX4\" data-ccp-parastyle=\"No Spacing\">pour<\/span> <span class=\"NormalTextRun SpellingErrorV2Themed SCXW56554974 BCX4\" data-ccp-parastyle=\"No Spacing\">l&rsquo;ensemble<\/span><span class=\"NormalTextRun SCXW56554974 BCX4\" data-ccp-parastyle=\"No Spacing\"> du <\/span><span class=\"NormalTextRun SpellingErrorV2Themed SpellingErrorHighlight SCXW56554974 BCX4\" data-ccp-parastyle=\"No Spacing\">cours<\/span> <span class=\"NormalTextRun SpellingErrorV2Themed SCXW56554974 BCX4\" data-ccp-parastyle=\"No Spacing\">directement<\/span><span class=\"NormalTextRun SCXW56554974 BCX4\" data-ccp-parastyle=\"No Spacing\"> \u00e0 <\/span><span class=\"NormalTextRun SpellingErrorV2Themed SCXW56554974 BCX4\" data-ccp-parastyle=\"No Spacing\">l&rsquo;\u00eele<\/span><span class=\"NormalTextRun SCXW56554974 BCX4\" data-ccp-parastyle=\"No Spacing\"> de la <\/span><span class=\"NormalTextRun SpellingErrorV2Themed SCXW56554974 BCX4\" data-ccp-parastyle=\"No Spacing\">musique<\/span><span class=\"NormalTextRun SCXW56554974 BCX4\" data-ccp-parastyle=\"No Spacing\">. <\/span><span class=\"NormalTextRun SpellingErrorV2Themed SCXW56554974 BCX4\" data-ccp-parastyle=\"No Spacing\">R\u00e9servation<\/span> <span class=\"NormalTextRun SpellingErrorV2Themed SCXW56554974 BCX4\" data-ccp-parastyle=\"No Spacing\">directement<\/span> <span class=\"NormalTextRun SpellingErrorV2Themed SCXW56554974 BCX4\" data-ccp-parastyle=\"No Spacing\">aupr\u00e8s<\/span><span class=\"NormalTextRun SCXW56554974 BCX4\" data-ccp-parastyle=\"No Spacing\"> de <a href=\"mailto:christian_bleier@gmx.net\">christian_bleier@gmx.net<\/a>\u00a0<\/span><\/span><\/span><\/p>\n<p><span data-ccp-props=\"{&quot;201341983&quot;:0,&quot;335559739&quot;:0,&quot;335559740&quot;:240}\">\u00a0<\/span><\/p>\n","protected":false},"excerpt":{"rendered":"<p><span class=\"TextRun SCXW32627037 BCX4\" lang=\"DE-DE\" xml:lang=\"DE-DE\" data-contrast=\"auto\"><span class=\"NormalTextRun SpellingErrorV2Themed SCXW32627037 BCX4\" data-ccp-parastyle=\"No Spacing\">\u00c9ducation<\/span> <span class=\"NormalTextRun SpellingErrorV2Themed SCXW32627037 BCX4\" data-ccp-parastyle=\"No Spacing\">musicale<\/span> <span class=\"NormalTextRun SpellingErrorV2Themed SCXW32627037 BCX4\" data-ccp-parastyle=\"No Spacing\">pr\u00e9coce<\/span> <span class=\"NormalTextRun SpellingErrorV2Themed SCXW32627037 BCX4\" data-ccp-parastyle=\"No Spacing\">pour<\/span><span class=\"NormalTextRun SCXW32627037 BCX4\" data-ccp-parastyle=\"No Spacing\"> la <\/span><span class=\"NormalTextRun SpellingErrorV2Themed SpellingErrorHighlight SCXW32627037 BCX4\" data-ccp-parastyle=\"No Spacing\">maternelle<\/span><\/span><span class=\"EOP SCXW32627037 BCX4\" data-ccp-props=\"{&quot;201341983&quot;:0,&quot;335559739&quot;:0,&quot;335559740&quot;:240}\">\u00a0<\/span><\/p>\n<p>7 enfants minimum<\/p>\n","protected":false},"featured_media":13588,"template":"","meta":{"inline_featured_image":false},"product_brand":[],"product_cat":[672,563],"product_tag":[],"class_list":{"0":"post-10284","1":"product","2":"type-product","3":"status-publish","4":"has-post-thumbnail","6":"product_cat-musique","7":"product_cat-aa-fr","8":"pa_class-kg-fr","9":"pa_instructor-christian-bleier-fr","10":"pa_weekday-lundi","12":"first","13":"instock","14":"featured","15":"shipping-taxable","16":"product-type-external"},"_links":{"self":[{"href":"https:\/\/www.esk-eltern.de\/fr\/wp-json\/wp\/v2\/product\/10284","targetHints":{"allow":["GET"]}}],"collection":[{"href":"https:\/\/www.esk-eltern.de\/fr\/wp-json\/wp\/v2\/product"}],"about":[{"href":"https:\/\/www.esk-eltern.de\/fr\/wp-json\/wp\/v2\/types\/product"}],"wp:featuredmedia":[{"embeddable":true,"href":"https:\/\/www.esk-eltern.de\/fr\/wp-json\/wp\/v2\/media\/13588"}],"wp:attachment":[{"href":"https:\/\/www.esk-eltern.de\/fr\/wp-json\/wp\/v2\/media?parent=10284"}],"wp:term":[{"taxonomy":"product_brand","embeddable":true,"href":"https:\/\/www.esk-eltern.de\/fr\/wp-json\/wp\/v2\/product_brand?post=10284"},{"taxonomy":"product_cat","embeddable":true,"href":"https:\/\/www.esk-eltern.de\/fr\/wp-json\/wp\/v2\/product_cat?post=10284"},{"taxonomy":"product_tag","embeddable":true,"href":"https:\/\/www.esk-eltern.de\/fr\/wp-json\/wp\/v2\/product_tag?post=10284"}],"curies":[{"name":"wp","href":"https:\/\/api.w.org\/{rel}","templated":true}]}}