{"id":10283,"date":"2023-09-23T17:27:15","date_gmt":"2023-09-23T15:27:15","guid":{"rendered":"https:\/\/www.esk-eltern.de\/produkt\/crossfit-fr\/"},"modified":"2025-08-27T16:58:11","modified_gmt":"2025-08-27T14:58:11","slug":"crossfit-fr","status":"publish","type":"product","link":"https:\/\/www.esk-eltern.de\/fr\/produit\/crossfit-fr\/","title":{"rendered":"Crossfit"},"content":{"rendered":"<p><span data-contrast=\"auto\">Bienvenue \u00e0 notre cours exaltant de CrossFit pour adolescents ! Con\u00e7u exclusivement pour les adolescents, ce programme dynamique est un moyen fantastique de d\u00e9velopper la force, l&rsquo;endurance, l&rsquo;agilit\u00e9 et la forme physique en g\u00e9n\u00e9ral. Dirig\u00e9 par des entra\u00eeneurs exp\u00e9riment\u00e9s, sp\u00e9cialis\u00e9s dans le travail avec les jeunes athl\u00e8tes, ce cours offre un environnement favorable et engageant o\u00f9 les adolescents peuvent se mettre au d\u00e9fi, se faire des amis et d\u00e9couvrir leur potentiel athl\u00e9tique.<\/span><span data-ccp-props=\"{&quot;201341983&quot;:0,&quot;335559739&quot;:0,&quot;335559740&quot;:240}\">\u00a0<\/span><\/p>\n<p><span data-contrast=\"auto\">Infos et contact direct : Michael Mclean 0173 958 5352 et Ian Dieckmann 0176 25995294 <\/span><a href=\"mailto:info@chlkd.de\"><span data-contrast=\"none\">info@chlkd.de<\/span><\/a><span data-contrast=\"auto\"> &#8211; <\/span><a href=\"https:\/\/chlkd.de\/esk-afterschool\/\"><span data-contrast=\"none\">https:\/\/chlkd.de\/esk-afterschool\/<\/span><\/a><span data-contrast=\"auto\"> &#8211; Veuillez nous contacter pour plus d&rsquo;informations sur les autres co\u00fbts.<\/span><span data-ccp-props=\"{&quot;201341983&quot;:0,&quot;335559739&quot;:0,&quot;335559740&quot;:240}\">\u00a0<\/span><\/p>\n<p><img loading=\"lazy\" decoding=\"async\" class=\"alignnone size-medium wp-image-11924\" src=\"https:\/\/www.esk-eltern.de\/wp-content\/uploads\/2023\/09\/Screenshot-2024-09-06-at-10.31.33-465x329.png\" alt=\"\" width=\"465\" height=\"329\" srcset=\"https:\/\/www.esk-eltern.de\/wp-content\/uploads\/2023\/09\/Screenshot-2024-09-06-at-10.31.33-465x329.png 465w, https:\/\/www.esk-eltern.de\/wp-content\/uploads\/2023\/09\/Screenshot-2024-09-06-at-10.31.33-622x440.png 622w, https:\/\/www.esk-eltern.de\/wp-content\/uploads\/2023\/09\/Screenshot-2024-09-06-at-10.31.33-768x543.png 768w, https:\/\/www.esk-eltern.de\/wp-content\/uploads\/2023\/09\/Screenshot-2024-09-06-at-10.31.33-1536x1086.png 1536w, https:\/\/www.esk-eltern.de\/wp-content\/uploads\/2023\/09\/Screenshot-2024-09-06-at-10.31.33-2048x1448.png 2048w, https:\/\/www.esk-eltern.de\/wp-content\/uploads\/2023\/09\/Screenshot-2024-09-06-at-10.31.33-600x424.png 600w\" sizes=\"auto, (max-width: 465px) 100vw, 465px\" \/><\/p>\n","protected":false},"excerpt":{"rendered":"<p>&#8212; cours externe &#8212;<\/p>\n<p>Un programme de remise en forme dynamique pour les adolescents: https:\/\/chlkd.de\/esk-afterschool\/<\/p>\n","protected":false},"featured_media":11886,"template":"","meta":{"inline_featured_image":false},"product_brand":[],"product_cat":[577,563],"product_tag":[],"class_list":{"0":"post-10283","1":"product","2":"type-product","3":"status-publish","4":"has-post-thumbnail","6":"product_cat-sport-fr","7":"product_cat-aa-fr","8":"pa_instructor-monsjieur-michael-mclean","9":"pa_weekday-samedi","11":"first","12":"instock","13":"shipping-taxable","14":"product-type-external"},"_links":{"self":[{"href":"https:\/\/www.esk-eltern.de\/fr\/wp-json\/wp\/v2\/product\/10283","targetHints":{"allow":["GET"]}}],"collection":[{"href":"https:\/\/www.esk-eltern.de\/fr\/wp-json\/wp\/v2\/product"}],"about":[{"href":"https:\/\/www.esk-eltern.de\/fr\/wp-json\/wp\/v2\/types\/product"}],"wp:featuredmedia":[{"embeddable":true,"href":"https:\/\/www.esk-eltern.de\/fr\/wp-json\/wp\/v2\/media\/11886"}],"wp:attachment":[{"href":"https:\/\/www.esk-eltern.de\/fr\/wp-json\/wp\/v2\/media?parent=10283"}],"wp:term":[{"taxonomy":"product_brand","embeddable":true,"href":"https:\/\/www.esk-eltern.de\/fr\/wp-json\/wp\/v2\/product_brand?post=10283"},{"taxonomy":"product_cat","embeddable":true,"href":"https:\/\/www.esk-eltern.de\/fr\/wp-json\/wp\/v2\/product_cat?post=10283"},{"taxonomy":"product_tag","embeddable":true,"href":"https:\/\/www.esk-eltern.de\/fr\/wp-json\/wp\/v2\/product_tag?post=10283"}],"curies":[{"name":"wp","href":"https:\/\/api.w.org\/{rel}","templated":true}]}}