{"id":10262,"date":"2024-01-03T16:00:20","date_gmt":"2024-01-03T15:00:20","guid":{"rendered":"https:\/\/www.esk-eltern.de\/produkt\/art\/"},"modified":"2025-10-13T17:21:06","modified_gmt":"2025-10-13T15:21:06","slug":"art","status":"publish","type":"product","link":"https:\/\/www.esk-eltern.de\/fr\/produit\/art\/","title":{"rendered":"Art"},"content":{"rendered":"","protected":false},"excerpt":{"rendered":"<p><span data-contrast=\"auto\">D\u00e9couvrez votre cr\u00e9ativit\u00e9 dans notre club d&rsquo;art !\u00a0<\/span><span data-ccp-props=\"{&quot;201341983&quot;:1,&quot;335551550&quot;:1,&quot;335551620&quot;:1,&quot;335559739&quot;:0,&quot;335559740&quot;:240}\">\u00a0<\/span><\/p>\n<p><span data-contrast=\"auto\">\u00a0<\/span><span data-ccp-props=\"{&quot;201341983&quot;:1,&quot;335551550&quot;:1,&quot;335551620&quot;:1,&quot;335559739&quot;:0,&quot;335559740&quot;:240}\">\u00a0<\/span><\/p>\n","protected":false},"featured_media":11932,"template":"","meta":{"inline_featured_image":false},"product_brand":[],"product_cat":[665,563],"product_tag":[],"class_list":{"0":"post-10262","1":"product","2":"type-product","3":"status-publish","4":"has-post-thumbnail","6":"product_cat-art-fr","7":"product_cat-aa-fr","8":"pa_class-os-fr","9":"pa_class-p3-fr","10":"pa_class-p4-fr","11":"pa_class-p5-fr","12":"pa_instructor-marcia-laban-fr","13":"pa_weekday-mercredi","15":"first","16":"outofstock","17":"virtual","18":"purchasable","19":"product-type-simple"},"_links":{"self":[{"href":"https:\/\/www.esk-eltern.de\/fr\/wp-json\/wp\/v2\/product\/10262","targetHints":{"allow":["GET"]}}],"collection":[{"href":"https:\/\/www.esk-eltern.de\/fr\/wp-json\/wp\/v2\/product"}],"about":[{"href":"https:\/\/www.esk-eltern.de\/fr\/wp-json\/wp\/v2\/types\/product"}],"wp:featuredmedia":[{"embeddable":true,"href":"https:\/\/www.esk-eltern.de\/fr\/wp-json\/wp\/v2\/media\/11932"}],"wp:attachment":[{"href":"https:\/\/www.esk-eltern.de\/fr\/wp-json\/wp\/v2\/media?parent=10262"}],"wp:term":[{"taxonomy":"product_brand","embeddable":true,"href":"https:\/\/www.esk-eltern.de\/fr\/wp-json\/wp\/v2\/product_brand?post=10262"},{"taxonomy":"product_cat","embeddable":true,"href":"https:\/\/www.esk-eltern.de\/fr\/wp-json\/wp\/v2\/product_cat?post=10262"},{"taxonomy":"product_tag","embeddable":true,"href":"https:\/\/www.esk-eltern.de\/fr\/wp-json\/wp\/v2\/product_tag?post=10262"}],"curies":[{"name":"wp","href":"https:\/\/api.w.org\/{rel}","templated":true}]}}