{"id":10259,"date":"2024-02-03T16:02:12","date_gmt":"2024-02-03T15:02:12","guid":{"rendered":"https:\/\/www.esk-eltern.de\/produkt\/club-grec\/"},"modified":"2025-09-25T19:08:49","modified_gmt":"2025-09-25T17:08:49","slug":"club-grec","status":"publish","type":"product","link":"https:\/\/www.esk-eltern.de\/fr\/produit\/club-grec\/","title":{"rendered":"Club grec"},"content":{"rendered":"","protected":false},"excerpt":{"rendered":"<p><span data-ccp-props=\"{&quot;201341983&quot;:0,&quot;335559739&quot;:0,&quot;335559740&quot;:240}\">\u00a0<\/span><span data-contrast=\"auto\">D\u00e9couvrir le grec de mani\u00e8re cr\u00e9ative\u00a0<\/span><span data-ccp-props=\"{&quot;201341983&quot;:0,&quot;335559739&quot;:0,&quot;335559740&quot;:240}\">\u00a0<\/span><\/p>\n<p><span class=\"TextRun SCXW140788080 BCX4\" lang=\"EN-US\" xml:lang=\"EN-US\" data-contrast=\"auto\"><span class=\"NormalTextRun SCXW140788080 BCX4\" data-ccp-parastyle=\"No Spacing\">\u0391\u03bd<\/span><span class=\"NormalTextRun SCXW140788080 BCX4\" data-ccp-parastyle=\"No Spacing\">\u03b1\u03ba\u03b1<\/span><span class=\"NormalTextRun SCXW140788080 BCX4\" data-ccp-parastyle=\"No Spacing\">\u03bb\u03cd\u03c8\u03c4\u03b5<\/span><span class=\"NormalTextRun SCXW140788080 BCX4\" data-ccp-parastyle=\"No Spacing\"> \u03c4\u03b1 <\/span><span class=\"NormalTextRun SCXW140788080 BCX4\" data-ccp-parastyle=\"No Spacing\">\u03b5\u03bb\u03bb\u03b7\u03bd\u03b9\u03ba\u03ac<\/span> <span class=\"NormalTextRun SCXW140788080 BCX4\" data-ccp-parastyle=\"No Spacing\">\u03bc\u03b5<\/span> <span class=\"NormalTextRun SCXW140788080 BCX4\" data-ccp-parastyle=\"No Spacing\">\u03b4\u03b7\u03bc\u03b9\u03bf\u03c5\u03c1\u03b3\u03b9\u03ba\u03cc<\/span> <span class=\"NormalTextRun SCXW140788080 BCX4\" data-ccp-parastyle=\"No Spacing\">\u03c4\u03c1\u03cc<\/span><span class=\"NormalTextRun SCXW140788080 BCX4\" data-ccp-parastyle=\"No Spacing\">\u03c0\u03bf<\/span><\/span><span class=\"EOP SCXW140788080 BCX4\" data-ccp-props=\"{&quot;201341983&quot;:0,&quot;335559739&quot;:0,&quot;335559740&quot;:240}\">\u00a0<\/span><\/p>\n","protected":false},"featured_media":12083,"template":"","meta":{"inline_featured_image":false},"product_brand":[],"product_cat":[680,563],"product_tag":[],"class_list":{"0":"post-10259","1":"product","2":"type-product","3":"status-publish","4":"has-post-thumbnail","6":"product_cat-langue","7":"product_cat-aa-fr","8":"pa_class-p1-fr","9":"pa_class-p2-fr","10":"pa_class-p3-fr","11":"pa_class-p4-fr","12":"pa_class-p5-fr","13":"pa_instructor-mme-rafaella-amanatidou-fr","14":"pa_weekday-vendredi","16":"first","17":"outofstock","18":"shipping-taxable","19":"purchasable","20":"product-type-simple"},"_links":{"self":[{"href":"https:\/\/www.esk-eltern.de\/fr\/wp-json\/wp\/v2\/product\/10259","targetHints":{"allow":["GET"]}}],"collection":[{"href":"https:\/\/www.esk-eltern.de\/fr\/wp-json\/wp\/v2\/product"}],"about":[{"href":"https:\/\/www.esk-eltern.de\/fr\/wp-json\/wp\/v2\/types\/product"}],"wp:featuredmedia":[{"embeddable":true,"href":"https:\/\/www.esk-eltern.de\/fr\/wp-json\/wp\/v2\/media\/12083"}],"wp:attachment":[{"href":"https:\/\/www.esk-eltern.de\/fr\/wp-json\/wp\/v2\/media?parent=10259"}],"wp:term":[{"taxonomy":"product_brand","embeddable":true,"href":"https:\/\/www.esk-eltern.de\/fr\/wp-json\/wp\/v2\/product_brand?post=10259"},{"taxonomy":"product_cat","embeddable":true,"href":"https:\/\/www.esk-eltern.de\/fr\/wp-json\/wp\/v2\/product_cat?post=10259"},{"taxonomy":"product_tag","embeddable":true,"href":"https:\/\/www.esk-eltern.de\/fr\/wp-json\/wp\/v2\/product_tag?post=10259"}],"curies":[{"name":"wp","href":"https:\/\/api.w.org\/{rel}","templated":true}]}}