{"id":10237,"date":"2023-09-23T17:27:20","date_gmt":"2023-09-23T15:31:40","guid":{"rendered":"https:\/\/www.esk-eltern.de\/?post_type=product&#038;p=10237"},"modified":"2025-07-29T15:49:14","modified_gmt":"2025-07-29T13:49:14","slug":"cours-de-neerlandais","status":"publish","type":"product","link":"https:\/\/www.esk-eltern.de\/fr\/produit\/cours-de-neerlandais\/","title":{"rendered":"Cours de n\u00e9erlandais"},"content":{"rendered":"<p>De la deuxi\u00e8me semaine de septembre \u00e0 la fin de l&rsquo;ann\u00e9e scolaire<\/p>\n<p><span data-contrast=\"auto\">Les cours de n\u00e9erlandais s&rsquo;adressent \u00e0 tous les enfants qui parlent le n\u00e9erlandais comme langue maternelle ou comme langue seconde.<\/span><span data-ccp-props=\"{&quot;201341983&quot;:0,&quot;335559739&quot;:0,&quot;335559740&quot;:240}\">\u00a0<\/span><\/p>\n<p><span data-contrast=\"auto\">Notre \u00e9cole est une \u00e9cole officielle supervis\u00e9e par le minist\u00e8re de la Culture n\u00e9erlandais. Les \u00e9l\u00e8ves sont r\u00e9partis en 3 groupes : maternelle\/\u00e9l\u00e9mentaire\/lyc\u00e9e.<\/span><span data-ccp-props=\"{&quot;201341983&quot;:0,&quot;335559739&quot;:0,&quot;335559740&quot;:240}\">\u00a0<\/span><\/p>\n<p><span data-contrast=\"auto\">Informations et inscription directement aupr\u00e8s de Karine M\u00fcller &#8211; <\/span><a href=\"mailto:ntc.school.karlsruhe@gmail.com\"><span data-contrast=\"none\">ntc.school.karlsruhe@gmail.com<\/span><\/a><span data-contrast=\"auto\">, 017 89791707 &#8211; 0721 9714010.<\/span><span data-ccp-props=\"{&quot;201341983&quot;:0,&quot;335559739&quot;:0,&quot;335559740&quot;:240}\">\u00a0<\/span><\/p>\n<p><span data-contrast=\"auto\">Veuillez acheter une adh\u00e9sion \u00e0 l&rsquo;association des parents pour ce cours.<\/span><span data-ccp-props=\"{&quot;201341983&quot;:0,&quot;335559739&quot;:0,&quot;335559740&quot;:240}\">\u00a0<\/span><\/p>\n<p><span data-ccp-props=\"{&quot;201341983&quot;:0,&quot;335559739&quot;:0,&quot;335559740&quot;:240}\">\u00a0<\/span><\/p>\n","protected":false},"excerpt":{"rendered":"<p>&#8212; cours externe &#8212;<\/p>\n<p>Les cours de n\u00e9erlandais s&rsquo;adressent \u00e0 tous les enfants qui parlent le n\u00e9erlandais comme langue maternelle ou comme langue seconde.<\/p>\n","protected":false},"featured_media":11898,"template":"","meta":{"inline_featured_image":false},"product_brand":[],"product_cat":[680,563],"product_tag":[],"class_list":{"0":"post-10237","1":"product","2":"type-product","3":"status-publish","4":"has-post-thumbnail","6":"product_cat-langue","7":"product_cat-aa-fr","8":"pa_class-kg-fr","9":"pa_class-p1-fr","10":"pa_class-p2-fr","11":"pa_class-p3-fr","12":"pa_class-p4-fr","13":"pa_class-p5-fr","14":"pa_class-s1-fr","15":"pa_class-s2-fr","16":"pa_class-s3-fr","17":"pa_class-s4-fr","18":"pa_class-s5-fr","19":"pa_class-s6-fr","20":"pa_class-s7-fr","21":"pa_instructor-mme-karine-mueller","22":"pa_weekday-vendredi","24":"first","25":"instock","26":"product-type-external"},"_links":{"self":[{"href":"https:\/\/www.esk-eltern.de\/fr\/wp-json\/wp\/v2\/product\/10237","targetHints":{"allow":["GET"]}}],"collection":[{"href":"https:\/\/www.esk-eltern.de\/fr\/wp-json\/wp\/v2\/product"}],"about":[{"href":"https:\/\/www.esk-eltern.de\/fr\/wp-json\/wp\/v2\/types\/product"}],"wp:featuredmedia":[{"embeddable":true,"href":"https:\/\/www.esk-eltern.de\/fr\/wp-json\/wp\/v2\/media\/11898"}],"wp:attachment":[{"href":"https:\/\/www.esk-eltern.de\/fr\/wp-json\/wp\/v2\/media?parent=10237"}],"wp:term":[{"taxonomy":"product_brand","embeddable":true,"href":"https:\/\/www.esk-eltern.de\/fr\/wp-json\/wp\/v2\/product_brand?post=10237"},{"taxonomy":"product_cat","embeddable":true,"href":"https:\/\/www.esk-eltern.de\/fr\/wp-json\/wp\/v2\/product_cat?post=10237"},{"taxonomy":"product_tag","embeddable":true,"href":"https:\/\/www.esk-eltern.de\/fr\/wp-json\/wp\/v2\/product_tag?post=10237"}],"curies":[{"name":"wp","href":"https:\/\/api.w.org\/{rel}","templated":true}]}}