{"id":10230,"date":"2024-01-03T16:00:27","date_gmt":"2024-02-03T15:04:10","guid":{"rendered":"https:\/\/www.esk-eltern.de\/?post_type=product&#038;p=10230"},"modified":"2025-09-25T19:08:46","modified_gmt":"2025-09-25T17:08:46","slug":"club-francais","status":"publish","type":"product","link":"https:\/\/www.esk-eltern.de\/fr\/produit\/club-francais\/","title":{"rendered":"Club fran\u00e7ais"},"content":{"rendered":"","protected":false},"excerpt":{"rendered":"<p>Les enfants d\u00e9couvriront et approfondiront la langue et la culture fran\u00e7aise de mani\u00e8re ludique<\/p>\n","protected":false},"featured_media":11929,"template":"","meta":{"inline_featured_image":false},"product_brand":[],"product_cat":[680,563],"product_tag":[],"class_list":{"0":"post-10230","1":"product","2":"type-product","3":"status-publish","4":"has-post-thumbnail","6":"product_cat-langue","7":"product_cat-aa-fr","8":"pa_class-kg-fr","9":"pa_class-p1-fr","10":"pa_class-p2-fr","11":"pa_instructor-mme-jeanette-de-monneron-fr","12":"pa_weekday-lundi","14":"first","15":"outofstock","16":"virtual","17":"purchasable","18":"product-type-simple"},"_links":{"self":[{"href":"https:\/\/www.esk-eltern.de\/fr\/wp-json\/wp\/v2\/product\/10230","targetHints":{"allow":["GET"]}}],"collection":[{"href":"https:\/\/www.esk-eltern.de\/fr\/wp-json\/wp\/v2\/product"}],"about":[{"href":"https:\/\/www.esk-eltern.de\/fr\/wp-json\/wp\/v2\/types\/product"}],"wp:featuredmedia":[{"embeddable":true,"href":"https:\/\/www.esk-eltern.de\/fr\/wp-json\/wp\/v2\/media\/11929"}],"wp:attachment":[{"href":"https:\/\/www.esk-eltern.de\/fr\/wp-json\/wp\/v2\/media?parent=10230"}],"wp:term":[{"taxonomy":"product_brand","embeddable":true,"href":"https:\/\/www.esk-eltern.de\/fr\/wp-json\/wp\/v2\/product_brand?post=10230"},{"taxonomy":"product_cat","embeddable":true,"href":"https:\/\/www.esk-eltern.de\/fr\/wp-json\/wp\/v2\/product_cat?post=10230"},{"taxonomy":"product_tag","embeddable":true,"href":"https:\/\/www.esk-eltern.de\/fr\/wp-json\/wp\/v2\/product_tag?post=10230"}],"curies":[{"name":"wp","href":"https:\/\/api.w.org\/{rel}","templated":true}]}}