{"id":9415,"date":"2023-08-02T23:02:07","date_gmt":"2023-08-02T21:02:07","guid":{"rendered":"https:\/\/www.esk-eltern.de\/?page_id=9415"},"modified":"2025-03-31T11:51:19","modified_gmt":"2025-03-31T09:51:19","slug":"garderie-des-vacances","status":"publish","type":"page","link":"https:\/\/www.esk-eltern.de\/fr\/services\/garderie-des-vacances\/","title":{"rendered":"Garderie des vacances"},"content":{"rendered":"\n<p>Chers parents,<\/p>\n\n<p>l&rsquo;association des parents d&rsquo;\u00e9l\u00e8ves organise, en collaboration avec MOMI\/NAMI et d&rsquo;autres organismes (Lenitas, AWO,&#8230;), un accueil \u00e0 l&rsquo;\u00e9cole europ\u00e9enne pour les enfants de maternelle et de primaire pendant les vacances.<\/p>\n\n<p><strong>Toutes les places sont prises. Nous continuerons \u00e0 vous informer.<\/strong><\/p>\n\n<p>En collaboration avec MOMI\/NAMI, la garderie aura lieu du 22 au 25 avril 2025, de 8h \u00e0 16h, et sera propos\u00e9e \u00e0 l&rsquo;\u00c9cole Europ\u00e9enne pour les enfants de KINDERGARTEN, P1 et P2 au tarif de 200 \u20ac.<\/p>\n\n<p>Veuillez noter ce qui suit:<\/p>\n\n<ul class=\"wp-block-list\">\n<li>Pour s&rsquo;inscrire au service de garde pendant les vacances et payer, vous devez \u00eatre membre de l&rsquo;association des parents (cotisation annuelle de 40\u20ac). Si vous n&rsquo;\u00eates pas encore membre, vous pouvez l&rsquo;acqu\u00e9rir <a href=\"https:\/\/www.esk-eltern.de\/fr\/devenirmembre\/\">ici<\/a> en achetant votre adh\u00e9sion.<br\/>S&rsquo;il vous pla\u00eet, enregistrez tout de suite vos enfants dans <a href=\"https:\/\/www.esk-eltern.de\/fr\/mon-compte\/\">votre compte<\/a> dans les d\u00e9tails du compte, si vous ne l&rsquo;avez pas encore fait, afin que vous puissiez s\u00e9lectionner votre\/vos enfant(s) dans le processus de commande.<\/li>\n\n\n\n<li>Le r\u00e8glement de protection des donn\u00e9es est disponible sur le site web de l&rsquo;association des parents.<\/li>\n\n\n\n<li>Le nombre minimum de participants est de 8 enfants<\/li>\n\n\n\n<li>Politique d&rsquo;annulation : Les annulations effectu\u00e9es avant le 7 avril ne seront rembours\u00e9es que s&rsquo;il y a une liste d&rsquo;attente. Les annulations apr\u00e8s le 7 avril ne seront pas rembours\u00e9es.<\/li>\n\n\n\n<li>Date limite d&rsquo;inscription : 31 mars 2025<\/li>\n<\/ul>\n\n<div class=\"wp-block-query is-layout-flow wp-block-query-is-layout-flow\">\n\n\n\n<div class=\"wp-block-query-no-results\">\n\n<p><\/p>\n\n<\/div><\/div>\n","protected":false},"excerpt":{"rendered":"<p>Chers parents, l&rsquo;association des parents d&rsquo;\u00e9l\u00e8ves organise, en collaboration avec MOMI\/NAMI et d&rsquo;autres organismes (Lenitas, AWO,&#8230;), un accueil \u00e0 l&rsquo;\u00e9cole europ\u00e9enne pour les enfants de maternelle et de primaire pendant les vacances. Toutes les places sont prises. Nous continuerons \u00e0 vous informer. En collaboration avec MOMI\/NAMI, la garderie aura lieu du 22 au 25 avril <a class=\"read-more-link\" href=\"https:\/\/www.esk-eltern.de\/fr\/services\/garderie-des-vacances\/\">Read More<\/a><\/p>\n","protected":false},"author":406,"featured_media":0,"parent":9342,"menu_order":129,"comment_status":"closed","ping_status":"closed","template":"","meta":{"inline_featured_image":false,"footnotes":""},"class_list":["post-9415","page","type-page","status-publish","hentry"],"_links":{"self":[{"href":"https:\/\/www.esk-eltern.de\/fr\/wp-json\/wp\/v2\/pages\/9415","targetHints":{"allow":["GET"]}}],"collection":[{"href":"https:\/\/www.esk-eltern.de\/fr\/wp-json\/wp\/v2\/pages"}],"about":[{"href":"https:\/\/www.esk-eltern.de\/fr\/wp-json\/wp\/v2\/types\/page"}],"author":[{"embeddable":true,"href":"https:\/\/www.esk-eltern.de\/fr\/wp-json\/wp\/v2\/users\/406"}],"replies":[{"embeddable":true,"href":"https:\/\/www.esk-eltern.de\/fr\/wp-json\/wp\/v2\/comments?post=9415"}],"version-history":[{"count":12,"href":"https:\/\/www.esk-eltern.de\/fr\/wp-json\/wp\/v2\/pages\/9415\/revisions"}],"predecessor-version":[{"id":13238,"href":"https:\/\/www.esk-eltern.de\/fr\/wp-json\/wp\/v2\/pages\/9415\/revisions\/13238"}],"up":[{"embeddable":true,"href":"https:\/\/www.esk-eltern.de\/fr\/wp-json\/wp\/v2\/pages\/9342"}],"wp:attachment":[{"href":"https:\/\/www.esk-eltern.de\/fr\/wp-json\/wp\/v2\/media?parent=9415"}],"curies":[{"name":"wp","href":"https:\/\/api.w.org\/{rel}","templated":true}]}}