{"id":9410,"date":"2023-08-02T22:58:17","date_gmt":"2023-08-02T20:58:17","guid":{"rendered":"https:\/\/www.esk-eltern.de\/?page_id=9410"},"modified":"2025-01-28T10:30:55","modified_gmt":"2025-01-28T09:30:55","slug":"besoins-educatifs-speciaux","status":"publish","type":"page","link":"https:\/\/www.esk-eltern.de\/fr\/association-des-parents-deleves\/besoins-educatifs-speciaux\/","title":{"rendered":"Besoins \u00e9ducatifs sp\u00e9ciaux"},"content":{"rendered":"\n<h2 class=\"wp-block-heading\">Ton enfant a des besoins \u00e9ducatifs sp\u00e9ciaux ?<\/h2>\n\n\n\n<p>L\u2019ESK est une \u00e9cole inclusive dont la communaut\u00e9 scolaire compte des enfants neuroatypiques ayant divers besoins \u00e9ducatifs sp\u00e9ciaux tels que l\u2019autisme, le TDAH, la dyslexie, la dyscalculie, la dysgraphie, des difficult\u00e9s comportementales et\/ou \u00e9motionnelles, des surdou\u00e9s et des talents et bien d\u2019autres encore.<br><br>Notre programme SEN a pour but d\u2019aider les \u00e9l\u00e8ves avec un soutien adapt\u00e9, en rendant l\u2019ensemble du programme scolaire accessible aux \u00e9l\u00e8ves qui ont des besoins diff\u00e9rents des enfants neurotypiques.<\/p>\n\n\n\n<h2 class=\"wp-block-heading\">Organisation du soutien dans les \u00e9coles europ\u00e9ennes<\/h2>\n\n\n\n<ul class=\"wp-block-list\">\n<li>Le soutien est flexible. Il a lieu au sein de la classe ou individuellement et est adapt\u00e9 aux besoins de l\u2019enfant. Des petits groupes peuvent \u00eatre cr\u00e9\u00e9s pour combler les lacunes partag\u00e9es dans l\u2019apprentissage.<\/li>\n\n\n\n<li>Il existe 3 cat\u00e9gories de soutien fournies dans le syst\u00e8me des \u00e9coles europ\u00e9ennes : G\u00e9n\u00e9ral, Mod\u00e9r\u00e9 et Intensif (\u00e0 la fois Intensif A qui est \u00e0 long terme et Intensif B qui est pr\u00e9vu \u00e0 court terme).<\/li>\n\n\n\n<li>La famille peut \u00eatre approch\u00e9e par l\u2019\u00e9cole avec une suggestion de soutien ou la famille peut approcher l\u2019\u00e9cole et demander un soutien si elle pense que son enfant pourrait en b\u00e9n\u00e9ficier.<\/li>\n<\/ul>\n\n\n\n<p><strong>Points \u00e0 noter<\/strong><\/p>\n\n\n\n<ul class=\"wp-block-list\">\n<li>Les diagnostics existants doivent \u00eatre d\u00e9clar\u00e9s lors de l\u2019inscription \u00e0 l\u2019\u00e9cole.<\/li>\n\n\n\n<li>Dans les cas o\u00f9 l\u2019\u00e9cole n\u2019est pas en mesure de fournir le soutien \u00e9ducatif n\u00e9cessaire \u00e0 un \u00e9l\u00e8ve, elle peut se d\u00e9clarer incomp\u00e9tente. L\u2019\u00e9cole s\u2019engage \u00e0 aider les parents dans la recherche d\u2019un environnement \u00e9ducatif appropri\u00e9.<\/li>\n<\/ul>\n\n\n\n<p><strong>Dates importantes<\/strong><\/p>\n\n\n\n<ul class=\"wp-block-list\">\n<li>Pour obtenir des am\u00e9nagements pour le cycle du BAC et l\u2019examen du baccalaur\u00e9at, un rapport psychologique complet doit \u00eatre r\u00e9alis\u00e9 entre octobre du S3 et octobre du S5 et la demande d\u2019am\u00e9nagements pour le BAC doit \u00eatre soumise avant octobre du S5 en vue du S7. Ces r\u00e8gles sont \u00e9nonc\u00e9es dans le document de proc\u00e9dure li\u00e9 ci-dessous.<\/li>\n<\/ul>\n\n\n\n<p><strong>Liens importants<\/strong><\/p>\n\n\n\n<p><strong>L\u2019\u00e9quipe SEN de l\u2019\u00c9cole europ\u00e9enne<\/strong><\/p>\n\n\n\n<p>L\u2019\u00e9cole primaire : Ingrid Bayless<br>L\u2019\u00e9cole secondaire : Sophie Chabanis-Davidson&nbsp;<\/p>\n\n\n\n<h2 class=\"wp-block-heading\">Comment l\u2019APE peut-elle aider \u00e0 r\u00e9pondre aux besoins SEN de ton enfant?<\/h2>\n\n\n\n<p>As-tu besoin de conseils et de soutien confidentiels de la part d\u2019un parent qui a de l\u2019exp\u00e9rience avec le SEN \u00e0 l\u2019ESK ? Aimerais-tu une oreille amicale pour \u00e9couter tes inqui\u00e9tudes et qui comprenne ce que c\u2019est que de soutenir un enfant en SEN ? Nous, l\u2019APE, sommes l\u00e0 pour t\u2019\u00e9couter et t\u2019aider \u00e0 d\u00e9fendre les int\u00e9r\u00eats de ton enfant. N\u2019h\u00e9site pas \u00e0 nous contacter. On regrette rarement d\u2019avoir demand\u00e9 du soutien, mais on regrette souvent de ne pas l\u2019avoir demand\u00e9 quand c\u2019\u00e9tait n\u00e9cessaire. Nous sommes l\u00e0 pour t\u2019\u00e9couter.<\/p>\n\n\n\n<p>Pour plus d\u2019informations, contacte nos sp\u00e9cialistes SEN \u00e0 l\u2019AP (<a href=\"https:\/\/www.esk-eltern.de\/fr\/a-propos\/qui-est-qui\/\">Qui est qui?<\/a>) : sen@esk-eltern.de ou sen_fr@esk-eltern.de<\/p>\n","protected":false},"excerpt":{"rendered":"<p>Ton enfant a des besoins \u00e9ducatifs sp\u00e9ciaux ? L\u2019ESK est une \u00e9cole inclusive dont la communaut\u00e9 scolaire compte des enfants neuroatypiques ayant divers besoins \u00e9ducatifs sp\u00e9ciaux tels que l\u2019autisme, le TDAH, la dyslexie, la dyscalculie, la dysgraphie, des difficult\u00e9s comportementales et\/ou \u00e9motionnelles, des surdou\u00e9s et des talents et bien d\u2019autres encore. Notre programme SEN a <a class=\"read-more-link\" href=\"https:\/\/www.esk-eltern.de\/fr\/association-des-parents-deleves\/besoins-educatifs-speciaux\/\">Read More<\/a><\/p>\n","protected":false},"author":406,"featured_media":0,"parent":13355,"menu_order":102,"comment_status":"closed","ping_status":"closed","template":"","meta":{"inline_featured_image":false,"footnotes":""},"class_list":["post-9410","page","type-page","status-publish","hentry"],"_links":{"self":[{"href":"https:\/\/www.esk-eltern.de\/fr\/wp-json\/wp\/v2\/pages\/9410","targetHints":{"allow":["GET"]}}],"collection":[{"href":"https:\/\/www.esk-eltern.de\/fr\/wp-json\/wp\/v2\/pages"}],"about":[{"href":"https:\/\/www.esk-eltern.de\/fr\/wp-json\/wp\/v2\/types\/page"}],"author":[{"embeddable":true,"href":"https:\/\/www.esk-eltern.de\/fr\/wp-json\/wp\/v2\/users\/406"}],"replies":[{"embeddable":true,"href":"https:\/\/www.esk-eltern.de\/fr\/wp-json\/wp\/v2\/comments?post=9410"}],"version-history":[{"count":2,"href":"https:\/\/www.esk-eltern.de\/fr\/wp-json\/wp\/v2\/pages\/9410\/revisions"}],"predecessor-version":[{"id":13020,"href":"https:\/\/www.esk-eltern.de\/fr\/wp-json\/wp\/v2\/pages\/9410\/revisions\/13020"}],"up":[{"embeddable":true,"href":"https:\/\/www.esk-eltern.de\/fr\/wp-json\/wp\/v2\/pages\/13355"}],"wp:attachment":[{"href":"https:\/\/www.esk-eltern.de\/fr\/wp-json\/wp\/v2\/media?parent=9410"}],"curies":[{"name":"wp","href":"https:\/\/api.w.org\/{rel}","templated":true}]}}