{"id":9406,"date":"2023-08-02T22:53:22","date_gmt":"2023-08-02T20:53:22","guid":{"rendered":"https:\/\/www.esk-eltern.de\/?page_id=9406"},"modified":"2025-04-25T22:49:33","modified_gmt":"2025-04-25T20:49:33","slug":"fonds-sociaux","status":"publish","type":"page","link":"https:\/\/www.esk-eltern.de\/fr\/association-des-parents-deleves\/fonds-sociaux\/","title":{"rendered":"Fonds sociaux"},"content":{"rendered":"\n<p>Avec notre fonds social, nous voulons soutenir les parents pour qui les frais de scolarit\u00e9 et les co\u00fbts associ\u00e9s sont associ\u00e9s \u00e0 des difficult\u00e9s financi\u00e8res, soit temporaires, soit \u00e0 long terme.<\/p>\n\n\n\n<p>Si vous avez besoin d&rsquo;un soutien financier pour un prochain voyage scolaire ou un \u00e9v\u00e9nement scolaire, par exemple, veuillez contacter l&rsquo;Association des parents et soumettre un formulaire de demande financi\u00e8re qui se trouve sur le lien ci-dessous. L&rsquo;administration de l&rsquo;\u00e9cole sera alors invit\u00e9e \u00e0 examiner le besoin financier et \u00e0 approuver les demandes. Toutes les demandes sont trait\u00e9es avec la plus grande confidentialit\u00e9.<\/p>\n\n\n\n<p><a href=\"https:\/\/www.esk-eltern.de\/nextcloud\/index.php\/s\/sa4GXCCMcqz97L4\">https:\/\/www.esk-eltern.de\/nextcloud\/index.php\/s\/sa4GXCCMcqz97L4<\/a><\/p>\n\n\n\n<p>Pour pouvoir b\u00e9n\u00e9ficier d&rsquo;une aide, vous devez \u00eatre membre de l&rsquo;association des parents d&rsquo;\u00e9l\u00e8ves.<\/p>\n\n\n\n<p>Si vous avez des questions concernant le fonds social, veuillez contacter <a href=\"mailto:kar-evtreasurer@partner.eursc.eu\">kar-evtreasurer@partner.eursc.eu<\/a><\/p>\n","protected":false},"excerpt":{"rendered":"<p>Avec notre fonds social, nous voulons soutenir les parents pour qui les frais de scolarit\u00e9 et les co\u00fbts associ\u00e9s sont associ\u00e9s \u00e0 des difficult\u00e9s financi\u00e8res, soit temporaires, soit \u00e0 long terme. Si vous avez besoin d&rsquo;un soutien financier pour un prochain voyage scolaire ou un \u00e9v\u00e9nement scolaire, par exemple, veuillez contacter l&rsquo;Association des parents et <a class=\"read-more-link\" href=\"https:\/\/www.esk-eltern.de\/fr\/association-des-parents-deleves\/fonds-sociaux\/\">Read More<\/a><\/p>\n","protected":false},"author":406,"featured_media":0,"parent":13355,"menu_order":97,"comment_status":"closed","ping_status":"closed","template":"","meta":{"inline_featured_image":false,"footnotes":""},"class_list":["post-9406","page","type-page","status-publish","hentry"],"_links":{"self":[{"href":"https:\/\/www.esk-eltern.de\/fr\/wp-json\/wp\/v2\/pages\/9406","targetHints":{"allow":["GET"]}}],"collection":[{"href":"https:\/\/www.esk-eltern.de\/fr\/wp-json\/wp\/v2\/pages"}],"about":[{"href":"https:\/\/www.esk-eltern.de\/fr\/wp-json\/wp\/v2\/types\/page"}],"author":[{"embeddable":true,"href":"https:\/\/www.esk-eltern.de\/fr\/wp-json\/wp\/v2\/users\/406"}],"replies":[{"embeddable":true,"href":"https:\/\/www.esk-eltern.de\/fr\/wp-json\/wp\/v2\/comments?post=9406"}],"version-history":[{"count":2,"href":"https:\/\/www.esk-eltern.de\/fr\/wp-json\/wp\/v2\/pages\/9406\/revisions"}],"predecessor-version":[{"id":13232,"href":"https:\/\/www.esk-eltern.de\/fr\/wp-json\/wp\/v2\/pages\/9406\/revisions\/13232"}],"up":[{"embeddable":true,"href":"https:\/\/www.esk-eltern.de\/fr\/wp-json\/wp\/v2\/pages\/13355"}],"wp:attachment":[{"href":"https:\/\/www.esk-eltern.de\/fr\/wp-json\/wp\/v2\/media?parent=9406"}],"curies":[{"name":"wp","href":"https:\/\/api.w.org\/{rel}","templated":true}]}}