{"id":9356,"date":"2023-08-02T23:09:24","date_gmt":"2023-08-02T21:09:24","guid":{"rendered":"https:\/\/www.esk-eltern.de\/?page_id=9356"},"modified":"2025-04-26T22:19:34","modified_gmt":"2025-04-26T20:19:34","slug":"cantine","status":"publish","type":"page","link":"https:\/\/www.esk-eltern.de\/fr\/services\/cantine\/","title":{"rendered":"Cantine"},"content":{"rendered":"\n<p>Nous savons \u00e0 quel point un bon r\u00e9gime alimentaire est important. Pour restaurer vos enfants \u00e0 l\u2019ESKAR nous faisons appel \u00e0 la soci\u00e9t\u00e9 Medirest (certifi\u00e9 selon la norme DIN EN ISO 9001: 2000).<\/p>\n","protected":false},"excerpt":{"rendered":"<p>Nous savons \u00e0 quel point un bon r\u00e9gime alimentaire est important. Pour restaurer vos enfants \u00e0 l\u2019ESKAR nous faisons appel \u00e0 la soci\u00e9t\u00e9 Medirest (certifi\u00e9 selon la norme DIN EN ISO 9001: 2000).<\/p>\n","protected":false},"author":406,"featured_media":0,"parent":9342,"menu_order":137,"comment_status":"closed","ping_status":"closed","template":"","meta":{"inline_featured_image":false,"footnotes":""},"class_list":["post-9356","page","type-page","status-publish","hentry"],"_links":{"self":[{"href":"https:\/\/www.esk-eltern.de\/fr\/wp-json\/wp\/v2\/pages\/9356","targetHints":{"allow":["GET"]}}],"collection":[{"href":"https:\/\/www.esk-eltern.de\/fr\/wp-json\/wp\/v2\/pages"}],"about":[{"href":"https:\/\/www.esk-eltern.de\/fr\/wp-json\/wp\/v2\/types\/page"}],"author":[{"embeddable":true,"href":"https:\/\/www.esk-eltern.de\/fr\/wp-json\/wp\/v2\/users\/406"}],"replies":[{"embeddable":true,"href":"https:\/\/www.esk-eltern.de\/fr\/wp-json\/wp\/v2\/comments?post=9356"}],"version-history":[{"count":1,"href":"https:\/\/www.esk-eltern.de\/fr\/wp-json\/wp\/v2\/pages\/9356\/revisions"}],"predecessor-version":[{"id":9418,"href":"https:\/\/www.esk-eltern.de\/fr\/wp-json\/wp\/v2\/pages\/9356\/revisions\/9418"}],"up":[{"embeddable":true,"href":"https:\/\/www.esk-eltern.de\/fr\/wp-json\/wp\/v2\/pages\/9342"}],"wp:attachment":[{"href":"https:\/\/www.esk-eltern.de\/fr\/wp-json\/wp\/v2\/media?parent=9356"}],"curies":[{"name":"wp","href":"https:\/\/api.w.org\/{rel}","templated":true}]}}