{"id":9342,"date":"2023-08-01T22:42:20","date_gmt":"2023-08-01T20:42:20","guid":{"rendered":"https:\/\/www.esk-eltern.de\/?page_id=9342"},"modified":"2023-08-02T23:55:32","modified_gmt":"2023-08-02T21:55:32","slug":"services","status":"publish","type":"page","link":"https:\/\/www.esk-eltern.de\/fr\/services\/","title":{"rendered":"Services"},"content":{"rendered":"\n<p class=\"has-x-large-font-size\">Cette page est en cours de r\u00e9vision<\/p>\n\n\n<ul class=\"wp-block-page-list\"><li class=\"wp-block-pages-list__item\"><a class=\"wp-block-pages-list__item__link\" href=\"https:\/\/www.esk-eltern.de\/fr\/services\/association-de-transport\/\">Association de transport<\/a><\/li><li class=\"wp-block-pages-list__item\"><a class=\"wp-block-pages-list__item__link\" href=\"https:\/\/www.esk-eltern.de\/fr\/services\/euroboutique\/\">Euroboutique<\/a><\/li><li class=\"wp-block-pages-list__item\"><a class=\"wp-block-pages-list__item__link\" href=\"https:\/\/www.esk-eltern.de\/fr\/services\/activites-extra-scolaires\/\">Activit\u00e9s extra-scolaires<\/a><\/li><li class=\"wp-block-pages-list__item\"><a class=\"wp-block-pages-list__item__link\" href=\"https:\/\/www.esk-eltern.de\/fr\/services\/garderie-des-vacances\/\">Garderie des vacances<\/a><\/li><li class=\"wp-block-pages-list__item\"><a class=\"wp-block-pages-list__item__link\" href=\"https:\/\/www.esk-eltern.de\/fr\/services\/cantine\/\">Cantine<\/a><\/li><\/ul>\n\n\n<p>Transports<\/p>\n\n\n\n<p>F\u00eate d&rsquo;\u00e9t\u00e9<\/p>\n\n\n\n<p>Fonds social<\/p>\n\n\n\n<p>Mobility Programme- \u00c9changes scolaires<\/p>\n\n\n\n<p>Kangourou des math\u00e9matiques<\/p>\n\n\n\n<p>Spelling bees<\/p>\n\n\n\n<p>Photos de l&rsquo;\u00e9cole<\/p>\n","protected":false},"excerpt":{"rendered":"<p>Cette page est en cours de r\u00e9vision Transports F\u00eate d&rsquo;\u00e9t\u00e9 Fonds social Mobility Programme- \u00c9changes scolaires Kangourou des math\u00e9matiques Spelling bees Photos de l&rsquo;\u00e9cole<\/p>\n","protected":false},"author":406,"featured_media":0,"parent":0,"menu_order":89,"comment_status":"closed","ping_status":"closed","template":"","meta":{"inline_featured_image":false,"footnotes":""},"class_list":["post-9342","page","type-page","status-publish","hentry"],"_links":{"self":[{"href":"https:\/\/www.esk-eltern.de\/fr\/wp-json\/wp\/v2\/pages\/9342","targetHints":{"allow":["GET"]}}],"collection":[{"href":"https:\/\/www.esk-eltern.de\/fr\/wp-json\/wp\/v2\/pages"}],"about":[{"href":"https:\/\/www.esk-eltern.de\/fr\/wp-json\/wp\/v2\/types\/page"}],"author":[{"embeddable":true,"href":"https:\/\/www.esk-eltern.de\/fr\/wp-json\/wp\/v2\/users\/406"}],"replies":[{"embeddable":true,"href":"https:\/\/www.esk-eltern.de\/fr\/wp-json\/wp\/v2\/comments?post=9342"}],"version-history":[{"count":2,"href":"https:\/\/www.esk-eltern.de\/fr\/wp-json\/wp\/v2\/pages\/9342\/revisions"}],"predecessor-version":[{"id":9480,"href":"https:\/\/www.esk-eltern.de\/fr\/wp-json\/wp\/v2\/pages\/9342\/revisions\/9480"}],"wp:attachment":[{"href":"https:\/\/www.esk-eltern.de\/fr\/wp-json\/wp\/v2\/media?parent=9342"}],"curies":[{"name":"wp","href":"https:\/\/api.w.org\/{rel}","templated":true}]}}