{"id":9269,"date":"2023-08-01T20:36:29","date_gmt":"2023-08-01T18:36:29","guid":{"rendered":"https:\/\/www.esk-eltern.de\/?page_id=9269"},"modified":"2024-09-18T11:55:39","modified_gmt":"2024-09-18T09:55:39","slug":"startseite-2","status":"publish","type":"page","link":"https:\/\/www.esk-eltern.de\/fr\/","title":{"rendered":"Accueil"},"content":{"rendered":"\n<div class=\"wp-block-group alignfull has-background is-layout-flow wp-block-group-is-layout-flow\" style=\"background-color:#ffffff00;padding-top:100px;padding-bottom:100px\">\n<div class=\"wp-block-columns alignwide are-vertically-aligned-center is-layout-flex wp-container-core-columns-is-layout-f350720d wp-block-columns-is-layout-flex\" style=\"padding-top:20px\">\n<div class=\"wp-block-column is-vertically-aligned-center has-background is-layout-flow wp-block-column-is-layout-flow\" style=\"background-color:#00000000\">\n<div class=\"wp-block-group alignwide has-background is-layout-flow wp-block-group-is-layout-flow\" style=\"border-top-left-radius:0px;border-top-right-radius:80px;border-bottom-left-radius:80px;border-bottom-right-radius:0px;background-color:#b0c7e6;padding-top:30px;padding-right:20px;padding-bottom:30px;padding-left:20px\">\n<figure class=\"wp-block-image aligncenter size-large is-resized\"><img loading=\"lazy\" decoding=\"async\" width=\"32\" height=\"32\" src=\"https:\/\/www.esk-eltern.de\/wp-content\/uploads\/2023\/07\/trophy-duotone.svg\" alt=\"\" class=\"wp-image-9148\" style=\"width:64px;height:64px\"\/><\/figure>\n\n\n\n<h4 class=\"wp-block-heading has-text-align-center has-foreground-color has-text-color\" style=\"font-size:22px;line-height:1.3\"><strong>Activit\u00e9s extrascolaires<\/strong><br><\/h4>\n\n\n\n<p class=\"has-text-align-center has-text-color has-extra-small-font-size\" style=\"color:#004aad\">Offre et organisation des activit\u00e9s extrascolaires<\/p>\n\n\n\n<div class=\"wp-block-buttons is-content-justification-center is-layout-flex wp-container-core-buttons-is-layout-a89b3969 wp-block-buttons-is-layout-flex\">\n<div class=\"wp-block-button has-custom-font-size\" style=\"font-size:16px\"><a class=\"wp-block-button__link has-foreground-color has-text-color has-background wp-element-button\" href=\"https:\/\/www.esk-eltern.de\/fr\/services\/activites-extra-scolaires\/\" style=\"border-top-left-radius:20px;border-top-right-radius:5px;border-bottom-left-radius:5px;border-bottom-right-radius:20px;background-color:#fff844;padding-top:5px;padding-right:15px;padding-bottom:5px;padding-left:15px\">les activit\u00e9s<\/a><\/div>\n<\/div>\n<\/div>\n<\/div>\n\n\n\n<div class=\"wp-block-column is-vertically-aligned-center has-background is-layout-flow wp-block-column-is-layout-flow\" style=\"background-color:#00000000\">\n<div class=\"wp-block-group alignwide has-background is-layout-flow wp-block-group-is-layout-flow\" style=\"border-top-left-radius:0px;border-top-right-radius:80px;border-bottom-left-radius:80px;border-bottom-right-radius:0px;background-color:#b0c7e6;padding-top:30px;padding-right:20px;padding-bottom:30px;padding-left:20px\">\n<figure class=\"wp-block-image aligncenter size-large is-resized\"><img loading=\"lazy\" decoding=\"async\" width=\"32\" height=\"32\" src=\"https:\/\/www.esk-eltern.de\/wp-content\/uploads\/2023\/07\/shirt-folded-duotone.svg\" alt=\"\" class=\"wp-image-9145\" style=\"width:64px;height:64px\"\/><\/figure>\n\n\n\n<h4 class=\"wp-block-heading has-text-align-center has-foreground-color has-text-color\" style=\"font-size:22px;line-height:1.3\"><strong>Euroboutique<\/strong><br><\/h4>\n\n\n\n<p class=\"has-text-align-center has-text-color has-extra-small-font-size\" style=\"color:#004aad\">V\u00eatements avec le logo de l&rsquo;\u00c9cole europ\u00e9enne de Karlsruhe<\/p>\n\n\n\n<div class=\"wp-block-buttons is-content-justification-center is-layout-flex wp-container-core-buttons-is-layout-a89b3969 wp-block-buttons-is-layout-flex\">\n<div class=\"wp-block-button has-custom-font-size\" style=\"font-size:16px\"><a class=\"wp-block-button__link has-foreground-color has-text-color has-background wp-element-button\" href=\"https:\/\/www.esk-eltern.de\/fr\/services\/euroboutique\/\" style=\"border-top-left-radius:20px;border-top-right-radius:5px;border-bottom-left-radius:5px;border-bottom-right-radius:20px;background-color:#fff844;padding-top:5px;padding-right:15px;padding-bottom:5px;padding-left:15px\">la boutique en ligne<\/a><\/div>\n<\/div>\n<\/div>\n<\/div>\n\n\n\n<div class=\"wp-block-column is-vertically-aligned-center has-background is-layout-flow wp-block-column-is-layout-flow\" style=\"background-color:#00000000\">\n<div class=\"wp-block-group alignwide has-background is-layout-flow wp-block-group-is-layout-flow\" style=\"border-top-left-radius:0px;border-top-right-radius:80px;border-bottom-left-radius:80px;border-bottom-right-radius:0px;background-color:#b0c7e6;padding-top:30px;padding-right:20px;padding-bottom:30px;padding-left:20px\">\n<figure class=\"wp-block-image aligncenter size-large is-resized\"><img loading=\"lazy\" decoding=\"async\" width=\"32\" height=\"32\" src=\"https:\/\/www.esk-eltern.de\/wp-content\/uploads\/2023\/07\/hand-heart-duotone.svg\" alt=\"\" class=\"wp-image-9139\" style=\"width:64px;height:64px\"\/><\/figure>\n\n\n\n<h4 class=\"wp-block-heading has-text-align-center has-foreground-color has-text-color\" style=\"font-size:22px;line-height:1.3\"><strong>Fonds social<\/strong><br><\/h4>\n\n\n\n<p class=\"has-text-align-center has-text-color has-extra-small-font-size\" style=\"color:#004aad\">Soutien aux enfants de familles socialement d\u00e9favoris\u00e9es<\/p>\n\n\n\n<div class=\"wp-block-buttons is-content-justification-center is-layout-flex wp-container-core-buttons-is-layout-a89b3969 wp-block-buttons-is-layout-flex\">\n<div class=\"wp-block-button has-custom-font-size\" style=\"font-size:16px\"><a class=\"wp-block-button__link has-foreground-color has-text-color has-background wp-element-button\" href=\"https:\/\/www.esk-eltern.de\/fr\/services\/fonds-sociaux\/\" style=\"border-top-left-radius:20px;border-top-right-radius:5px;border-bottom-left-radius:5px;border-bottom-right-radius:20px;background-color:#fff844;padding-top:5px;padding-right:15px;padding-bottom:5px;padding-left:15px\">En savoir plus<\/a><\/div>\n<\/div>\n<\/div>\n<\/div>\n\n\n\n<div class=\"wp-block-column is-vertically-aligned-center has-background is-layout-flow wp-block-column-is-layout-flow\" style=\"background-color:#00000000\">\n<div class=\"wp-block-group alignwide has-background is-layout-flow wp-block-group-is-layout-flow\" style=\"border-top-left-radius:0px;border-top-right-radius:80px;border-bottom-left-radius:80px;border-bottom-right-radius:0px;background-color:#b0c7e6;padding-top:30px;padding-right:20px;padding-bottom:30px;padding-left:20px\">\n<figure class=\"wp-block-image aligncenter size-large is-resized\"><img loading=\"lazy\" decoding=\"async\" width=\"32\" height=\"32\" src=\"https:\/\/www.esk-eltern.de\/wp-content\/uploads\/2023\/07\/handshake-duotone.svg\" alt=\"\" class=\"wp-image-9142\" style=\"width:64px;height:64px\"\/><\/figure>\n\n\n\n<h4 class=\"wp-block-heading has-text-align-center has-foreground-color has-text-color\" style=\"font-size:22px;line-height:1.3\"><strong>Besoins \u00e9ducatifs sp\u00e9ciaux<\/strong><br><\/h4>\n\n\n\n<p class=\"has-text-align-center has-text-color has-extra-small-font-size\" style=\"color:#004aad\">Soutien en cas de besoins \u00e9ducatifs particuliers<\/p>\n\n\n\n<div class=\"wp-block-buttons is-content-justification-center is-layout-flex wp-container-core-buttons-is-layout-a89b3969 wp-block-buttons-is-layout-flex\">\n<div class=\"wp-block-button has-custom-font-size\" style=\"font-size:16px\"><a class=\"wp-block-button__link has-foreground-color has-text-color has-background wp-element-button\" href=\"https:\/\/www.esk-eltern.de\/fr\/services\/besoins-educatifs-speciaux\/\" style=\"border-top-left-radius:20px;border-top-right-radius:5px;border-bottom-left-radius:5px;border-bottom-right-radius:20px;background-color:#fff844;padding-top:5px;padding-right:15px;padding-bottom:5px;padding-left:15px\">En savoir plus<\/a><\/div>\n<\/div>\n<\/div>\n<\/div>\n<\/div>\n\n\n\n<div class=\"wp-block-columns alignwide are-vertically-aligned-center is-layout-flex wp-container-core-columns-is-layout-f350720d wp-block-columns-is-layout-flex\" style=\"padding-top:20px\">\n<div class=\"wp-block-column is-vertically-aligned-center has-background is-layout-flow wp-block-column-is-layout-flow\" style=\"background-color:#00000000\">\n<div class=\"wp-block-group alignwide has-background is-layout-flow wp-block-group-is-layout-flow\" style=\"border-top-left-radius:0px;border-top-right-radius:80px;border-bottom-left-radius:80px;border-bottom-right-radius:0px;background-color:#004aad;padding-top:30px;padding-right:20px;padding-bottom:30px;padding-left:20px\">\n<figure class=\"wp-block-image aligncenter size-large is-resized\"><img loading=\"lazy\" decoding=\"async\" width=\"32\" height=\"32\" src=\"https:\/\/www.esk-eltern.de\/wp-content\/uploads\/2023\/07\/fork-knife-duotone.svg\" alt=\"\" class=\"wp-image-9136\" style=\"width:64px;height:64px\"\/><\/figure>\n\n\n\n<h4 class=\"wp-block-heading has-text-align-center has-white-color has-text-color\" style=\"font-size:22px;line-height:1.3\"><strong>Cantine<\/strong><br><\/h4>\n\n\n\n<p class=\"has-text-align-center has-text-color has-extra-small-font-size\" style=\"color:#fff844\">En collaboration avec Medirest<\/p>\n\n\n\n<div class=\"wp-block-buttons is-content-justification-center is-layout-flex wp-container-core-buttons-is-layout-a89b3969 wp-block-buttons-is-layout-flex\">\n<div class=\"wp-block-button has-custom-font-size\" style=\"font-size:16px\"><a class=\"wp-block-button__link has-foreground-color has-text-color has-background wp-element-button\" href=\"https:\/\/www.esk-eltern.de\/fr\/services\/canteen\/\" style=\"border-top-left-radius:20px;border-top-right-radius:5px;border-bottom-left-radius:5px;border-bottom-right-radius:20px;background-color:#fffca8;padding-top:5px;padding-right:15px;padding-bottom:5px;padding-left:15px\">En savoir plus<\/a><\/div>\n<\/div>\n<\/div>\n<\/div>\n\n\n\n<div class=\"wp-block-column is-vertically-aligned-center has-background is-layout-flow wp-block-column-is-layout-flow\" style=\"background-color:#00000000\">\n<div class=\"wp-block-group alignwide has-background is-layout-flow wp-block-group-is-layout-flow\" style=\"border-top-left-radius:0px;border-top-right-radius:80px;border-bottom-left-radius:80px;border-bottom-right-radius:0px;background-color:#004aad;padding-top:30px;padding-right:20px;padding-bottom:30px;padding-left:20px\">\n<figure class=\"wp-block-image aligncenter size-large is-resized\"><img decoding=\"async\" src=\"https:\/\/www.esk-eltern.de\/wp-content\/uploads\/2023\/07\/bus-duotone.svg\" alt=\"\" class=\"wp-image-9133\" style=\"width:64px;height:64px\"\/><\/figure>\n\n\n\n<h4 class=\"wp-block-heading has-text-align-center has-background-color has-text-color\" style=\"font-size:22px;line-height:1.3\"><strong>Transport<\/strong><br><\/h4>\n\n\n\n<p class=\"has-text-align-center has-text-color has-extra-small-font-size\" style=\"color:#fff844\">Transport scolaire de l\u2019ESK<\/p>\n\n\n\n<div class=\"wp-block-buttons is-content-justification-center is-layout-flex wp-container-core-buttons-is-layout-a89b3969 wp-block-buttons-is-layout-flex\">\n<div class=\"wp-block-button has-custom-font-size\" style=\"font-size:16px\"><a class=\"wp-block-button__link has-foreground-color has-text-color has-background wp-element-button\" href=\"https:\/\/www.eskar-transport.de\/\" style=\"border-top-left-radius:20px;border-top-right-radius:5px;border-bottom-left-radius:5px;border-bottom-right-radius:20px;background-color:#fffca8;padding-top:5px;padding-right:15px;padding-bottom:5px;padding-left:15px\">Aller au site web<\/a><\/div>\n<\/div>\n<\/div>\n<\/div>\n\n\n\n<div class=\"wp-block-column is-vertically-aligned-center has-background is-layout-flow wp-block-column-is-layout-flow\" style=\"background-color:#00000000\">\n<div class=\"wp-block-group alignwide has-background is-layout-flow wp-block-group-is-layout-flow\" style=\"border-top-left-radius:0px;border-top-right-radius:80px;border-bottom-left-radius:80px;border-bottom-right-radius:0px;background-color:#004aad;padding-top:30px;padding-right:20px;padding-bottom:30px;padding-left:20px\">\n<figure class=\"wp-block-image aligncenter size-large is-resized\"><img loading=\"lazy\" decoding=\"async\" width=\"32\" height=\"32\" src=\"https:\/\/www.esk-eltern.de\/wp-content\/uploads\/2023\/07\/backpack-duotone.svg\" alt=\"\" class=\"wp-image-9130\" style=\"width:64px;height:64px\"\/><\/figure>\n\n\n\n<h4 class=\"wp-block-heading has-text-align-center has-background-color has-text-color\" style=\"font-size:22px;line-height:1.3\"><strong>Accueil de vacances<\/strong><br><\/h4>\n\n\n\n<p class=\"has-text-align-center has-text-color has-extra-small-font-size\" style=\"color:#fff844\">Organisation de la prise en charge<\/p>\n\n\n\n<div class=\"wp-block-buttons is-content-justification-center is-layout-flex wp-container-core-buttons-is-layout-a89b3969 wp-block-buttons-is-layout-flex\">\n<div class=\"wp-block-button has-custom-font-size\" style=\"font-size:16px\"><a class=\"wp-block-button__link has-foreground-color has-text-color has-background wp-element-button\" href=\"https:\/\/www.esk-eltern.de\/services\/garderie-des-vacances\/\" style=\"border-top-left-radius:20px;border-top-right-radius:5px;border-bottom-left-radius:5px;border-bottom-right-radius:20px;background-color:#fffca8;padding-top:5px;padding-right:15px;padding-bottom:5px;padding-left:15px\">En savoir plus<\/a><\/div>\n<\/div>\n<\/div>\n<\/div>\n\n\n\n<div class=\"wp-block-column is-vertically-aligned-center has-background is-layout-flow wp-block-column-is-layout-flow\" style=\"background-color:#00000000\">\n<div class=\"wp-block-group alignwide has-background is-layout-flow wp-block-group-is-layout-flow\" style=\"border-top-left-radius:0px;border-top-right-radius:80px;border-bottom-left-radius:80px;border-bottom-right-radius:0px;background-color:#004aad;padding-top:30px;padding-right:20px;padding-bottom:30px;padding-left:20px\">\n<figure class=\"wp-block-image aligncenter size-large is-resized\"><img loading=\"lazy\" decoding=\"async\" width=\"32\" height=\"32\" src=\"https:\/\/www.esk-eltern.de\/wp-content\/uploads\/2023\/08\/plus.svg\" alt=\"\" class=\"wp-image-9351\" style=\"width:64px;height:64px\"\/><\/figure>\n\n\n\n<h4 class=\"wp-block-heading has-text-align-center has-background-color has-text-color\" style=\"font-size:22px;line-height:1.3\"><strong>&#8230;et plus encore<\/strong><br><\/h4>\n\n\n\n<p class=\"has-text-align-center has-text-color has-extra-small-font-size\" style=\"color:#fff844\">pour vous&#8230;<\/p>\n\n\n\n<div class=\"wp-block-buttons is-content-justification-center is-layout-flex wp-container-core-buttons-is-layout-a89b3969 wp-block-buttons-is-layout-flex\">\n<div class=\"wp-block-button has-custom-font-size\" style=\"font-size:16px\"><a class=\"wp-block-button__link has-foreground-color has-text-color has-background wp-element-button\" href=\"https:\/\/www.esk-eltern.de\/fr\/services\/\" style=\"border-top-left-radius:20px;border-top-right-radius:5px;border-bottom-left-radius:5px;border-bottom-right-radius:20px;background-color:#fffca8;padding-top:5px;padding-right:15px;padding-bottom:5px;padding-left:15px\">En savoir plusr<\/a><\/div>\n<\/div>\n<\/div>\n<\/div>\n<\/div>\n<\/div>\n\n\n\n<p><\/p>\n\n\n<div\n    \tclass=\"alignwide wp-block-ctrb-counters\"    id='ctrbCounters-1'\n    data-attributes='{&quot;cId&quot;:&quot;03f56766-4&quot;,&quot;counters&quot;:[{&quot;background&quot;:{&quot;color&quot;:&quot;#0000&quot;,&quot;type&quot;:&quot;solid&quot;,&quot;image&quot;:{&quot;id&quot;:8754,&quot;url&quot;:&quot;https:\\\/\\\/dev.esk-eltern.de\\\/wp-content\\\/uploads\\\/2023\\\/04\\\/trophy-duotone.svg&quot;,&quot;alt&quot;:&quot;&quot;,&quot;title&quot;:&quot;trophy-duotone&quot;},&quot;overlayColor&quot;:&quot;rgba(0, 0, 0, 0)&quot;,&quot;size&quot;:&quot;contain&quot;},&quot;icon&quot;:{&quot;class&quot;:&quot;fas fa-trophy&quot;,&quot;fontSize&quot;:50,&quot;color&quot;:&quot;rgba(0, 74, 173, 1)&quot;,&quot;name&quot;:&quot;trophy&quot;,&quot;colorType&quot;:&quot;solid&quot;},&quot;number&quot;:{&quot;start&quot;:0,&quot;end&quot;:29,&quot;prefix&quot;:&quot;&quot;,&quot;suffix&quot;:&quot;+&quot;,&quot;color&quot;:&quot;rgba(0, 74, 173, 1)&quot;},&quot;label&quot;:{&quot;text&quot;:&quot;Activit\\u00e9s extrascolaires&quot;,&quot;color&quot;:&quot;rgba(0, 74, 173, 1)&quot;}},{&quot;background&quot;:{&quot;color&quot;:&quot;#0000&quot;,&quot;type&quot;:&quot;solid&quot;},&quot;icon&quot;:{&quot;class&quot;:&quot;fas fa-child&quot;,&quot;fontSize&quot;:50,&quot;color&quot;:&quot;rgba(0, 74, 173, 1)&quot;,&quot;name&quot;:&quot;child&quot;},&quot;number&quot;:{&quot;start&quot;:0,&quot;end&quot;:0,&quot;prefix&quot;:&quot;Il commence...&quot;,&quot;suffix&quot;:&quot;+&quot;,&quot;color&quot;:&quot;rgba(0, 74, 173, 1)&quot;},&quot;label&quot;:{&quot;text&quot;:&quot;Projets soutenus&quot;,&quot;color&quot;:&quot;rgba(0, 74, 173, 1)&quot;}},{&quot;background&quot;:{&quot;color&quot;:&quot;#0000&quot;,&quot;type&quot;:&quot;solid&quot;},&quot;icon&quot;:{&quot;class&quot;:&quot;fas fa-shopping-basket&quot;,&quot;fontSize&quot;:50,&quot;color&quot;:&quot;rgba(0, 74, 173, 1)&quot;,&quot;name&quot;:&quot;shopping-basket&quot;},&quot;number&quot;:{&quot;start&quot;:0,&quot;end&quot;:4,&quot;prefix&quot;:&quot;&quot;,&quot;suffix&quot;:&quot;+&quot;,&quot;color&quot;:&quot;rgba(0, 74, 173, 1)&quot;},&quot;label&quot;:{&quot;text&quot;:&quot;Articles dans l&#039;Euroboutique&quot;,&quot;color&quot;:&quot;rgba(0, 74, 173, 1)&quot;}}],&quot;theme&quot;:&quot;theme2&quot;,&quot;background&quot;:{&quot;color&quot;:&quot;#0000&quot;,&quot;type&quot;:&quot;solid&quot;,&quot;image&quot;:{&quot;url&quot;:&quot;https:\\\/\\\/i.ibb.co\\\/b18MWMw\\\/open-space-office.jpg&quot;},&quot;overlayColor&quot;:&quot;#000000b3&quot;},&quot;counterHeight&quot;:&quot;175px&quot;,&quot;iconSize&quot;:30,&quot;iconPosition&quot;:&quot;label&quot;,&quot;numberTypo&quot;:{&quot;fontSize&quot;:{&quot;desktop&quot;:30,&quot;tablet&quot;:40,&quot;mobile&quot;:32}},&quot;counterBorder&quot;:{&quot;radius&quot;:&quot;5px&quot;,&quot;width&quot;:&quot;2px&quot;,&quot;color&quot;:&quot;rgba(0, 123, 255, 0.85)&quot;},&quot;align&quot;:&quot;wide&quot;,&quot;columns&quot;:{&quot;desktop&quot;:3,&quot;tablet&quot;:2,&quot;mobile&quot;:1},&quot;columnGap&quot;:&quot;20px&quot;,&quot;rowGap&quot;:&quot;30px&quot;,&quot;duration&quot;:2000,&quot;separator&quot;:{&quot;char&quot;:&quot;&quot;},&quot;padding&quot;:{&quot;vertical&quot;:&quot;20px&quot;,&quot;horizontal&quot;:&quot;0px&quot;},&quot;textAlign&quot;:&quot;center&quot;,&quot;counterWidth&quot;:&quot;250px&quot;,&quot;isIcon&quot;:true,&quot;isLabel&quot;:true,&quot;labelTypo&quot;:{&quot;fontSize&quot;:{&quot;desktop&quot;:&quot;22px&quot;,&quot;tablet&quot;:&quot;20px&quot;,&quot;mobile&quot;:&quot;18px&quot;}},&quot;counterPadding&quot;:{&quot;vertical&quot;:&quot;20px&quot;,&quot;horizontal&quot;:&quot;20px&quot;},&quot;counterShadow&quot;:[]}'\n><\/div>","protected":false},"excerpt":{"rendered":"<p>Activit\u00e9s extrascolaires Offre et organisation des activit\u00e9s extrascolaires Euroboutique V\u00eatements avec le logo de l&rsquo;\u00c9cole europ\u00e9enne de Karlsruhe Fonds social Soutien aux enfants de familles socialement d\u00e9favoris\u00e9es Besoins \u00e9ducatifs sp\u00e9ciaux Soutien en cas de besoins \u00e9ducatifs particuliers Cantine En collaboration avec Medirest Transport Transport scolaire de l\u2019ESK Accueil de vacances Organisation de la prise en <a class=\"read-more-link\" href=\"https:\/\/www.esk-eltern.de\/fr\/\">Read More<\/a><\/p>\n","protected":false},"author":406,"featured_media":0,"parent":0,"menu_order":162,"comment_status":"closed","ping_status":"closed","template":"wp-custom-template-ev-seite","meta":{"inline_featured_image":false,"footnotes":""},"class_list":["post-9269","page","type-page","status-publish","hentry"],"_links":{"self":[{"href":"https:\/\/www.esk-eltern.de\/fr\/wp-json\/wp\/v2\/pages\/9269","targetHints":{"allow":["GET"]}}],"collection":[{"href":"https:\/\/www.esk-eltern.de\/fr\/wp-json\/wp\/v2\/pages"}],"about":[{"href":"https:\/\/www.esk-eltern.de\/fr\/wp-json\/wp\/v2\/types\/page"}],"author":[{"embeddable":true,"href":"https:\/\/www.esk-eltern.de\/fr\/wp-json\/wp\/v2\/users\/406"}],"replies":[{"embeddable":true,"href":"https:\/\/www.esk-eltern.de\/fr\/wp-json\/wp\/v2\/comments?post=9269"}],"version-history":[{"count":8,"href":"https:\/\/www.esk-eltern.de\/fr\/wp-json\/wp\/v2\/pages\/9269\/revisions"}],"predecessor-version":[{"id":12298,"href":"https:\/\/www.esk-eltern.de\/fr\/wp-json\/wp\/v2\/pages\/9269\/revisions\/12298"}],"wp:attachment":[{"href":"https:\/\/www.esk-eltern.de\/fr\/wp-json\/wp\/v2\/media?parent=9269"}],"curies":[{"name":"wp","href":"https:\/\/api.w.org\/{rel}","templated":true}]}}