{"id":9237,"date":"2023-08-01T16:41:40","date_gmt":"2023-08-01T14:41:40","guid":{"rendered":"https:\/\/www.esk-eltern.de\/?page_id=9237"},"modified":"2024-07-01T00:27:46","modified_gmt":"2024-06-30T22:27:46","slug":"devenirmembre","status":"publish","type":"page","link":"https:\/\/www.esk-eltern.de\/fr\/devenirmembre\/","title":{"rendered":"Devenir membre, renouveler l&rsquo;adh\u00e9sion"},"content":{"rendered":"\n<p class=\"has-text-align-left\">Le travail de l \u00b4association de parents d\u00b4\u00e9l\u00e8ves (APE) unit toutes les familles de l\u00b4\u00e9cole europ\u00e9enne de Karlsruhe (ESK); par cons\u00e9quent, nous avons un impact significatif sur beaucoup de d\u00e9cisions prises concernant l\u00b4\u00e9ducation et le bien\u00eatre de nos enfants.<\/p>\n\n\n\n<p class=\"has-text-align-left\">Pour cela, nous avons besoin de votre soutien.<\/p>\n\n\n\n<p class=\"has-text-align-left\">La premi\u00e8re \u00e9tape est de devenir membre !<\/p>\n\n\n\n<div class=\"wp-block-cover is-light\"><span aria-hidden=\"true\" class=\"wp-block-cover__background has-background-dim\"><\/span><img decoding=\"async\" class=\"wp-block-cover__image-background wp-image-9216\" alt=\"\" src=\"https:\/\/dev.esk-eltern.de\/wp-content\/uploads\/2023\/04\/crop-0-0-2560-1440-0-team-386673-edited.jpg\" data-object-fit=\"cover\"\/><div class=\"wp-block-cover__inner-container is-layout-flow wp-block-cover-is-layout-flow\">\n<h2 class=\"wp-block-heading has-text-align-center has-background-color has-text-color\"><strong>Adh\u00e9sion<\/strong><\/h2>\n\n\n\n<p class=\"has-text-align-center has-background-color has-text-color\">L&rsquo;adh\u00e9sion est de 40 euros par an et par famille pour l&rsquo;ann\u00e9e scolaire (et non l&rsquo;ann\u00e9e civile).<br>Vous pouvez payer cette adh\u00e9sion en ligne.<\/p>\n<\/div><\/div>\n\n\n\n<div class=\"wp-block-group is-layout-constrained wp-block-group-is-layout-constrained\"><div data-block-name=\"woocommerce\/product-category\" data-categories=\"[266]\" data-columns=\"1\" data-content-visibility=\"{&quot;image&quot;:true,&quot;title&quot;:true,&quot;price&quot;:true,&quot;rating&quot;:false,&quot;button&quot;:true}\" data-rows=\"1\" class=\"wc-block-grid wp-block-product-category wp-block-woocommerce-product-category wc-block-product-category has-1-columns\"><ul class=\"wc-block-grid__products\"><li class=\"wc-block-grid__product\">\n\t\t\t\t<a href=\"https:\/\/www.esk-eltern.de\/fr\/produit\/adhesion\/\" class=\"wc-block-grid__product-link\">\n\t\t\t\t\t\n\t\t\t\t\t<div class=\"wc-block-grid__product-image\"><img loading=\"lazy\" decoding=\"async\" width=\"450\" height=\"450\" src=\"https:\/\/www.esk-eltern.de\/wp-content\/uploads\/2018\/02\/common-1300520_1920-450x450.png\" class=\"attachment-woocommerce_thumbnail size-woocommerce_thumbnail\" alt=\"Mitgliedschaft\" srcset=\"https:\/\/www.esk-eltern.de\/wp-content\/uploads\/2018\/02\/common-1300520_1920-450x450.png 450w, https:\/\/www.esk-eltern.de\/wp-content\/uploads\/2018\/02\/common-1300520_1920-100x100.png 100w\" sizes=\"auto, (max-width: 450px) 100vw, 450px\" \/><\/div>\n\t\t\t\t\t<div class=\"wc-block-grid__product-title\">Adh\u00e9sion<\/div>\n\t\t\t\t<\/a>\n\t\t\t\t<div class=\"wc-block-grid__product-price price\"><span class=\"woocommerce-Price-amount amount\">40.00<span class=\"woocommerce-Price-currencySymbol\">&euro;<\/span><\/span><\/div>\n\t\t\t\t\n\t\t\t\t<div class=\"wp-block-button wc-block-grid__product-add-to-cart\"><a href=\"\/fr\/wp-json\/wp\/v2\/pages\/9237?add-to-cart=524\" aria-label=\"Ajouter au panier\u00a0: &ldquo;Adh\u00e9sion&rdquo;\" data-quantity=\"1\" data-product_id=\"524\" data-product_sku=\"\" data-price=\"40\" rel=\"nofollow\" class=\"wp-block-button__link wp-element-button add_to_cart_button ajax_add_to_cart\">Ajouter au panier<\/a><\/div>\n\t\t\t<\/li><\/ul><\/div><\/div>\n\n\n\n<p>Nous vous remercions d&rsquo;ores et d\u00e9j\u00e0 de soutenir l&rsquo;association des parents d&rsquo;\u00e9l\u00e8ves de l&rsquo;ESK et donc les enfants de l&rsquo;\u00e9cole.<\/p>\n\n\n\n<p>En cas de probl\u00e8mes durables, contactez-nous via le formulaire de <a href=\"https:\/\/www.esk-eltern.de\/fr\/contact\/\">contact<\/a>.<\/p>\n","protected":false},"excerpt":{"rendered":"<p>Le travail de l \u00b4association de parents d\u00b4\u00e9l\u00e8ves (APE) unit toutes les familles de l\u00b4\u00e9cole europ\u00e9enne de Karlsruhe (ESK); par cons\u00e9quent, nous avons un impact significatif sur beaucoup de d\u00e9cisions prises concernant l\u00b4\u00e9ducation et le bien\u00eatre de nos enfants. Pour cela, nous avons besoin de votre soutien. La premi\u00e8re \u00e9tape est de devenir membre ! <a class=\"read-more-link\" href=\"https:\/\/www.esk-eltern.de\/fr\/devenirmembre\/\">Read More<\/a><\/p>\n","protected":false},"author":406,"featured_media":0,"parent":0,"menu_order":152,"comment_status":"closed","ping_status":"closed","template":"","meta":{"inline_featured_image":false,"footnotes":""},"class_list":["post-9237","page","type-page","status-publish","hentry"],"_links":{"self":[{"href":"https:\/\/www.esk-eltern.de\/fr\/wp-json\/wp\/v2\/pages\/9237","targetHints":{"allow":["GET"]}}],"collection":[{"href":"https:\/\/www.esk-eltern.de\/fr\/wp-json\/wp\/v2\/pages"}],"about":[{"href":"https:\/\/www.esk-eltern.de\/fr\/wp-json\/wp\/v2\/types\/page"}],"author":[{"embeddable":true,"href":"https:\/\/www.esk-eltern.de\/fr\/wp-json\/wp\/v2\/users\/406"}],"replies":[{"embeddable":true,"href":"https:\/\/www.esk-eltern.de\/fr\/wp-json\/wp\/v2\/comments?post=9237"}],"version-history":[{"count":7,"href":"https:\/\/www.esk-eltern.de\/fr\/wp-json\/wp\/v2\/pages\/9237\/revisions"}],"predecessor-version":[{"id":11688,"href":"https:\/\/www.esk-eltern.de\/fr\/wp-json\/wp\/v2\/pages\/9237\/revisions\/11688"}],"wp:attachment":[{"href":"https:\/\/www.esk-eltern.de\/fr\/wp-json\/wp\/v2\/media?parent=9237"}],"curies":[{"name":"wp","href":"https:\/\/api.w.org\/{rel}","templated":true}]}}