{"id":9214,"date":"2023-08-01T00:19:50","date_gmt":"2023-07-31T22:19:50","guid":{"rendered":"https:\/\/www.esk-eltern.de\/?page_id=9214"},"modified":"2025-04-11T16:53:27","modified_gmt":"2025-04-11T14:53:27","slug":"contact","status":"publish","type":"page","link":"https:\/\/www.esk-eltern.de\/fr\/informations\/contact\/","title":{"rendered":"Nous contacter"},"content":{"rendered":"\n<div class=\"wp-block-group is-layout-constrained wp-block-group-is-layout-constrained\">\n<div class=\"wp-block-group is-nowrap is-layout-flex wp-container-core-group-is-layout-6c531013 wp-block-group-is-layout-flex\">\n<div class=\"wp-block-columns is-layout-flex wp-container-core-columns-is-layout-28f84493 wp-block-columns-is-layout-flex\">\n<div class=\"wp-block-column is-layout-flow wp-block-column-is-layout-flow\">\n<h2 class=\"wp-block-heading\">Adresse<\/h2>\n\n\n\n<p>Elternvereinigung der Europ\u00e4ischen Schule Karlsruhe e.V.<br>Albert-Schweitzer-Str. 1<br>76139 Karlsruhe<\/p>\n\n\n\n<p>E-mail: <a href=\"mailto:kar-ev@partner.eursc.eu\">kar-ev@partner.eursc.eu<\/a><\/p>\n<\/div>\n\n\n\n<div class=\"wp-block-column is-layout-flow wp-block-column-is-layout-flow\">\n<h2 class=\"wp-block-heading\">O\u00f9 nous trouver<\/h2>\n\n\n\n<p>Vous nous trouverez au premier \u00e9tage du b\u00e2timent administratif.<\/p>\n\n\n\n<p>En raison des r\u00e8gles de s\u00e9curit\u00e9, vous devez prendre rendez-vous avec nous avant de pouvoir entrer dans le b\u00e2timent administratif.<\/p>\n<\/div>\n<\/div>\n<\/div>\n\n\n\n<div class=\"wp-block-contact-form-7-contact-form-selector\">\n<div class=\"wpcf7 no-js\" id=\"wpcf7-f13273-o1\" lang=\"fr-FR\" dir=\"ltr\" data-wpcf7-id=\"13273\">\n<div class=\"screen-reader-response\"><p role=\"status\" aria-live=\"polite\" aria-atomic=\"true\"><\/p> <ul><\/ul><\/div>\n<form action=\"\/fr\/wp-json\/wp\/v2\/pages\/9214#wpcf7-f13273-o1\" method=\"post\" class=\"wpcf7-form init\" aria-label=\"Formulaire de contact\" novalidate=\"novalidate\" data-status=\"init\">\n<fieldset class=\"hidden-fields-container\"><input type=\"hidden\" name=\"_wpcf7\" value=\"13273\" \/><input type=\"hidden\" name=\"_wpcf7_version\" value=\"6.1.4\" \/><input type=\"hidden\" name=\"_wpcf7_locale\" value=\"fr_FR\" \/><input type=\"hidden\" name=\"_wpcf7_unit_tag\" value=\"wpcf7-f13273-o1\" \/><input type=\"hidden\" name=\"_wpcf7_container_post\" value=\"0\" \/><input type=\"hidden\" name=\"_wpcf7_posted_data_hash\" value=\"\" \/>\n<\/fieldset>\n<div class=\"uacf7-form-wrapper-container uacf7-form-13273  \">Nome:\n<span class=\"wpcf7-form-control-wrap\" data-name=\"contact-name\"><input size=\"40\" maxlength=\"400\" class=\"wpcf7-form-control wpcf7-text wpcf7-validates-as-required\" aria-required=\"true\" aria-invalid=\"false\" value=\"\" type=\"text\" name=\"contact-name\" \/><\/span>\nPr\u00e9nom:\n<span class=\"wpcf7-form-control-wrap\" data-name=\"contact-firstname\"><input size=\"40\" maxlength=\"400\" class=\"wpcf7-form-control wpcf7-text wpcf7-validates-as-required\" aria-required=\"true\" aria-invalid=\"false\" value=\"\" type=\"text\" name=\"contact-firstname\" \/><\/span>\nAdresse e-mail:\n<span class=\"wpcf7-form-control-wrap\" data-name=\"contact-emailaddress\"><input size=\"40\" maxlength=\"400\" class=\"wpcf7-form-control wpcf7-email wpcf7-validates-as-required wpcf7-text wpcf7-validates-as-email\" aria-required=\"true\" aria-invalid=\"false\" value=\"\" type=\"email\" name=\"contact-emailaddress\" \/><\/span>\nNum\u00e9ro de t\u00e9l\u00e9phone:\n<span class=\"wpcf7-form-control-wrap\" data-name=\"contact-phone\"><input size=\"40\" maxlength=\"400\" class=\"wpcf7-form-control wpcf7-tel wpcf7-text wpcf7-validates-as-tel\" aria-invalid=\"false\" value=\"\" type=\"tel\" name=\"contact-phone\" \/><\/span>\nDemande de renseignements pour :\n<span class=\"wpcf7-form-control-wrap\" data-name=\"contact-mail\"><select class=\"wpcf7-form-control wpcf7-select wpcf7-validates-as-required\" aria-required=\"true\" aria-invalid=\"false\" name=\"contact-mail\"><option value=\"G\u00e9n\u00e9ral\">G\u00e9n\u00e9ral<\/option><option value=\"Activit\u00e9s extrascolaires\">Activit\u00e9s extrascolaires<\/option><option value=\"Transport\">Transport<\/option><option value=\"Euroboutique\">Euroboutique<\/option><option value=\"Soutien p\u00e9dagogique sp\u00e9cialis\u00e9\">Soutien p\u00e9dagogique sp\u00e9cialis\u00e9<\/option><option value=\"Accueil de vacances\">Accueil de vacances<\/option><\/select><\/span>\nMessage:\n<span class=\"wpcf7-form-control-wrap\" data-name=\"contact-message\"><textarea cols=\"40\" rows=\"10\" maxlength=\"2000\" class=\"wpcf7-form-control wpcf7-textarea wpcf7-validates-as-required\" aria-required=\"true\" aria-invalid=\"false\" name=\"contact-message\"><\/textarea><\/span>\n<div class=\"wpcf7-turnstile cf-turnstile\" data-sitekey=\"0x4AAAAAAB5bJzPTXJB9GgOE\" data-response-field-name=\"_wpcf7_turnstile_response\" data-language=\"fr\"><\/div>\n<span id=\"wpcf7-69d1eaf4f2867-wrapper\" class=\"wpcf7-form-control-wrap email-wrap\" ><input type=\"hidden\" name=\"email-time-start\" value=\"1775364852\"><input type=\"hidden\" name=\"email-time-check\" value=\"3\"><label for=\"wpcf7-69d1eaf4f2867-field\" class=\"hp-message\">Veuillez laisser ce champ vide.<\/label><input id=\"wpcf7-69d1eaf4f2867-field\"  class=\"wpcf7-form-control wpcf7-text\" type=\"text\" name=\"email\" value=\"\" size=\"40\" tabindex=\"-1\" autocomplete=\"off\" \/><\/span>\n<input class=\"wpcf7-form-control wpcf7-submit has-spinner\" type=\"submit\" value=\"Envoyer\" \/><\/div><div class=\"wpcf7-response-output\" aria-hidden=\"true\"><\/div>\n<\/form>\n<\/div>\n<\/div>\n<\/div>\n","protected":false},"excerpt":{"rendered":"<p>Adresse Elternvereinigung der Europ\u00e4ischen Schule Karlsruhe e.V.Albert-Schweitzer-Str. 176139 Karlsruhe E-mail: kar-ev@partner.eursc.eu O\u00f9 nous trouver Vous nous trouverez au premier \u00e9tage du b\u00e2timent administratif. En raison des r\u00e8gles de s\u00e9curit\u00e9, vous devez prendre rendez-vous avec nous avant de pouvoir entrer dans le b\u00e2timent administratif.<\/p>\n","protected":false},"author":406,"featured_media":0,"parent":13357,"menu_order":154,"comment_status":"closed","ping_status":"closed","template":"","meta":{"inline_featured_image":false,"footnotes":""},"class_list":["post-9214","page","type-page","status-publish","hentry"],"_links":{"self":[{"href":"https:\/\/www.esk-eltern.de\/fr\/wp-json\/wp\/v2\/pages\/9214","targetHints":{"allow":["GET"]}}],"collection":[{"href":"https:\/\/www.esk-eltern.de\/fr\/wp-json\/wp\/v2\/pages"}],"about":[{"href":"https:\/\/www.esk-eltern.de\/fr\/wp-json\/wp\/v2\/types\/page"}],"author":[{"embeddable":true,"href":"https:\/\/www.esk-eltern.de\/fr\/wp-json\/wp\/v2\/users\/406"}],"replies":[{"embeddable":true,"href":"https:\/\/www.esk-eltern.de\/fr\/wp-json\/wp\/v2\/comments?post=9214"}],"version-history":[{"count":6,"href":"https:\/\/www.esk-eltern.de\/fr\/wp-json\/wp\/v2\/pages\/9214\/revisions"}],"predecessor-version":[{"id":13277,"href":"https:\/\/www.esk-eltern.de\/fr\/wp-json\/wp\/v2\/pages\/9214\/revisions\/13277"}],"up":[{"embeddable":true,"href":"https:\/\/www.esk-eltern.de\/fr\/wp-json\/wp\/v2\/pages\/13357"}],"wp:attachment":[{"href":"https:\/\/www.esk-eltern.de\/fr\/wp-json\/wp\/v2\/media?parent=9214"}],"curies":[{"name":"wp","href":"https:\/\/api.w.org\/{rel}","templated":true}]}}