{"id":7874,"date":"2022-11-08T22:18:34","date_gmt":"2022-11-08T21:18:34","guid":{"rendered":"https:\/\/www.esk-eltern.de\/?page_id=7874"},"modified":"2023-10-08T11:37:19","modified_gmt":"2023-10-08T09:37:19","slug":"activites-extra-scolaires-plus-infos","status":"publish","type":"page","link":"https:\/\/www.esk-eltern.de\/fr\/activites-extra-scolaires-plus-infos\/","title":{"rendered":"Activit\u00e9s extra-scolaires &#8211; plus d&rsquo;informations"},"content":{"rendered":"\n<p class=\"has-text-align-center\">Bonjour \u00e0 tous !<\/p>\n\n\n\n<p class=\"has-text-align-center\">Pour les nouveaut\u00e9s des AA, cliquez ici :<br><a href=\"https:\/\/www.esk-eltern.de\/fr\/les-nouveautes-des-activites-extra-scolaires\/\">Les nouveaut\u00e9s des Activit\u00e9s extra-scolaires<\/a><\/p>\n\n\n\n<p class=\"has-text-align-center\">Pour toute question, veuillez vous adresser \u00e0 <a href=\"mailto:kar-evaa@partner.eursc.eu\">kar-evaa@partner.eursc.eu<\/a><br>Merci de ne pas contacter l&rsquo;\u00e9cole, car vous n&rsquo;\u00eates pas responsable des activit\u00e9s extrascolaires.<\/p>\n\n\n\n<p class=\"has-text-align-center\">Merci pour votre soutien et votre patience !<\/p>\n\n\n\n<hr class=\"wp-block-separator has-alpha-channel-opacity\"\/>\n\n\n\n<p class=\"has-text-align-center\">Vous trouverez des informations et inscription sur l&rsquo;adh\u00e9sion ici<br><a href=\"https:\/\/www.esk-eltern.de\/fr\/devenir-membre\/\">https:\/\/www.esk-eltern.de\/fr\/devenir-membre\/<\/a><\/p>\n\n\n\n<hr class=\"wp-block-separator has-alpha-channel-opacity\"\/>\n\n\n\n<p class=\"has-text-align-center\">Une remarque importante concernant le paiement : apr\u00e8s avoir r\u00e9serv\u00e9 un cours, veuillez consulter vos commandes et si une commande est encore en attente de paiement, veuillez cliquer \u00e0 nouveau sur \u00ab\u00a0Payer\u00a0\u00bb. Notre syst\u00e8me veut seulement savoir que vous n&rsquo;\u00e9tiez pas un robot lors de votre premi\u00e8re tentative.<\/p>\n\n\n\n<hr class=\"wp-block-separator has-alpha-channel-opacity\"\/>\n\n\n\n<p class=\"has-text-align-center\">Si vous n&rsquo;avez pas utilis\u00e9 votre compte depuis deux ans, il a \u00e9t\u00e9 automatiquement supprim\u00e9. Veuillez cr\u00e9er un nouveau compte.<\/p>\n\n\n\n<hr class=\"wp-block-separator has-alpha-channel-opacity\"\/>\n\n\n\n<p class=\"has-text-align-center\">Veuillez \u00e9galement consulter notre fiche d&rsquo;information:<br><a href=\"https:\/\/www.esk-eltern.de\/wp-content\/uploads\/2023\/02\/AA_Informationsblatt_fr.pdf\">AA_Informationsblatt_fr<\/a><\/p>\n\n\n\n<hr class=\"wp-block-separator has-alpha-channel-opacity\"\/>\n\n\n\n<p class=\"has-text-align-center\">Veuillez lire tr\u00e8s attentivement ce document sur les r\u00e8glements de supervision et les parties responsables:<\/p>\n\n\n\n<div class=\"wp-block-file aligncenter\"><a id=\"wp-block-file--media-ed0f01ca-8b04-4757-be38-6b05f1ea4344\" href=\"https:\/\/www.esk-eltern.de\/wp-content\/uploads\/2022\/09\/AA-Regeln-Beaufsichtigung.pdf\">AA-Regeln-Beaufsichtigung<\/a><a href=\"https:\/\/www.esk-eltern.de\/wp-content\/uploads\/2022\/09\/AA-Regeln-Beaufsichtigung.pdf\" class=\"wp-block-file__button wp-element-button\" download aria-describedby=\"wp-block-file--media-ed0f01ca-8b04-4757-be38-6b05f1ea4344\">Herunterladen<\/a><\/div>\n","protected":false},"excerpt":{"rendered":"<p>Bonjour \u00e0 tous ! Pour les nouveaut\u00e9s des AA, cliquez ici :Les nouveaut\u00e9s des Activit\u00e9s extra-scolaires Pour toute question, veuillez vous adresser \u00e0 kar-evaa@partner.eursc.euMerci de ne pas contacter l&rsquo;\u00e9cole, car vous n&rsquo;\u00eates pas responsable des activit\u00e9s extrascolaires. Merci pour votre soutien et votre patience ! Vous trouverez des informations et inscription sur l&rsquo;adh\u00e9sion icihttps:\/\/www.esk-eltern.de\/fr\/devenir-membre\/ Une <a class=\"read-more-link\" href=\"https:\/\/www.esk-eltern.de\/fr\/activites-extra-scolaires-plus-infos\/\">Read More<\/a><\/p>\n","protected":false},"author":406,"featured_media":0,"parent":0,"menu_order":91,"comment_status":"closed","ping_status":"closed","template":"","meta":{"inline_featured_image":false,"footnotes":""},"class_list":["post-7874","page","type-page","status-publish","hentry"],"_links":{"self":[{"href":"https:\/\/www.esk-eltern.de\/fr\/wp-json\/wp\/v2\/pages\/7874","targetHints":{"allow":["GET"]}}],"collection":[{"href":"https:\/\/www.esk-eltern.de\/fr\/wp-json\/wp\/v2\/pages"}],"about":[{"href":"https:\/\/www.esk-eltern.de\/fr\/wp-json\/wp\/v2\/types\/page"}],"author":[{"embeddable":true,"href":"https:\/\/www.esk-eltern.de\/fr\/wp-json\/wp\/v2\/users\/406"}],"replies":[{"embeddable":true,"href":"https:\/\/www.esk-eltern.de\/fr\/wp-json\/wp\/v2\/comments?post=7874"}],"version-history":[{"count":5,"href":"https:\/\/www.esk-eltern.de\/fr\/wp-json\/wp\/v2\/pages\/7874\/revisions"}],"predecessor-version":[{"id":10706,"href":"https:\/\/www.esk-eltern.de\/fr\/wp-json\/wp\/v2\/pages\/7874\/revisions\/10706"}],"wp:attachment":[{"href":"https:\/\/www.esk-eltern.de\/fr\/wp-json\/wp\/v2\/media?parent=7874"}],"curies":[{"name":"wp","href":"https:\/\/api.w.org\/{rel}","templated":true}]}}