{"id":7837,"date":"2019-09-10T07:41:10","date_gmt":"2019-09-10T05:41:10","guid":{"rendered":"https:\/\/www.esk-eltern.de\/downloads\/"},"modified":"2025-04-25T22:00:50","modified_gmt":"2025-04-25T20:00:50","slug":"downloads","status":"publish","type":"page","link":"https:\/\/www.esk-eltern.de\/fr\/informations\/downloads\/","title":{"rendered":"Downloads"},"content":{"rendered":"\n<p>Hier finden Sie die angek\u00fcndigten Downloads:<\/p>\n\n\n\n<p><strong>Parent Reps\/ Elternvertreter\/ Repr\u00e9sentant des parents d\u00b4\u00e9l\u00e8ves<\/strong><\/p>\n\n\n\n<p>EN: Roles of the parents reps (Document will be added shortly)<\/p>\n\n\n\n<p>DE: Rollen der Elternvertreter (Dokument folgt in k\u00fcrze)<\/p>\n\n\n\n<p>FR: R\u00f4le des repr\u00e9sentants des parents d\u00b4\u00e9l\u00e8ves (Document suit)<\/p>\n\n\n\n<p><a href=\"https:\/\/www.esk-eltern.de\/wp-content\/uploads\/2019\/09\/Manual-Photos-DE-EN-FR.pdf\"><\/a><\/p>\n","protected":false},"excerpt":{"rendered":"<p>Hier finden Sie die angek\u00fcndigten Downloads: Parent Reps\/ Elternvertreter\/ Repr\u00e9sentant des parents d\u00b4\u00e9l\u00e8ves EN: Roles of the parents reps (Document will be added shortly) DE: Rollen der Elternvertreter (Dokument folgt in k\u00fcrze) FR: R\u00f4le des repr\u00e9sentants des parents d\u00b4\u00e9l\u00e8ves (Document suit)<\/p>\n","protected":false},"author":24,"featured_media":0,"parent":13357,"menu_order":70,"comment_status":"closed","ping_status":"closed","template":"","meta":{"inline_featured_image":false,"footnotes":""},"class_list":["post-7837","page","type-page","status-publish","hentry"],"_links":{"self":[{"href":"https:\/\/www.esk-eltern.de\/fr\/wp-json\/wp\/v2\/pages\/7837","targetHints":{"allow":["GET"]}}],"collection":[{"href":"https:\/\/www.esk-eltern.de\/fr\/wp-json\/wp\/v2\/pages"}],"about":[{"href":"https:\/\/www.esk-eltern.de\/fr\/wp-json\/wp\/v2\/types\/page"}],"author":[{"embeddable":true,"href":"https:\/\/www.esk-eltern.de\/fr\/wp-json\/wp\/v2\/users\/24"}],"replies":[{"embeddable":true,"href":"https:\/\/www.esk-eltern.de\/fr\/wp-json\/wp\/v2\/comments?post=7837"}],"version-history":[{"count":2,"href":"https:\/\/www.esk-eltern.de\/fr\/wp-json\/wp\/v2\/pages\/7837\/revisions"}],"predecessor-version":[{"id":7843,"href":"https:\/\/www.esk-eltern.de\/fr\/wp-json\/wp\/v2\/pages\/7837\/revisions\/7843"}],"up":[{"embeddable":true,"href":"https:\/\/www.esk-eltern.de\/fr\/wp-json\/wp\/v2\/pages\/13357"}],"wp:attachment":[{"href":"https:\/\/www.esk-eltern.de\/fr\/wp-json\/wp\/v2\/media?parent=7837"}],"curies":[{"name":"wp","href":"https:\/\/api.w.org\/{rel}","templated":true}]}}