{"id":6594,"date":"2022-05-25T17:31:19","date_gmt":"2022-05-25T15:31:19","guid":{"rendered":"https:\/\/www.esk-eltern.de\/?page_id=6594"},"modified":"2024-04-13T10:01:09","modified_gmt":"2024-04-13T08:01:09","slug":"euroboutique","status":"publish","type":"page","link":"https:\/\/www.esk-eltern.de\/fr\/services\/euroboutique\/","title":{"rendered":"Euroboutique"},"content":{"rendered":"\n<p>L&rsquo;association des parents d&rsquo;\u00e9l\u00e8ves propose des v\u00eatements portant le logo de l&rsquo;\u00e9cole europ\u00e9enne dans l&rsquo;Euroboutique. Ceux-ci peuvent \u00eatre achet\u00e9s au stand de l&rsquo;Euroboutique lors des f\u00eates ou command\u00e9s en ligne.<\/p>\n\n<p>La distribution a lieu selon les besoins. Veuillez demander un rendez-vous. <br\/>Nous ne pouvons pas envoyer de marchandises.<\/p>\n\n<p>Nous acceptons \u00e9galement volontiers vos commandes (\u00e0 partir de 20 pi\u00e8ces).<\/p>\n\n<p>Contact: <a href=\"mailto:kar-evboutique@partner.eursc.eu\">kar-evboutique@partner.eursc.eu<\/a> <\/p>\n<div data-block-name=\"woocommerce\/product-category\" data-categories=\"[579]\" data-columns=\"2\" data-content-visibility=\"{&quot;image&quot;:true,&quot;title&quot;:true,&quot;price&quot;:true,&quot;rating&quot;:false,&quot;button&quot;:true}\" data-orderby=\"title\" data-rows=\"2\" class=\"wc-block-grid wp-block-product-category wp-block-woocommerce-product-category wc-block-product-category has-2-columns has-multiple-rows\"><ul class=\"wc-block-grid__products\"><li class=\"wc-block-grid__product\">\n\t\t\t\t<a href=\"https:\/\/www.esk-eltern.de\/fr\/produit\/casquette-de-baseball-avec-logo-pyramide\/\" class=\"wc-block-grid__product-link\">\n\t\t\t\t\t\n\t\t\t\t\t<div class=\"wc-block-grid__product-image\"><img loading=\"lazy\" decoding=\"async\" width=\"450\" height=\"450\" src=\"https:\/\/www.esk-eltern.de\/wp-content\/uploads\/2023\/03\/BaseballCap_grau_Seite-scaled-450x450.jpg\" class=\"attachment-woocommerce_thumbnail size-woocommerce_thumbnail\" alt=\"Casquette de baseball avec logo &quot;Pyramide&quot;\" srcset=\"https:\/\/www.esk-eltern.de\/wp-content\/uploads\/2023\/03\/BaseballCap_grau_Seite-scaled-450x450.jpg 450w, https:\/\/www.esk-eltern.de\/wp-content\/uploads\/2023\/03\/BaseballCap_grau_Seite-scaled-100x100.jpg 100w\" sizes=\"auto, (max-width: 450px) 100vw, 450px\" \/><\/div>\n\t\t\t\t\t<div class=\"wc-block-grid__product-title\">Casquette de baseball avec logo \u00ab\u00a0Pyramide\u00a0\u00bb<\/div>\n\t\t\t\t<\/a>\n\t\t\t\t<div class=\"wc-block-grid__product-price price\"><span class=\"woocommerce-Price-amount amount\">15.00<span class=\"woocommerce-Price-currencySymbol\">&euro;<\/span><\/span><\/div>\n\t\t\t\t\n\t\t\t\t<div class=\"wp-block-button wc-block-grid__product-add-to-cart\"><a href=\"https:\/\/www.esk-eltern.de\/fr\/produit\/casquette-de-baseball-avec-logo-pyramide\/\" aria-label=\"S\u00e9lectionner les options pour &ldquo;Casquette de baseball avec logo &quot;Pyramide&quot;&rdquo;\" data-quantity=\"1\" data-product_id=\"11173\" data-product_sku=\"baseball-cap-pyramide\" data-price=\"15\" rel=\"nofollow\" class=\"wp-block-button__link wp-element-button add_to_cart_button\">Choix des options<\/a><\/div>\n\t\t\t<\/li><li class=\"wc-block-grid__product\">\n\t\t\t\t<a href=\"https:\/\/www.esk-eltern.de\/fr\/produit\/polo-shirt-avec-logo-pyramide\/\" class=\"wc-block-grid__product-link\">\n\t\t\t\t\t\n\t\t\t\t\t<div class=\"wc-block-grid__product-image\"><img loading=\"lazy\" decoding=\"async\" width=\"450\" height=\"450\" src=\"https:\/\/www.esk-eltern.de\/wp-content\/uploads\/2022\/09\/DSC_9127-450x450.jpg\" class=\"attachment-woocommerce_thumbnail size-woocommerce_thumbnail\" alt=\"Polo-Shirt avec logo &quot;Pyramide&quot;.\" srcset=\"https:\/\/www.esk-eltern.de\/wp-content\/uploads\/2022\/09\/DSC_9127-450x450.jpg 450w, https:\/\/www.esk-eltern.de\/wp-content\/uploads\/2022\/09\/DSC_9127-100x100.jpg 100w\" sizes=\"auto, (max-width: 450px) 100vw, 450px\" \/><\/div>\n\t\t\t\t\t<div class=\"wc-block-grid__product-title\">Polo-Shirt avec logo \u00ab\u00a0Pyramide\u00a0\u00bb.<\/div>\n\t\t\t\t<\/a>\n\t\t\t\t<div class=\"wc-block-grid__product-price price\"><span class=\"woocommerce-Price-amount amount\" aria-hidden=\"true\">20.00<span class=\"woocommerce-Price-currencySymbol\">&euro;<\/span><\/span> <span aria-hidden=\"true\">\u00a0\u2013\u00a0<\/span> <span class=\"woocommerce-Price-amount amount\" aria-hidden=\"true\">23.00<span class=\"woocommerce-Price-currencySymbol\">&euro;<\/span><\/span><span class=\"screen-reader-text\">Plage de prix\u00a0: 20.00&euro; \u00e0 23.00&euro;<\/span><\/div>\n\t\t\t\t\n\t\t\t\t<div class=\"wp-block-button wc-block-grid__product-add-to-cart\"><a href=\"https:\/\/www.esk-eltern.de\/fr\/produit\/polo-shirt-avec-logo-pyramide\/\" aria-label=\"S\u00e9lectionner les options pour &ldquo;Polo-Shirt avec logo &quot;Pyramide&quot;.&rdquo;\" data-quantity=\"1\" data-product_id=\"11105\" data-product_sku=\"poloshirt-pyramide\" data-price=\"20\" rel=\"nofollow\" class=\"wp-block-button__link wp-element-button add_to_cart_button\">Choix des options<\/a><\/div>\n\t\t\t<\/li><li class=\"wc-block-grid__product\">\n\t\t\t\t<a href=\"https:\/\/www.esk-eltern.de\/fr\/produit\/t-shirt-avec-logo-pyramide\/\" class=\"wc-block-grid__product-link\">\n\t\t\t\t\t\n\t\t\t\t\t<div class=\"wc-block-grid__product-image\"><img loading=\"lazy\" decoding=\"async\" width=\"450\" height=\"450\" src=\"https:\/\/www.esk-eltern.de\/wp-content\/uploads\/2022\/07\/T-Shirt-Pyramide-vorn-450x450.jpg\" class=\"attachment-woocommerce_thumbnail size-woocommerce_thumbnail\" alt=\"T-shirt avec logo &quot;Pyramide\" srcset=\"https:\/\/www.esk-eltern.de\/wp-content\/uploads\/2022\/07\/T-Shirt-Pyramide-vorn-450x450.jpg 450w, https:\/\/www.esk-eltern.de\/wp-content\/uploads\/2022\/07\/T-Shirt-Pyramide-vorn-100x100.jpg 100w, https:\/\/www.esk-eltern.de\/wp-content\/uploads\/2022\/07\/T-Shirt-Pyramide-vorn-300x300.jpg 300w\" sizes=\"auto, (max-width: 450px) 100vw, 450px\" \/><\/div>\n\t\t\t\t\t<div class=\"wc-block-grid__product-title\">T-shirt avec logo \u00ab\u00a0Pyramide<\/div>\n\t\t\t\t<\/a>\n\t\t\t\t<div class=\"wc-block-grid__product-price price\"><span class=\"woocommerce-Price-amount amount\">18.00<span class=\"woocommerce-Price-currencySymbol\">&euro;<\/span><\/span><\/div>\n\t\t\t\t\n\t\t\t\t<div class=\"wp-block-button wc-block-grid__product-add-to-cart\"><a href=\"https:\/\/www.esk-eltern.de\/fr\/produit\/t-shirt-avec-logo-pyramide\/\" aria-label=\"S\u00e9lectionner les options pour &ldquo;T-shirt avec logo &quot;Pyramide&rdquo;\" data-quantity=\"1\" data-product_id=\"11194\" data-product_sku=\"tshirt-pyramide\" data-price=\"18\" rel=\"nofollow\" class=\"wp-block-button__link wp-element-button add_to_cart_button\">Choix des options<\/a><\/div>\n\t\t\t<\/li><li class=\"wc-block-grid__product\">\n\t\t\t\t<a href=\"https:\/\/www.esk-eltern.de\/fr\/produit\/veste-sweat-avec-logo-pyramide\/\" class=\"wc-block-grid__product-link\">\n\t\t\t\t\t\n\t\t\t\t\t<div class=\"wc-block-grid__product-image\"><img loading=\"lazy\" decoding=\"async\" width=\"450\" height=\"450\" src=\"https:\/\/www.esk-eltern.de\/wp-content\/uploads\/2023\/03\/Sweatjacke_Grau_Vorne-1-scaled-450x450.jpg\" class=\"attachment-woocommerce_thumbnail size-woocommerce_thumbnail\" alt=\"Veste sweat avec logo &quot;Pyramide&quot;.\" srcset=\"https:\/\/www.esk-eltern.de\/wp-content\/uploads\/2023\/03\/Sweatjacke_Grau_Vorne-1-scaled-450x450.jpg 450w, https:\/\/www.esk-eltern.de\/wp-content\/uploads\/2023\/03\/Sweatjacke_Grau_Vorne-1-scaled-100x100.jpg 100w\" sizes=\"auto, (max-width: 450px) 100vw, 450px\" \/><\/div>\n\t\t\t\t\t<div class=\"wc-block-grid__product-title\">Veste sweat avec logo \u00ab\u00a0Pyramide\u00a0\u00bb.<\/div>\n\t\t\t\t<\/a>\n\t\t\t\t<div class=\"wc-block-grid__product-price price\"><span class=\"woocommerce-Price-amount amount\">33.00<span class=\"woocommerce-Price-currencySymbol\">&euro;<\/span><\/span><\/div>\n\t\t\t\t\n\t\t\t\t<div class=\"wp-block-button wc-block-grid__product-add-to-cart\"><a href=\"https:\/\/www.esk-eltern.de\/fr\/produit\/veste-sweat-avec-logo-pyramide\/\" aria-label=\"S\u00e9lectionner les options pour &ldquo;Veste sweat avec logo &quot;Pyramide&quot;.&rdquo;\" data-quantity=\"1\" data-product_id=\"11184\" data-product_sku=\"sweatjacke-pyramide\" data-price=\"33\" rel=\"nofollow\" class=\"wp-block-button__link wp-element-button add_to_cart_button\">Choix des options<\/a><\/div>\n\t\t\t<\/li><\/ul><\/div>","protected":false},"excerpt":{"rendered":"<p>L&rsquo;association des parents d&rsquo;\u00e9l\u00e8ves propose des v\u00eatements portant le logo de l&rsquo;\u00e9cole europ\u00e9enne dans l&rsquo;Euroboutique. Ceux-ci peuvent \u00eatre achet\u00e9s au stand de l&rsquo;Euroboutique lors des f\u00eates ou command\u00e9s en ligne. La distribution a lieu selon les besoins. Veuillez demander un rendez-vous. Nous ne pouvons pas envoyer de marchandises. Nous acceptons \u00e9galement volontiers vos commandes (\u00e0 <a class=\"read-more-link\" href=\"https:\/\/www.esk-eltern.de\/fr\/services\/euroboutique\/\">Read More<\/a><\/p>\n","protected":false},"author":406,"featured_media":0,"parent":9342,"menu_order":106,"comment_status":"closed","ping_status":"closed","template":"","meta":{"inline_featured_image":false,"footnotes":""},"class_list":["post-6594","page","type-page","status-publish","hentry"],"_links":{"self":[{"href":"https:\/\/www.esk-eltern.de\/fr\/wp-json\/wp\/v2\/pages\/6594","targetHints":{"allow":["GET"]}}],"collection":[{"href":"https:\/\/www.esk-eltern.de\/fr\/wp-json\/wp\/v2\/pages"}],"about":[{"href":"https:\/\/www.esk-eltern.de\/fr\/wp-json\/wp\/v2\/types\/page"}],"author":[{"embeddable":true,"href":"https:\/\/www.esk-eltern.de\/fr\/wp-json\/wp\/v2\/users\/406"}],"replies":[{"embeddable":true,"href":"https:\/\/www.esk-eltern.de\/fr\/wp-json\/wp\/v2\/comments?post=6594"}],"version-history":[{"count":11,"href":"https:\/\/www.esk-eltern.de\/fr\/wp-json\/wp\/v2\/pages\/6594\/revisions"}],"predecessor-version":[{"id":11453,"href":"https:\/\/www.esk-eltern.de\/fr\/wp-json\/wp\/v2\/pages\/6594\/revisions\/11453"}],"up":[{"embeddable":true,"href":"https:\/\/www.esk-eltern.de\/fr\/wp-json\/wp\/v2\/pages\/9342"}],"wp:attachment":[{"href":"https:\/\/www.esk-eltern.de\/fr\/wp-json\/wp\/v2\/media?parent=6594"}],"curies":[{"name":"wp","href":"https:\/\/api.w.org\/{rel}","templated":true}]}}