{"id":476,"date":"2018-03-15T10:39:06","date_gmt":"2018-03-15T09:39:06","guid":{"rendered":"https:\/\/www.esk-eltern.de\/?page_id=476"},"modified":"2018-05-07T17:14:10","modified_gmt":"2018-05-07T15:14:10","slug":"conseil-deducation","status":"publish","type":"page","link":"https:\/\/www.esk-eltern.de\/fr\/representation\/conseil-deducation\/","title":{"rendered":"Conseil d&rsquo;\u00e9ducation"},"content":{"rendered":"<h2>Conseil d&rsquo;\u00e9ducation, r\u00f4le et fonction<\/h2>\n<p>Il y a trois conseils d&rsquo;\u00e9ducation \u00e0 l&rsquo;ESK:<\/p>\n<ul>\n<li>pour l&rsquo;\u00e9cole maternelle et l&rsquo;\u00e9cole primaire,<\/li>\n<li>pour le lyc\u00e9e et<\/li>\n<li>un pour les deux ensemble.<\/li>\n<\/ul>\n<p>Le Conseil d\u00b4\u00e9ducation est compos\u00e9 de repr\u00e9sentants de l&rsquo;\u00e9cole, des parents et du personnel. Il se r\u00e9unit une ou deux fois par an, plus si n\u00e9cessaire. Toutes les questions scolaires sont mises \u00e0 l&rsquo;ordre du jour.<\/p>\n<p>Donc, si vous avez quelque chose que vous aimeriez discut\u00e9 avec l&rsquo;\u00e9cole, veuillez nous le communiquer, nous en prendrons soin et ensuite nous repr\u00e9senterons les int\u00e9r\u00eats des parents et des enfants en cons\u00e9quence.<\/p>\n","protected":false},"excerpt":{"rendered":"<p>Conseil d&rsquo;\u00e9ducation, r\u00f4le et fonction Il y a trois conseils d&rsquo;\u00e9ducation \u00e0 l&rsquo;ESK: pour l&rsquo;\u00e9cole maternelle et l&rsquo;\u00e9cole primaire, pour le lyc\u00e9e et un pour les deux ensemble. Le Conseil d\u00b4\u00e9ducation est compos\u00e9 de repr\u00e9sentants de l&rsquo;\u00e9cole, des parents et du personnel. Il se r\u00e9unit une ou deux fois par an, plus si n\u00e9cessaire. Toutes <a class=\"read-more-link\" href=\"https:\/\/www.esk-eltern.de\/fr\/representation\/conseil-deducation\/\">Read More<\/a><\/p>\n","protected":false},"author":0,"featured_media":0,"parent":467,"menu_order":80,"comment_status":"closed","ping_status":"closed","template":"","meta":{"inline_featured_image":false,"footnotes":""},"class_list":["post-476","page","type-page","status-publish","hentry"],"_links":{"self":[{"href":"https:\/\/www.esk-eltern.de\/fr\/wp-json\/wp\/v2\/pages\/476","targetHints":{"allow":["GET"]}}],"collection":[{"href":"https:\/\/www.esk-eltern.de\/fr\/wp-json\/wp\/v2\/pages"}],"about":[{"href":"https:\/\/www.esk-eltern.de\/fr\/wp-json\/wp\/v2\/types\/page"}],"replies":[{"embeddable":true,"href":"https:\/\/www.esk-eltern.de\/fr\/wp-json\/wp\/v2\/comments?post=476"}],"version-history":[{"count":2,"href":"https:\/\/www.esk-eltern.de\/fr\/wp-json\/wp\/v2\/pages\/476\/revisions"}],"predecessor-version":[{"id":1063,"href":"https:\/\/www.esk-eltern.de\/fr\/wp-json\/wp\/v2\/pages\/476\/revisions\/1063"}],"up":[{"embeddable":true,"href":"https:\/\/www.esk-eltern.de\/fr\/wp-json\/wp\/v2\/pages\/467"}],"wp:attachment":[{"href":"https:\/\/www.esk-eltern.de\/fr\/wp-json\/wp\/v2\/media?parent=476"}],"curies":[{"name":"wp","href":"https:\/\/api.w.org\/{rel}","templated":true}]}}