{"id":472,"date":"2018-03-15T10:36:47","date_gmt":"2018-03-15T09:36:47","guid":{"rendered":"https:\/\/www.esk-eltern.de\/?page_id=472"},"modified":"2018-05-07T17:08:37","modified_gmt":"2018-05-07T15:08:37","slug":"conseil-dadministration","status":"publish","type":"page","link":"https:\/\/www.esk-eltern.de\/fr\/representation\/conseil-dadministration\/","title":{"rendered":"Le conseil d\u00b4administration"},"content":{"rendered":"<p>Il existe diff\u00e9rents organes administratifs ayant diff\u00e9rents pouvoirs de d\u00e9cision dans les \u00e9coles europ\u00e9ennes (<a href=\"http:\/\/www.eursc.eu\/en\/\" target=\"_blank\" rel=\"noopener\">http:\/\/www.eursc.eu\/en\/<\/a>).<\/p>\n<p>Sous la direction du Secr\u00e9taire g\u00e9n\u00e9ral des Ecoles europ\u00e9ennes, le Conseil d&rsquo;administration (Conseil d&rsquo;administration) discute des probl\u00e8mes quotidiens, discute de toutes les questions administratives et de gestion de l&rsquo;\u00e9cole et planifie le budget et l&rsquo;engagement. Le plan de d\u00e9veloppement de l&rsquo;\u00e9cole est pr\u00e9sent\u00e9 en cons\u00e9quence et \u00e9galement discut\u00e9.<\/p>\n<p>Le conseil d&rsquo;administration de l&rsquo;ESK se r\u00e9unit deux fois par an. Outre le secr\u00e9taire g\u00e9n\u00e9ral, il comprend la direction de l&rsquo;\u00e9cole, des repr\u00e9sentants des enseignants des diff\u00e9rentes sections, de l&rsquo;administration, des \u00e9l\u00e8ves et des parents, ainsi que des repr\u00e9sentants de la commission et des repr\u00e9sentants du CCR.<\/p>\n<p>C&rsquo;est en effet l&rsquo;organe le plus important pour l&rsquo;\u00e9cole, puisque les parents sont directement repr\u00e9sent\u00e9s sur le terrain, cela leur offre l&rsquo;opportunit\u00e9 d&rsquo;entrer en contact direct avec le Secr\u00e9taire G\u00e9n\u00e9ral.<\/p>\n","protected":false},"excerpt":{"rendered":"<p>Il existe diff\u00e9rents organes administratifs ayant diff\u00e9rents pouvoirs de d\u00e9cision dans les \u00e9coles europ\u00e9ennes (http:\/\/www.eursc.eu\/en\/). Sous la direction du Secr\u00e9taire g\u00e9n\u00e9ral des Ecoles europ\u00e9ennes, le Conseil d&rsquo;administration (Conseil d&rsquo;administration) discute des probl\u00e8mes quotidiens, discute de toutes les questions administratives et de gestion de l&rsquo;\u00e9cole et planifie le budget et l&rsquo;engagement. Le plan de d\u00e9veloppement de <a class=\"read-more-link\" href=\"https:\/\/www.esk-eltern.de\/fr\/representation\/conseil-dadministration\/\">Read More<\/a><\/p>\n","protected":false},"author":0,"featured_media":0,"parent":467,"menu_order":82,"comment_status":"closed","ping_status":"closed","template":"","meta":{"inline_featured_image":false,"footnotes":""},"class_list":["post-472","page","type-page","status-publish","hentry"],"_links":{"self":[{"href":"https:\/\/www.esk-eltern.de\/fr\/wp-json\/wp\/v2\/pages\/472","targetHints":{"allow":["GET"]}}],"collection":[{"href":"https:\/\/www.esk-eltern.de\/fr\/wp-json\/wp\/v2\/pages"}],"about":[{"href":"https:\/\/www.esk-eltern.de\/fr\/wp-json\/wp\/v2\/types\/page"}],"replies":[{"embeddable":true,"href":"https:\/\/www.esk-eltern.de\/fr\/wp-json\/wp\/v2\/comments?post=472"}],"version-history":[{"count":2,"href":"https:\/\/www.esk-eltern.de\/fr\/wp-json\/wp\/v2\/pages\/472\/revisions"}],"predecessor-version":[{"id":1060,"href":"https:\/\/www.esk-eltern.de\/fr\/wp-json\/wp\/v2\/pages\/472\/revisions\/1060"}],"up":[{"embeddable":true,"href":"https:\/\/www.esk-eltern.de\/fr\/wp-json\/wp\/v2\/pages\/467"}],"wp:attachment":[{"href":"https:\/\/www.esk-eltern.de\/fr\/wp-json\/wp\/v2\/media?parent=472"}],"curies":[{"name":"wp","href":"https:\/\/api.w.org\/{rel}","templated":true}]}}