{"id":471,"date":"2018-03-15T10:36:59","date_gmt":"2018-03-15T09:36:59","guid":{"rendered":"https:\/\/www.esk-eltern.de\/?page_id=471"},"modified":"2022-09-07T21:12:58","modified_gmt":"2022-09-07T19:12:58","slug":"representants-de-classes","status":"publish","type":"page","link":"https:\/\/www.esk-eltern.de\/fr\/representation\/representants-de-classes\/","title":{"rendered":"Repr\u00e9sentants de classe"},"content":{"rendered":"\n<p>Les repr\u00e9sentants des parents jouent un r\u00f4le important dans le bon fonctionnement de l&rsquo;\u00e9cole. Ils sont choisis par vous, les parents, et sont votre contact direct dans toutes domaines scolaires et de la classe. Les repr\u00e9sentants des classes coordonnent \u00e9galement toutes les activit\u00e9s sociales de classe, la collecte de fonds, tels que la vente de caf\u00e9 et de g\u00e2teaux, et, si n\u00e9cessaire, fournissent g\u00e9n\u00e9ralement une aide et un soutien aux enseignants.<br>Les repr\u00e9sentants des parents sont \u00e9galement charg\u00e9s de communiquer les informations entre les parents de la classe et les repr\u00e9sentants du comit\u00e9 d&rsquo;association parent afin que l&rsquo;association des parents puisse repr\u00e9senter efficacement les int\u00e9r\u00eats des parents \u00e0 toutes les r\u00e9unions de l&rsquo;\u00e9cole avec les enseignants et le personnel administratif.<\/p>\n\n\n\n<p>Election et fonctions des repr\u00e9sentants des groupes de parents<br>Les repr\u00e9sentants des parents de chaque classe sont \u00e9lus le premier soir des parents d&rsquo;une nouvelle ann\u00e9e scolaire. L&rsquo;\u00e9cole transmet ensuite une liste des adresses \u00e9lectroniques de tous les repr\u00e9sentants des parents \u00e0 l&rsquo;association des parents. Lors de la premi\u00e8re r\u00e9union du nouveau conseil de l&rsquo;Association des parents apr\u00e8s l&rsquo;assembl\u00e9e g\u00e9n\u00e9rale annuelle, les repr\u00e9sentants des diff\u00e9rentes sections sont \u00e9lus parmi eux. Les repr\u00e9sentants des parents sont des interlocuteurs importants pour la transmission d&rsquo;informations. D&rsquo;une part, ils repr\u00e9sentent les parents de leur classe \u00e0 l&rsquo;\u00e9cole et, d&rsquo;autre part, ils sont aussi leur point de contact.<\/p>\n\n\n\n<p>En travaillant ensemble, les repr\u00e9sentants des parents peuvent fournir une bonne base pour le climat de classe. En organisant des activit\u00e9s conjointes pour les familles d&rsquo;une classe, tous les parents ont la possibilit\u00e9 de mieux se conna\u00eetre. La confiance mutuelle a \u00e0 son tour un impact positif sur les \u00e9tudiants et leur vie scolaire.<\/p>\n\n\n\n<p>L&rsquo;un des deux repr\u00e9sentants doit assumer la t\u00e2che de transmettre les courriels de l&rsquo;association ou de l&rsquo;\u00e9cole m\u00e8re, qui contiennent des informations importantes pour tous les parents. La condition pr\u00e9alable est que tous les parents communiquent aux repr\u00e9sentants de leurs parents une adresse \u00e9lectronique actuelle, qu&rsquo;ils interrogent r\u00e9guli\u00e8rement. Pour des raisons de confidentialit\u00e9, ni l&rsquo;association des parents ni l&rsquo;\u00e9cole ne peuvent transmettre les coordonn\u00e9es existantes aux repr\u00e9sentants des parents.<\/p>\n\n\n\n<p>Merci de rappeler aux parents qu&rsquo;ils ont des r\u00e9ponses \u00e0 leurs questions ci-dessous<\/p>\n\n\n\n<ul class=\"wp-block-list\"><li>le site internet de l&rsquo;\u00e9cole\u00a0<a href=\"http:\/\/www.es-karlsruhe.de\">www.es-karlsruhe.de<\/a> (informations, calendrier, etc.)<\/li><li>le site internet de toutes les \u00e9coles europ\u00e9ennes\u00a0<a href=\"http:\/\/www.eursc.org\" target=\"_blank\" rel=\"noopener\">www.eursc.org<\/a> (manifestations scolaires, statuts, etc.)<\/li><li>le site de l&rsquo;association de parents\u00a0<a href=\"http:\/\/www.esk-eltern.de\" target=\"_blank\" rel=\"noopener\">www.esk-eltern.de<\/a> peut trouver.<\/li><\/ul>\n\n\n\n<p>L&rsquo;AP appr\u00e9cie grandement l&rsquo;engagement de tous les repr\u00e9sentants de classe; le retour des parents de leurs classes est tr\u00e8s important et contribue \u00e0 la bonne communication et au d\u00e9veloppement positif de l&rsquo;\u00e9cole. L\u2019AP prend tr\u00e8s au s\u00e9rieux toutes les pr\u00e9occupations des parents et les traitera toujours en toute confidentialit\u00e9.<\/p>\n\n\n\n<p>Pour que l&rsquo;association des parents puisse repr\u00e9senter les int\u00e9r\u00eats des parents lors des sessions parentales, le conseil rencontre tous les repr\u00e9sentants des parents avant une telle rencontre. Les repr\u00e9sentants des parents peuvent transmettre tous les sujets et probl\u00e8mes qui surviennent dans la vie scolaire quotidienne de leur classe.<\/p>\n","protected":false},"excerpt":{"rendered":"<p>Les repr\u00e9sentants des parents jouent un r\u00f4le important dans le bon fonctionnement de l&rsquo;\u00e9cole. Ils sont choisis par vous, les parents, et sont votre contact direct dans toutes domaines scolaires et de la classe. Les repr\u00e9sentants des classes coordonnent \u00e9galement toutes les activit\u00e9s sociales de classe, la collecte de fonds, tels que la vente de <a class=\"read-more-link\" href=\"https:\/\/www.esk-eltern.de\/fr\/representation\/representants-de-classes\/\">Read More<\/a><\/p>\n","protected":false},"author":0,"featured_media":0,"parent":467,"menu_order":72,"comment_status":"closed","ping_status":"closed","template":"","meta":{"inline_featured_image":false,"footnotes":""},"class_list":["post-471","page","type-page","status-publish","hentry"],"_links":{"self":[{"href":"https:\/\/www.esk-eltern.de\/fr\/wp-json\/wp\/v2\/pages\/471","targetHints":{"allow":["GET"]}}],"collection":[{"href":"https:\/\/www.esk-eltern.de\/fr\/wp-json\/wp\/v2\/pages"}],"about":[{"href":"https:\/\/www.esk-eltern.de\/fr\/wp-json\/wp\/v2\/types\/page"}],"replies":[{"embeddable":true,"href":"https:\/\/www.esk-eltern.de\/fr\/wp-json\/wp\/v2\/comments?post=471"}],"version-history":[{"count":3,"href":"https:\/\/www.esk-eltern.de\/fr\/wp-json\/wp\/v2\/pages\/471\/revisions"}],"predecessor-version":[{"id":7188,"href":"https:\/\/www.esk-eltern.de\/fr\/wp-json\/wp\/v2\/pages\/471\/revisions\/7188"}],"up":[{"embeddable":true,"href":"https:\/\/www.esk-eltern.de\/fr\/wp-json\/wp\/v2\/pages\/467"}],"wp:attachment":[{"href":"https:\/\/www.esk-eltern.de\/fr\/wp-json\/wp\/v2\/media?parent=471"}],"curies":[{"name":"wp","href":"https:\/\/api.w.org\/{rel}","templated":true}]}}