{"id":458,"date":"2018-03-15T10:33:49","date_gmt":"2018-03-15T09:33:49","guid":{"rendered":"https:\/\/www.esk-eltern.de\/?page_id=458"},"modified":"2023-09-19T08:37:28","modified_gmt":"2023-09-19T06:37:28","slug":"a-propos","status":"publish","type":"page","link":"https:\/\/www.esk-eltern.de\/fr\/informations\/a-propos\/","title":{"rendered":"A propos de l\u00b4APE"},"content":{"rendered":"\n<p>L&rsquo;association des parents d&rsquo;\u00e9l\u00e8ves est une association \u00e0 but non lucratif, g\u00e9r\u00e9e b\u00e9n\u00e9volement.<br>Toutes les familles ayant des enfants \u00e0 l&rsquo;ESK peuvent devenir membres \u00e0 titre volontaire.<\/p>\n\n\n\n<p>En tant que membre et donc partie int\u00e9grante de l&rsquo;association de parents, vous soutenez \u00e0 l&rsquo;\u00c9cole europ\u00e9enne de Karlsruhe<\/p>\n\n\n\n<ul class=\"wp-block-list\">\n<li>des projets pour les \u00e9l\u00e8ves dans le cadre des \u00ab\u00a0semaines de projets\u00a0\u00bb organis\u00e9es chaque ann\u00e9e<\/li>\n\n\n\n<li>d&rsquo;autres projets qui ont lieu en groupe ou \u00e0 diff\u00e9rents niveaux de l&rsquo;\u00e9cole maternelle, de l&rsquo;\u00e9cole primaire et du lyc\u00e9e.<\/li>\n\n\n\n<li>la f\u00eate d&rsquo;\u00e9t\u00e9 annuelle et d&rsquo;autres f\u00eates<\/li>\n\n\n\n<li>les aides n\u00e9cessaires en raison de circonstances sociales<\/li>\n\n\n\n<li>promotion de l&rsquo;enseignement de la natation, par le biais de frais pour les couloirs de natation<\/li>\n\n\n\n<li>soutien aux voyages scolaires et aux excursions<\/li>\n\n\n\n<li>autres projets, comme par exemple des journaux scolaires<\/li>\n\n\n\n<li>et bien d&rsquo;autres choses encore.<\/li>\n<\/ul>\n\n\n\n<p>Ces points mentionn\u00e9s sont financ\u00e9s enti\u00e8rement ou en partie par vos cotisations de membre.<\/p>\n\n\n\n<p>Nous vous en remercions vivement !<\/p>\n\n\n\n<p>En outre, vous pouvez bien s\u00fbr vous impliquer dans l&rsquo;organisation et avoir un impact direct sur la vie scolaire de votre enfant.<br>Les membres actifs de l&rsquo;association de parents se r\u00e9unissent une fois par mois.<br>Pour conna\u00eetre le contenu des r\u00e9unions, consultez <a href=\"mailto:kar-ev@partner.eursc.eu\">kar-ev@partner.eursc.eu<\/a><br>Nous tenons volontiers les parents int\u00e9ress\u00e9s au courant des progr\u00e8s et du d\u00e9veloppement de l&rsquo;\u00e9cole.<\/p>\n\n\n","protected":false},"excerpt":{"rendered":"<p>L&rsquo;association des parents d&rsquo;\u00e9l\u00e8ves est une association \u00e0 but non lucratif, g\u00e9r\u00e9e b\u00e9n\u00e9volement.Toutes les familles ayant des enfants \u00e0 l&rsquo;ESK peuvent devenir membres \u00e0 titre volontaire. En tant que membre et donc partie int\u00e9grante de l&rsquo;association de parents, vous soutenez \u00e0 l&rsquo;\u00c9cole europ\u00e9enne de Karlsruhe Ces points mentionn\u00e9s sont financ\u00e9s enti\u00e8rement ou en partie par <a class=\"read-more-link\" href=\"https:\/\/www.esk-eltern.de\/fr\/informations\/a-propos\/\">Read More<\/a><\/p>\n","protected":false},"author":406,"featured_media":0,"parent":13357,"menu_order":108,"comment_status":"closed","ping_status":"closed","template":"","meta":{"inline_featured_image":false,"footnotes":""},"class_list":["post-458","page","type-page","status-publish","hentry"],"_links":{"self":[{"href":"https:\/\/www.esk-eltern.de\/fr\/wp-json\/wp\/v2\/pages\/458","targetHints":{"allow":["GET"]}}],"collection":[{"href":"https:\/\/www.esk-eltern.de\/fr\/wp-json\/wp\/v2\/pages"}],"about":[{"href":"https:\/\/www.esk-eltern.de\/fr\/wp-json\/wp\/v2\/types\/page"}],"author":[{"embeddable":true,"href":"https:\/\/www.esk-eltern.de\/fr\/wp-json\/wp\/v2\/users\/406"}],"replies":[{"embeddable":true,"href":"https:\/\/www.esk-eltern.de\/fr\/wp-json\/wp\/v2\/comments?post=458"}],"version-history":[{"count":5,"href":"https:\/\/www.esk-eltern.de\/fr\/wp-json\/wp\/v2\/pages\/458\/revisions"}],"predecessor-version":[{"id":9949,"href":"https:\/\/www.esk-eltern.de\/fr\/wp-json\/wp\/v2\/pages\/458\/revisions\/9949"}],"up":[{"embeddable":true,"href":"https:\/\/www.esk-eltern.de\/fr\/wp-json\/wp\/v2\/pages\/13357"}],"wp:attachment":[{"href":"https:\/\/www.esk-eltern.de\/fr\/wp-json\/wp\/v2\/media?parent=458"}],"curies":[{"name":"wp","href":"https:\/\/api.w.org\/{rel}","templated":true}]}}