{"id":449,"date":"2018-03-15T10:31:24","date_gmt":"2018-03-15T09:31:24","guid":{"rendered":"https:\/\/www.esk-eltern.de\/?page_id=449"},"modified":"2022-09-08T22:46:59","modified_gmt":"2022-09-08T20:46:59","slug":"bienvenue","status":"publish","type":"page","link":"https:\/\/www.esk-eltern.de\/fr\/informations\/bienvenue\/","title":{"rendered":"Assembl\u00e9e g\u00e9n\u00e9rale annuelle"},"content":{"rendered":"\n<p>Chers parents,<\/p>\n\n\n\n<p>l&rsquo;assembl\u00e9e g\u00e9n\u00e9rale annuelle de l&rsquo;association des parents a lieu une fois par an.<br>La date sera communiqu\u00e9e \u00e0 l&rsquo;avance.<\/p>\n\n\n\n<p>L&rsquo;un des sujets sera l&rsquo;\u00e9lection de nouveaux membres pour le Comit\u00e9 de l&rsquo;AP (PAC). En raison de nos statuts, tous les groupes de la communaut\u00e9 scolaire devraient \u00eatre repr\u00e9sent\u00e9s de mani\u00e8re ad\u00e9quate, c&rsquo;est-\u00e0-dire les sections (anglais, fran\u00e7ais, allemand, SWALS), KG\/GS et OS, Cat. I, II et III.<\/p>\n\n\n\n<p>Nous serions \u00e9galement heureux d&rsquo;accueillir des membres int\u00e9ress\u00e9s \u00e0 rejoindre le comit\u00e9 de transport et \u00e0 repr\u00e9senter notre association aupr\u00e8s d&rsquo;InterParents, la f\u00e9d\u00e9ration de toutes les APE des \u00e9coles europ\u00e9ennes.<\/p>\n\n\n\n<p>Notre travail a besoin de diff\u00e9rentes perspectives de la part des parents. Nous vous demandons donc votre soutien actif et serions ravis de vous compter parmi notre \u00e9quipe. Si vous avez besoin de plus d&rsquo;informations, n&rsquo;h\u00e9sitez pas \u00e0 contacter l&rsquo;un des membres du comit\u00e9 de l&rsquo;association de parents.<\/p>\n\n\n\n<p>Nous nous r\u00e9jouissons de vous voir nombreux \u00e0 l&rsquo;assembl\u00e9e g\u00e9n\u00e9rale annuelle !<\/p>\n\n\n\n<p>Avec nos meilleures salutations,<\/p>\n\n\n\n<p>Conseil d&rsquo;administration (<a href=\"mailto:kar-evchairman@partner.eursc.eu\">kar-evchairman@partner.eursc.eu<\/a>)<\/p>\n","protected":false},"excerpt":{"rendered":"<p>Chers parents, l&rsquo;assembl\u00e9e g\u00e9n\u00e9rale annuelle de l&rsquo;association des parents a lieu une fois par an.La date sera communiqu\u00e9e \u00e0 l&rsquo;avance. L&rsquo;un des sujets sera l&rsquo;\u00e9lection de nouveaux membres pour le Comit\u00e9 de l&rsquo;AP (PAC). En raison de nos statuts, tous les groupes de la communaut\u00e9 scolaire devraient \u00eatre repr\u00e9sent\u00e9s de mani\u00e8re ad\u00e9quate, c&rsquo;est-\u00e0-dire les sections <a class=\"read-more-link\" href=\"https:\/\/www.esk-eltern.de\/fr\/informations\/bienvenue\/\">Read More<\/a><\/p>\n","protected":false},"author":0,"featured_media":0,"parent":13357,"menu_order":144,"comment_status":"closed","ping_status":"closed","template":"","meta":{"inline_featured_image":false,"footnotes":""},"class_list":["post-449","page","type-page","status-publish","hentry"],"_links":{"self":[{"href":"https:\/\/www.esk-eltern.de\/fr\/wp-json\/wp\/v2\/pages\/449","targetHints":{"allow":["GET"]}}],"collection":[{"href":"https:\/\/www.esk-eltern.de\/fr\/wp-json\/wp\/v2\/pages"}],"about":[{"href":"https:\/\/www.esk-eltern.de\/fr\/wp-json\/wp\/v2\/types\/page"}],"replies":[{"embeddable":true,"href":"https:\/\/www.esk-eltern.de\/fr\/wp-json\/wp\/v2\/comments?post=449"}],"version-history":[{"count":5,"href":"https:\/\/www.esk-eltern.de\/fr\/wp-json\/wp\/v2\/pages\/449\/revisions"}],"predecessor-version":[{"id":7197,"href":"https:\/\/www.esk-eltern.de\/fr\/wp-json\/wp\/v2\/pages\/449\/revisions\/7197"}],"up":[{"embeddable":true,"href":"https:\/\/www.esk-eltern.de\/fr\/wp-json\/wp\/v2\/pages\/13357"}],"wp:attachment":[{"href":"https:\/\/www.esk-eltern.de\/fr\/wp-json\/wp\/v2\/media?parent=449"}],"curies":[{"name":"wp","href":"https:\/\/api.w.org\/{rel}","templated":true}]}}