{"id":445,"date":"2018-03-15T10:31:00","date_gmt":"2018-03-15T09:31:00","guid":{"rendered":"https:\/\/www.esk-eltern.de\/?page_id=445"},"modified":"2024-03-26T13:58:12","modified_gmt":"2024-03-26T12:58:12","slug":"politique-de-confidentialite","status":"publish","type":"page","link":"https:\/\/www.esk-eltern.de\/fr\/politique-de-confidentialite\/","title":{"rendered":"Politique de confidentialit\u00e9"},"content":{"rendered":"\n<p><b>Wer wir sind<\/b><\/p>\n\n\n\n<p>Verantwortlicher im Sinne des Art. 13 Abs. 1 lit. a) DS-GVO ist<\/p>\n\n\n\n<p>Elternvereinigung der Europ\u00e4ischen Schule e. V.<\/p>\n\n\n\n<p>Albert-Schweitzer-Str. 1<br>76139 Karlsruhe<\/p>\n\n\n\n<p>Telefon: +49 0721 6800945<br>E-Mail:&nbsp;<a href=\"mailto:kar-ev@partner.eursc.eu\">kar-ev@partner.eursc.eu<\/a><\/p>\n\n\n\n<p>1. Vorstandsvorsitzenden: Brynn Thompson-Renz (eingetragen), Felicitas Martens<\/p>\n\n\n\n<p>2. Vorstandsvorsitzenden: David Greiner (eingetragen), Kati Reeb<\/p>\n\n\n\n<p>Die Adresse unserer Website ist: https:\/\/www.esk-eltern.de<\/p>\n\n\n\n<p><b>Welche personenbezogenen Daten wir sammeln und warum wir sie sammeln<\/b><\/p>\n\n\n\n<p>Die Elternvereinigung verarbeitet folgende personenbezogene Daten:<\/p>\n\n\n\n<ul class=\"wp-block-list\">\n<li>Name und Vorname der Eltern<\/li>\n\n\n\n<li>Name und Vornamen der Sch\u00fcler<\/li>\n\n\n\n<li>Beantragte Leistungen (Mitgliedschaft und Ausserschulische Aktivit\u00e4ten)<\/li>\n\n\n\n<li>Bankverbindung<\/li>\n<\/ul>\n\n\n\n<p>zum Zwecke der Mitgliederverwaltung und zum Zwecke der Verwaltung der Ausserschulischen Aktivit\u00e4ten.<\/p>\n\n\n\n<p>Die Erhebung und Verarbeitung personenbezogener Daten erfolgt ausschlie\u00dflich, nachdem Sie der Geltung der Datenschutzerkl\u00e4rung und einer entsprechenden Nutzung Ihrer Daten zugestimmt haben.<\/p>\n\n\n\n<p><b>Kontaktformular<\/b><\/p>\n\n\n\n<p>Die Webseite bietet ein Kontaktformular an, welches Name, Vorname, Emailadresse sowie Nachricht speichert. \u00dcbermittelte Kontaktformulare werden nach Erledigung gel\u00f6scht.<\/p>\n\n\n\n<p><b>Mit wem wir Ihre Daten teilen<\/b><\/p>\n\n\n\n<p>Der Verein leitet Ihre Daten nur soweit dies f\u00fcr die Erf\u00fcllung unserer Verpflichtungen Ihnen gegen\u00fcber erforderlich ist:<\/p>\n\n\n\n<ul class=\"wp-block-list\">\n<li>Weiterleitung der angemeldeten Sch\u00fcler an die Kursleiter<\/li>\n\n\n\n<li>Weiterleitung der angemeldeten Sch\u00fcler an die Nachmittagsbetreuung (falls notwendig)<\/li>\n<\/ul>\n\n\n\n<p><b>Wie lange wir Ihre Daten speichern<\/b><\/p>\n\n\n\n<p>Alle f\u00fcr die Mitgliederverwaltung notwendigen Daten werden 2 Jahre nach Beendigung der Vereinsmitgliedschaft gel\u00f6scht.<\/p>\n\n\n\n<p>Die IP-Adressen, die beim Besuch der Vereinswebseite gespeichert werden, werden nach 30 Tagen gel\u00f6scht.<\/p>\n\n\n\n<p>Im Falle des Widerrufs der Einwilligung werden die Daten unverz\u00fcglich gel\u00f6scht. Wir weisen Sie darauf hin, dass wir im Fall des Widerrufs der Einwilligung oder\/und des Verlangens nach L\u00f6schung keine Leistungen mehr f\u00fcr Sie bzw. Ihr Kind erbringen k\u00f6nnen.<\/p>\n\n\n\n<p><b>Welche Rechte Sie an Ihren Daten haben<\/b><\/p>\n\n\n\n<p>Das Vereinsmitglied hat das Recht, seine datenschutzrechtliche Einwilligungserkl\u00e4rung jederzeit zu widerrufen. Durch den Widerruf der Einwilligung wird die Rechtm\u00e4\u00dfigkeit der aufgrund der Einwilligung bis zum Widerruf erfolgten Verarbeitung nicht ber\u00fchrt.<\/p>\n\n\n\n<p>Dem Vereinsmitglied steht ferner ein Beschwerderecht bei einer Datenschutz-Aufsichtsbeh\u00f6rde zu.<\/p>\n\n\n\n<p><\/p>\n\n\n<a  href=\"#consent-change\" role=\"button\" id=\"rcb-sc-link-change\" data-success-message=\"\" class=\"rcb-sc-link rcb-sc-link-change \">Privatsph\u00e4re-Einstellungen \u00e4ndern<\/a>\n\n\n\n<p><\/p>\n\n\n<a  href=\"#consent-history\" role=\"button\" id=\"rcb-sc-link-history\" data-success-message=\"\" class=\"rcb-sc-link rcb-sc-link-history \">Historie der Privatsph\u00e4re-Einstellungen<\/a>\n\n\n\n<p><\/p>\n\n\n<a  href=\"#consent-revoke\" role=\"button\" id=\"rcb-sc-link-revoke\" data-success-message=\"Du hast die Einwilligung f\u00fcr Services mit dessen Cookies und Verarbeitung personenbezogener Daten erfolgreich widerrufen. Die Seite wird jetzt neu geladen!\" class=\"rcb-sc-link rcb-sc-link-revoke \">Einwilligungen widerrufen<\/a>\n","protected":false},"excerpt":{"rendered":"<p>Wer wir sind Verantwortlicher im Sinne des Art. 13 Abs. 1 lit. a) DS-GVO ist Elternvereinigung der Europ\u00e4ischen Schule e. V. Albert-Schweitzer-Str. 176139 Karlsruhe Telefon: +49 0721 6800945E-Mail:&nbsp;kar-ev@partner.eursc.eu 1. Vorstandsvorsitzenden: Brynn Thompson-Renz (eingetragen), Felicitas Martens 2. Vorstandsvorsitzenden: David Greiner (eingetragen), Kati Reeb Die Adresse unserer Website ist: https:\/\/www.esk-eltern.de Welche personenbezogenen Daten wir sammeln und warum <a class=\"read-more-link\" href=\"https:\/\/www.esk-eltern.de\/fr\/politique-de-confidentialite\/\">Read More<\/a><\/p>\n","protected":false},"author":406,"featured_media":0,"parent":0,"menu_order":149,"comment_status":"closed","ping_status":"closed","template":"","meta":{"inline_featured_image":false,"footnotes":""},"class_list":["post-445","page","type-page","status-publish","hentry"],"_links":{"self":[{"href":"https:\/\/www.esk-eltern.de\/fr\/wp-json\/wp\/v2\/pages\/445","targetHints":{"allow":["GET"]}}],"collection":[{"href":"https:\/\/www.esk-eltern.de\/fr\/wp-json\/wp\/v2\/pages"}],"about":[{"href":"https:\/\/www.esk-eltern.de\/fr\/wp-json\/wp\/v2\/types\/page"}],"author":[{"embeddable":true,"href":"https:\/\/www.esk-eltern.de\/fr\/wp-json\/wp\/v2\/users\/406"}],"replies":[{"embeddable":true,"href":"https:\/\/www.esk-eltern.de\/fr\/wp-json\/wp\/v2\/comments?post=445"}],"version-history":[{"count":4,"href":"https:\/\/www.esk-eltern.de\/fr\/wp-json\/wp\/v2\/pages\/445\/revisions"}],"predecessor-version":[{"id":11429,"href":"https:\/\/www.esk-eltern.de\/fr\/wp-json\/wp\/v2\/pages\/445\/revisions\/11429"}],"wp:attachment":[{"href":"https:\/\/www.esk-eltern.de\/fr\/wp-json\/wp\/v2\/media?parent=445"}],"curies":[{"name":"wp","href":"https:\/\/api.w.org\/{rel}","templated":true}]}}