{"id":13455,"date":"2025-04-26T21:42:51","date_gmt":"2025-04-26T19:42:51","guid":{"rendered":"https:\/\/www.esk-eltern.de\/toutes-les-nouveautes\/besoins-educatifs-speciaux\/"},"modified":"2025-04-26T21:42:51","modified_gmt":"2025-04-26T19:42:51","slug":"besoins-educatifs-speciaux","status":"publish","type":"page","link":"https:\/\/www.esk-eltern.de\/fr\/toutes-les-nouveautes\/besoins-educatifs-speciaux\/","title":{"rendered":"Besoins \u00e9ducatifs sp\u00e9ciaux"},"content":{"rendered":"<ul class=\"wp-block-latest-posts__list has-dates wp-block-latest-posts\"><li><a class=\"wp-block-latest-posts__post-title\" href=\"https:\/\/www.esk-eltern.de\/fr\/actualites\/laudition-un-autre-acces-a-la-lecture-et-la-litterature\/\">L\u2019audition: un autre acc\u00e8s \u00e0 la lecture et la litt\u00e9rature<\/a><time datetime=\"2024-12-02T21:06:02+01:00\" class=\"wp-block-latest-posts__post-date\">02\/12\/2024<\/time><div class=\"wp-block-latest-posts__post-excerpt\">Quand il est difficile ou impossible de lire avec ses yeux, il est possible de lire avec ses oreilles. Pour cela, il existe diverses possibilit\u00e9s.<\/div><\/li>\n<li><a class=\"wp-block-latest-posts__post-title\" href=\"https:\/\/www.esk-eltern.de\/fr\/actualites\/succes-de-la-reunion-dinformation-sur-les-troubles-de-lapprentissage-et-le-cafe-dys-en-novembre\/\">Succ\u00e8s de la r\u00e9union d&rsquo;information sur les troubles de l&rsquo;apprentissage et le Caf\u00e9 Dys en novembre<\/a><time datetime=\"2024-11-25T10:25:02+01:00\" class=\"wp-block-latest-posts__post-date\">25\/11\/2024<\/time><div class=\"wp-block-latest-posts__post-excerpt\">Le vendredi 15 novembre , l\u2019Association des Parents d\u2019\u00c9l\u00e8ves de l\u2019ESK a invit\u00e9 Madame Netrval de Dyspraxie.lu \u00e0 donner une conf\u00e9rence : \u00ab Comment liPad peut \u00e9viter la double charge cognitive pour les \u00e9l\u00e8ves Dys \u00bb Cela a permis de comprendre comment les difficult\u00e9s d&rsquo;\u00e9criture et de lecture des \u00e9l\u00e8ves ainsi que leurs d\u00e9fis d&rsquo;organisation <a class=\"read-more-link\" href=\"https:\/\/www.esk-eltern.de\/fr\/actualites\/succes-de-la-reunion-dinformation-sur-les-troubles-de-lapprentissage-et-le-cafe-dys-en-novembre\/\">Read More<\/a><\/div><\/li>\n<li><a class=\"wp-block-latest-posts__post-title\" href=\"https:\/\/www.esk-eltern.de\/fr\/actualites\/invitation-cafe-dys-16-11-2024\/\">Invitation Caf\u00e9 Dys 16.11.2024<\/a><time datetime=\"2024-11-07T21:23:54+01:00\" class=\"wp-block-latest-posts__post-date\">07\/11\/2024<\/time><div class=\"wp-block-latest-posts__post-excerpt\"><\/div><\/li>\n<li><a class=\"wp-block-latest-posts__post-title\" href=\"https:\/\/www.esk-eltern.de\/fr\/actualites\/soiree-dinformation-dys-15-11-2024-cafe-dys-16-11-2024\/\">Soir\u00e9e d\u2019information Dys 15.11.2024, Caf\u00e9 DYS 16.11.2024<\/a><time datetime=\"2024-11-04T23:53:59+01:00\" class=\"wp-block-latest-posts__post-date\">04\/11\/2024<\/time><div class=\"wp-block-latest-posts__post-excerpt\">L\u2019association des parents d\u2019\u00e9l\u00e8ves organise le 15 novembre \u00e0 18h00 une soir\u00e9e d\u2019information sur les troubles Dys. Elle sera suivie par un caf\u00e9 Dys, le samedi 16 novembre \u00e0 09h30, au Mitmachladen de la Waldstadt.&#13; Intervenante : Mme Magali Netrval, vice-pr\u00e9sidente de Dyspraxie.lu Mme Netrval est \u00e9galement parente d\u2019\u00e9l\u00e8ves dans une \u00e9cole des \u00e9coles Europ\u00e9ennes <a class=\"read-more-link\" href=\"https:\/\/www.esk-eltern.de\/fr\/actualites\/soiree-dinformation-dys-15-11-2024-cafe-dys-16-11-2024\/\">Read More<\/a><\/div><\/li>\n<li><a class=\"wp-block-latest-posts__post-title\" href=\"https:\/\/www.esk-eltern.de\/fr\/actualites\/conference-en-ligne-les-bilans-paramedicaux-chez-lenfant\/\">[Gratuit Conf\u00e9rence en ligne] &#8211; Les bilans param\u00e9dicaux chez l\u2019enfant<\/a><time datetime=\"2024-10-27T10:19:37+01:00\" class=\"wp-block-latest-posts__post-date\">27\/10\/2024<\/time><div class=\"wp-block-latest-posts__post-excerpt\">Le 29 novembre 2024 de 12h00 \u00e0 14h00 le CERENE propose une conf\u00e9rence en ligne, en francais et gratuite : les bilans param\u00e9dicaux chez l\u2019enfant. Bilan orthophoniqe, psychomoteur, Orthoptique, logico-math\u00e9matique, pyschom\u00e9trique, neuropsychologique\u2026 Comment s\u2019y retrouver ? A quel moment pour quelle difficult\u00e9 Renseignements et inscription : https:\/\/my.weezevent.com\/bilans-paramedicaux my.weezevent.com\/bilans-paramedicaux Apprends ici plus sur CERENE.<\/div><\/li>\n<li><a class=\"wp-block-latest-posts__post-title\" href=\"https:\/\/www.esk-eltern.de\/fr\/actualites\/journee-de-la-dyslexie-et-de-la-dyscalculie-le-30-septembre-2024\/\">Journ\u00e9e de la dyslexie et de la dyscalculie le 30 septembre 2024<\/a><time datetime=\"2024-09-18T11:45:10+02:00\" class=\"wp-block-latest-posts__post-date\">18\/09\/2024<\/time><div class=\"wp-block-latest-posts__post-excerpt\">Regarde ici : https:\/\/www.bvl-legasthenie.de\/aktionstag.html En tant que parents d&rsquo;enfants dyslexiques et dyscalculiques, nous souhaitons \u00e9changer nos exp\u00e9riences et, si n\u00e9cessaire, aider par exemple sur le long chemin menant au diagnostic, \u00e0 la th\u00e9rapie ou aux moyens d&rsquo;aide et de compensation. N&rsquo;h\u00e9site pas \u00e0 prendre contact avec nous ! Nous parlons les langues des trois sections <a class=\"read-more-link\" href=\"https:\/\/www.esk-eltern.de\/fr\/actualites\/journee-de-la-dyslexie-et-de-la-dyscalculie-le-30-septembre-2024\/\">Read More<\/a><\/div><\/li>\n<\/ul>","protected":false},"excerpt":{"rendered":"","protected":false},"author":406,"featured_media":0,"parent":9467,"menu_order":111,"comment_status":"closed","ping_status":"closed","template":"","meta":{"inline_featured_image":false,"footnotes":""},"class_list":["post-13455","page","type-page","status-publish","hentry"],"_links":{"self":[{"href":"https:\/\/www.esk-eltern.de\/fr\/wp-json\/wp\/v2\/pages\/13455","targetHints":{"allow":["GET"]}}],"collection":[{"href":"https:\/\/www.esk-eltern.de\/fr\/wp-json\/wp\/v2\/pages"}],"about":[{"href":"https:\/\/www.esk-eltern.de\/fr\/wp-json\/wp\/v2\/types\/page"}],"author":[{"embeddable":true,"href":"https:\/\/www.esk-eltern.de\/fr\/wp-json\/wp\/v2\/users\/406"}],"replies":[{"embeddable":true,"href":"https:\/\/www.esk-eltern.de\/fr\/wp-json\/wp\/v2\/comments?post=13455"}],"version-history":[{"count":1,"href":"https:\/\/www.esk-eltern.de\/fr\/wp-json\/wp\/v2\/pages\/13455\/revisions"}],"predecessor-version":[{"id":13456,"href":"https:\/\/www.esk-eltern.de\/fr\/wp-json\/wp\/v2\/pages\/13455\/revisions\/13456"}],"up":[{"embeddable":true,"href":"https:\/\/www.esk-eltern.de\/fr\/wp-json\/wp\/v2\/pages\/9467"}],"wp:attachment":[{"href":"https:\/\/www.esk-eltern.de\/fr\/wp-json\/wp\/v2\/media?parent=13455"}],"curies":[{"name":"wp","href":"https:\/\/api.w.org\/{rel}","templated":true}]}}