{"id":13451,"date":"2025-04-26T21:41:00","date_gmt":"2025-04-26T19:41:00","guid":{"rendered":"https:\/\/www.esk-eltern.de\/toutes-les-nouveautes\/euroboutique\/"},"modified":"2025-04-26T21:41:00","modified_gmt":"2025-04-26T19:41:00","slug":"euroboutique","status":"publish","type":"page","link":"https:\/\/www.esk-eltern.de\/fr\/toutes-les-nouveautes\/euroboutique\/","title":{"rendered":"Euroboutique"},"content":{"rendered":"<ul class=\"wp-block-latest-posts__list has-dates wp-block-latest-posts\"><li><a class=\"wp-block-latest-posts__post-title\" href=\"https:\/\/www.esk-eltern.de\/fr\/actualites\/euroboutique-a-la-journee-portes-ouvertes-2024\/\">Euroboutique \u00e0 la journ\u00e9e portes ouvertes 2024<\/a><time datetime=\"2024-03-08T22:23:05+01:00\" class=\"wp-block-latest-posts__post-date\">08\/03\/2024<\/time><div class=\"wp-block-latest-posts__post-excerpt\">Les commandes peuvent \u00eatre retir\u00e9es au stand de l&rsquo;Euroboutique dans l&rsquo;EDC derri\u00e8re la cantine lors de la journ\u00e9e portes ouvertes. La boutique en ligne sera rouverte apr\u00e8s la Journ\u00e9e Portes Ouvertes 2024.<\/div><\/li>\n<li><a class=\"wp-block-latest-posts__post-title\" href=\"https:\/\/www.esk-eltern.de\/fr\/actualites\/commande-pour-la-journee-portes-ouvertes-2024\/\">Commande pour la journ\u00e9e portes ouvertes 2024<\/a><time datetime=\"2024-02-27T22:31:59+01:00\" class=\"wp-block-latest-posts__post-date\">27\/02\/2024<\/time><div class=\"wp-block-latest-posts__post-excerpt\">Veuillez commander jusqu\u2019au mardi 05.03.2024 \u00e0 20h afin de recevoir la marchandise avant la journ\u00e9e portes ouvertes.&#13; Les commandes pass\u00e9es apr\u00e8s cette date pourront \u00eatre retir\u00e9es au stand de l\u2019Euroboutique pendant la journ\u00e9e portes ouvertes. Vers le site de l&rsquo;Euroboutique<\/div><\/li>\n<li><a class=\"wp-block-latest-posts__post-title\" href=\"https:\/\/www.esk-eltern.de\/fr\/actualites\/nouveautes-sur-les-sites-web\/\">Nouveaut\u00e9s sur les sites web<\/a><time datetime=\"2023-09-04T00:12:29+02:00\" class=\"wp-block-latest-posts__post-date\">04\/09\/2023<\/time><div class=\"wp-block-latest-posts__post-excerpt\">Multilinguisme Nous avons \u00e9galement r\u00e9pondu au souhait de pr\u00e9senter les informations, notamment les cours AA, en plusieurs langues.Le site web reconna\u00eet la langue de votre navigateur ou vous pouvez choisir votre langue en haut \u00e0 droite.En fonction de la langue choisie pour l&rsquo;achat de votre adh\u00e9sion, vous devrez ensuite acheter les cours dans cette langue. <a class=\"read-more-link\" href=\"https:\/\/www.esk-eltern.de\/fr\/actualites\/nouveautes-sur-les-sites-web\/\">Read More<\/a><\/div><\/li>\n<li><a class=\"wp-block-latest-posts__post-title\" href=\"https:\/\/www.esk-eltern.de\/fr\/euroboutique-fr\/sweatjacke-grau-mit-logo-pyramide\/\">Veste sweat gris avec logo \u00ab\u00a0Pyramide\u00a0\u00bb<\/a><time datetime=\"2023-03-01T22:38:55+01:00\" class=\"wp-block-latest-posts__post-date\">01\/03\/2023<\/time><div class=\"wp-block-latest-posts__post-excerpt\">Tailles: 116 &#8211; 164; prix 33 \u20ac Veuillez passer vos commandes par e-mail: kar-evboutique@partner.eursc.eu<\/div><\/li>\n<li><a class=\"wp-block-latest-posts__post-title\" href=\"https:\/\/www.esk-eltern.de\/fr\/euroboutique-fr\/casquette-de-baseball-avec-logo-pyramide\/\">Casquette de baseball avec logo \u00ab\u00a0Pyramide\u00a0\u00bb<\/a><time datetime=\"2023-03-01T22:36:37+01:00\" class=\"wp-block-latest-posts__post-date\">01\/03\/2023<\/time><div class=\"wp-block-latest-posts__post-excerpt\">Gris ou bleu europ\u00e9enPrix : 15\u20ac Veuillez passer vos commandes par e-mail: kar-evboutique@partner.eursc.eu<\/div><\/li>\n<li><a class=\"wp-block-latest-posts__post-title\" href=\"https:\/\/www.esk-eltern.de\/fr\/euroboutique\/poloshirt-blau-mit-logo-pyramide\/\">Poloshirt blau mit Logo \u00ab\u00a0Pyramide\u00a0\u00bb<\/a><time datetime=\"2022-09-05T20:31:23+02:00\" class=\"wp-block-latest-posts__post-date\">05\/09\/2022<\/time><div class=\"wp-block-latest-posts__post-excerpt\">Gr\u00f6\u00dfen: 104 &#8211; 164; Preis 20 \u20ac Damengr\u00f6\u00dfen: XS &#8211; M Herrengr\u00f6\u00dfen: XS \u2013 XXL; Preis: 23 \u20ac Bestellungen bitte per E-Mail: kar-evboutique@partner.eursc.eu<\/div><\/li>\n<li><a class=\"wp-block-latest-posts__post-title\" href=\"https:\/\/www.esk-eltern.de\/fr\/euroboutique\/60-jahre-trinkflasche\/\">* REDUZIERT * 60 &#8211; Jahre Trinkflasche (Grundschule)<\/a><time datetime=\"2022-09-01T18:56:38+02:00\" class=\"wp-block-latest-posts__post-date\">01\/09\/2022<\/time><div class=\"wp-block-latest-posts__post-excerpt\">Preis alt 7\u20ac &#8211; neu 4\u20ac E-Mail: kar-evboutique@partner.eursc.eu<\/div><\/li>\n<li><a class=\"wp-block-latest-posts__post-title\" href=\"https:\/\/www.esk-eltern.de\/fr\/euroboutique-fr\/polo-shirts-se-logo-modele-abandonne\/\">Polo-Shirts SE Logo &#8211; Fin de s\u00e9rie<\/a><time datetime=\"2022-06-01T20:15:22+02:00\" class=\"wp-block-latest-posts__post-date\">01\/06\/2022<\/time><div class=\"wp-block-latest-posts__post-excerpt\">Couleur blanc Tailles pour enfants Tailles adultes 92 S 104 M 116 L 140 XL 152 Prix Enfants 15 EUR Adultes 18 EUR Veuillez commander par e-mail: kar-evboutique@partner.eursc.eu<\/div><\/li>\n<li><a class=\"wp-block-latest-posts__post-title\" href=\"https:\/\/www.esk-eltern.de\/fr\/euroboutique-fr\/60-jahre-schule-t-shirt-grundschule\/\">* R\u00c9DUIT * T-shirt des 60 ans de l&rsquo;\u00e9cole (\u00e9cole primaire)<\/a><time datetime=\"2022-05-25T17:20:12+02:00\" class=\"wp-block-latest-posts__post-date\">25\/05\/2022<\/time><div class=\"wp-block-latest-posts__post-excerpt\">encore disponible: Enfants : 128 et164 , ancien prix 14\u20ac &#8211; nouveau prix 10\u20ac Adultes : S (femmes), L (hommes), ancien prix 17\u20ac &#8211; nouveau prix 14\u20ac Veuillez passer vos commandes par e-mail: kar-evboutique@partner.eursc.eu<\/div><\/li>\n<li><a class=\"wp-block-latest-posts__post-title\" href=\"https:\/\/www.esk-eltern.de\/fr\/euroboutique-fr\/kapuzenpulli_2022_se-logo\/\">Hoodies SE-Logo &#8211; Fin de s\u00e9rie<\/a><time datetime=\"2022-05-25T17:11:58+02:00\" class=\"wp-block-latest-posts__post-date\">25\/05\/2022<\/time><div class=\"wp-block-latest-posts__post-excerpt\">Couleurs Tailles Jaune 128 Rose 116 Gris clair S, M Blanc L,M \u00e9puis\u00e9 Anthrazit M, L, 140, 164,128 \u00e9puis\u00e9 Bleu clair (sans Ill.) M, XL \u00e9puis\u00e9 Prix Enfants 25 EUR Adultes 30 EUR Veuillez commander par e-mail: kar-evboutique@partner.eursc.eu<\/div><\/li>\n<\/ul>","protected":false},"excerpt":{"rendered":"","protected":false},"author":406,"featured_media":0,"parent":9467,"menu_order":113,"comment_status":"closed","ping_status":"closed","template":"","meta":{"inline_featured_image":false,"footnotes":""},"class_list":["post-13451","page","type-page","status-publish","hentry"],"_links":{"self":[{"href":"https:\/\/www.esk-eltern.de\/fr\/wp-json\/wp\/v2\/pages\/13451","targetHints":{"allow":["GET"]}}],"collection":[{"href":"https:\/\/www.esk-eltern.de\/fr\/wp-json\/wp\/v2\/pages"}],"about":[{"href":"https:\/\/www.esk-eltern.de\/fr\/wp-json\/wp\/v2\/types\/page"}],"author":[{"embeddable":true,"href":"https:\/\/www.esk-eltern.de\/fr\/wp-json\/wp\/v2\/users\/406"}],"replies":[{"embeddable":true,"href":"https:\/\/www.esk-eltern.de\/fr\/wp-json\/wp\/v2\/comments?post=13451"}],"version-history":[{"count":1,"href":"https:\/\/www.esk-eltern.de\/fr\/wp-json\/wp\/v2\/pages\/13451\/revisions"}],"predecessor-version":[{"id":13452,"href":"https:\/\/www.esk-eltern.de\/fr\/wp-json\/wp\/v2\/pages\/13451\/revisions\/13452"}],"up":[{"embeddable":true,"href":"https:\/\/www.esk-eltern.de\/fr\/wp-json\/wp\/v2\/pages\/9467"}],"wp:attachment":[{"href":"https:\/\/www.esk-eltern.de\/fr\/wp-json\/wp\/v2\/media?parent=13451"}],"curies":[{"name":"wp","href":"https:\/\/api.w.org\/{rel}","templated":true}]}}