{"id":13447,"date":"2025-04-26T21:39:51","date_gmt":"2025-04-26T19:39:51","guid":{"rendered":"https:\/\/www.esk-eltern.de\/toutes-les-nouveautes\/activites-extrascolaires\/"},"modified":"2025-04-26T21:39:51","modified_gmt":"2025-04-26T19:39:51","slug":"activites-extrascolaires","status":"publish","type":"page","link":"https:\/\/www.esk-eltern.de\/fr\/toutes-les-nouveautes\/activites-extrascolaires\/","title":{"rendered":"Activit\u00e9s extrascolaires"},"content":{"rendered":"<ul class=\"wp-block-latest-posts__list has-dates wp-block-latest-posts\"><li><a class=\"wp-block-latest-posts__post-title\" href=\"https:\/\/www.esk-eltern.de\/fr\/activites-extra-scolaires\/vacances-de-paques-2026\/\">Vacances de P\u00e2ques 2026<\/a><time datetime=\"2026-03-23T08:23:58+01:00\" class=\"wp-block-latest-posts__post-date\">23\/03\/2026<\/time><div class=\"wp-block-latest-posts__post-excerpt\">Chers tous,l&rsquo;\u00e9cole sera ferm\u00e9e du 30 mars 2026 au 10 avril 2026. Les cours reprendront le 13 avril, en m\u00eame temps que la r\u00e9ouverture de l&rsquo;\u00e9cole. Nous vous souhaitons de passer d&rsquo;excellentes vacances.<\/div><\/li>\n<li><a class=\"wp-block-latest-posts__post-title\" href=\"https:\/\/www.esk-eltern.de\/fr\/actualites\/vacances-dhiver-2026\/\">vacances d&rsquo;hiver 2026<\/a><time datetime=\"2026-02-09T15:51:49+01:00\" class=\"wp-block-latest-posts__post-date\">09\/02\/2026<\/time><div class=\"wp-block-latest-posts__post-excerpt\">Chers tous, Nous vous rappelons que l&rsquo;\u00e9cole sera ferm\u00e9e du 16 f\u00e9vrier 2026 au 20 f\u00e9vrier 2026. Toutes les activit\u00e9s extrascolaires seront suspendues pendant cette p\u00e9riode et reprendront le 23 f\u00e9vrier 2026.&#013; &#013; &#013; Nous vous souhaitons de bonnes vacances.<\/div><\/li>\n<li><a class=\"wp-block-latest-posts__post-title\" href=\"https:\/\/www.esk-eltern.de\/fr\/actualites\/date-de-reservation-pour-le-second-semestre\/\">Date de r\u00e9servation pour le second semestre<\/a><time datetime=\"2026-01-19T09:20:14+01:00\" class=\"wp-block-latest-posts__post-date\">19\/01\/2026<\/time><div class=\"wp-block-latest-posts__post-excerpt\">Ch\u00e8res familles, Nous sommes heureux de vous informer que le club de natation\u00a0continuera au cours du deuxi\u00e8me semestre. \u00a0 Veuillez noter que la plupart des activit\u00e9s extrascolaires (AA) se d\u00e9roulent pendant toute l&rsquo;ann\u00e9e scolaire et se termineront \u00e0 la fin du mois de juin, tandis que les AA externes prendront fin \u00e0 la fin de <a class=\"read-more-link\" href=\"https:\/\/www.esk-eltern.de\/fr\/actualites\/date-de-reservation-pour-le-second-semestre\/\">Read More<\/a><\/div><\/li>\n<li><a class=\"wp-block-latest-posts__post-title\" href=\"https:\/\/www.esk-eltern.de\/fr\/actualites\/vacances-de-noel\/\">Vacances de No\u00ebl<\/a><time datetime=\"2025-12-08T09:15:36+01:00\" class=\"wp-block-latest-posts__post-date\">08\/12\/2025<\/time><div class=\"wp-block-latest-posts__post-excerpt\">Hi \ud83d\ude42 Nous tenons \u00e0 vous rappeler que les AA fonctionnent comme le calendrier scolaire. Le dernier cours de 2025 aura lieu le lundi 22 d\u00e9cembre 2025, et nous reprendrons le travail le mercredi 7 janvier 2026. Si certains enseignants ou formateurs AA ne peuvent pas assister au dernier cours ou reprennent le travail plus <a class=\"read-more-link\" href=\"https:\/\/www.esk-eltern.de\/fr\/actualites\/vacances-de-noel\/\">Read More<\/a><\/div><\/li>\n<li><a class=\"wp-block-latest-posts__post-title\" href=\"https:\/\/www.esk-eltern.de\/fr\/actualites\/les-vacances-scolaires-fin-octobre-2025\/\">Les vacances scolaires fin octobre 2025<\/a><time datetime=\"2025-10-15T09:31:52+02:00\" class=\"wp-block-latest-posts__post-date\">15\/10\/2025<\/time><div class=\"wp-block-latest-posts__post-excerpt\">Bonjour \ud83d\ude42 Nous souhaitons vous rappeler que l\u2019\u00e9cole sera ferm\u00e9e du 27\/10\/2025 au 03\/11\/2025. Toutes les activit\u00e9s de l\u2019apr\u00e8s-midi (AAs) sont annul\u00e9es pendant cette p\u00e9riode. Les activit\u00e9s reprendront le 04\/11\/2025.<\/div><\/li>\n<li><a class=\"wp-block-latest-posts__post-title\" href=\"https:\/\/www.esk-eltern.de\/fr\/actualites\/les-aa-commencent-la-semaine-du-6-10-25\/\">Les AA commencent la semaine du 6.10.25<\/a><time datetime=\"2025-09-29T14:56:28+02:00\" class=\"wp-block-latest-posts__post-date\">29\/09\/2025<\/time><div class=\"wp-block-latest-posts__post-excerpt\">Chers tous, Nous vous rappelons que toutes les AA sont pr\u00e9vues pour d\u00e9buter au cours de la semaine du 6 octobre 2025. Veuillez attendre l&rsquo;e-mail de confirmation concernant votre AA. Cet e-mail vous indiquera si votre AA est confirm\u00e9 ou annul\u00e9. Veuillez v\u00e9rifier votre e-mail dans les prochains jours. Nous sommes actuellement en train de <a class=\"read-more-link\" href=\"https:\/\/www.esk-eltern.de\/fr\/actualites\/les-aa-commencent-la-semaine-du-6-10-25\/\">Read More<\/a><\/div><\/li>\n<li><a class=\"wp-block-latest-posts__post-title\" href=\"https:\/\/www.esk-eltern.de\/fr\/actualites\/jours-de-reservation-aa\/\">Jours de r\u00e9servation AA<\/a><time datetime=\"2025-09-09T10:44:40+02:00\" class=\"wp-block-latest-posts__post-date\">09\/09\/2025<\/time><div class=\"wp-block-latest-posts__post-excerpt\">Les trois jours&nbsp;de r\u00e9servation pour les activit\u00e9s extrascolaires&nbsp;auront lieu : Mardi 23 septembre 2025 \u2013 Activit\u00e9s organis\u00e9es le lundi et le mardi Mercredi 24 septembre 2025 \u2013 Activit\u00e9s organis\u00e9es le mercredi Jeudi 25 septembre 2025 \u2013 Activit\u00e9s organis\u00e9es le jeudi et le vendredi Les trois jours de r\u00e9servation d\u00e9buteront \u00e0 20 h. Important : veuillez <a class=\"read-more-link\" href=\"https:\/\/www.esk-eltern.de\/fr\/actualites\/jours-de-reservation-aa\/\">Read More<\/a><\/div><\/li>\n<li><a class=\"wp-block-latest-posts__post-title\" href=\"https:\/\/www.esk-eltern.de\/fr\/actualites\/bienvenue-aux-aa-2025-2026\/\">Bienvenue aux AA 2025-2026<\/a><time datetime=\"2025-08-29T13:52:31+02:00\" class=\"wp-block-latest-posts__post-date\">29\/08\/2025<\/time><div class=\"wp-block-latest-posts__post-excerpt\">Nous sommes ravis de vous accueillir \u00e0 nouveau pour une nouvelle ann\u00e9e scolaire prometteuse ! Cette ann\u00e9e, nous avons apport\u00e9 quelques modifications \u00e0 nos activit\u00e9s extrascolaires. Veuillez consulter cette page\u00a0pour d\u00e9couvrir les diff\u00e9rentes options disponibles. Les activit\u00e9s externes (celles qui peuvent \u00eatre r\u00e9serv\u00e9es directement aupr\u00e8s des enseignants) d\u00e9buteront le 8 septembre 2025. Si vous \u00eates <a class=\"read-more-link\" href=\"https:\/\/www.esk-eltern.de\/fr\/actualites\/bienvenue-aux-aa-2025-2026\/\">Read More<\/a><\/div><\/li>\n<li><a class=\"wp-block-latest-posts__post-title\" href=\"https:\/\/www.esk-eltern.de\/fr\/actualites\/rappel-fin-des-aa-annee-scolaire-2024-2025\/\">Rappel fin des AA Ann\u00e9e scolaire 2024\/2025<\/a><time datetime=\"2025-06-16T21:42:36+02:00\" class=\"wp-block-latest-posts__post-date\">16\/06\/2025<\/time><div class=\"wp-block-latest-posts__post-excerpt\">Chers tous, Nous vous rappelons que les activit\u00e9s extrascolaires se termineront \u00e0 la fin du mois de juin, le dernier jour \u00e9tant le vendredi 27 juin 2025. Veuillez noter que les activit\u00e9s externes telles que la guitare, le ballet et autres continueront jusqu&rsquo;au dernier jour d&rsquo;\u00e9cole, sauf indication contraire de l&rsquo;instructeur. Nous esp\u00e9rons que vos <a class=\"read-more-link\" href=\"https:\/\/www.esk-eltern.de\/fr\/actualites\/rappel-fin-des-aa-annee-scolaire-2024-2025\/\">Read More<\/a><\/div><\/li>\n<li><a class=\"wp-block-latest-posts__post-title\" href=\"https:\/\/www.esk-eltern.de\/fr\/actualites\/suspension-des-aa-pendant-les-jours-feries-juin-2025\/\">Suspension des AA pendant les jours f\u00e9ri\u00e9s Juin 2025<\/a><time datetime=\"2025-06-02T22:52:16+02:00\" class=\"wp-block-latest-posts__post-date\">02\/06\/2025<\/time><div class=\"wp-block-latest-posts__post-excerpt\">Ch\u00e8res familles, nous vous informons que l&rsquo;\u00e9cole sera ferm\u00e9e les 9\/6\/25 et 19\/6\/25. Toutes les AA pr\u00e9vues pour ces deux jours seront suspendues. Elles reprendront les jours de classe suivants. Avec nos salutations AAs Team kar-evaa@partner.eursc.eu<\/div><\/li>\n<\/ul>","protected":false},"excerpt":{"rendered":"","protected":false},"author":406,"featured_media":0,"parent":9467,"menu_order":116,"comment_status":"closed","ping_status":"closed","template":"","meta":{"inline_featured_image":false,"footnotes":""},"class_list":["post-13447","page","type-page","status-publish","hentry"],"_links":{"self":[{"href":"https:\/\/www.esk-eltern.de\/fr\/wp-json\/wp\/v2\/pages\/13447","targetHints":{"allow":["GET"]}}],"collection":[{"href":"https:\/\/www.esk-eltern.de\/fr\/wp-json\/wp\/v2\/pages"}],"about":[{"href":"https:\/\/www.esk-eltern.de\/fr\/wp-json\/wp\/v2\/types\/page"}],"author":[{"embeddable":true,"href":"https:\/\/www.esk-eltern.de\/fr\/wp-json\/wp\/v2\/users\/406"}],"replies":[{"embeddable":true,"href":"https:\/\/www.esk-eltern.de\/fr\/wp-json\/wp\/v2\/comments?post=13447"}],"version-history":[{"count":1,"href":"https:\/\/www.esk-eltern.de\/fr\/wp-json\/wp\/v2\/pages\/13447\/revisions"}],"predecessor-version":[{"id":13448,"href":"https:\/\/www.esk-eltern.de\/fr\/wp-json\/wp\/v2\/pages\/13447\/revisions\/13448"}],"up":[{"embeddable":true,"href":"https:\/\/www.esk-eltern.de\/fr\/wp-json\/wp\/v2\/pages\/9467"}],"wp:attachment":[{"href":"https:\/\/www.esk-eltern.de\/fr\/wp-json\/wp\/v2\/media?parent=13447"}],"curies":[{"name":"wp","href":"https:\/\/api.w.org\/{rel}","templated":true}]}}