{"id":13439,"date":"2025-04-26T20:43:43","date_gmt":"2025-04-26T18:43:43","guid":{"rendered":"https:\/\/www.esk-eltern.de\/services\/association-de-transport\/"},"modified":"2025-04-26T20:43:43","modified_gmt":"2025-04-26T18:43:43","slug":"association-de-transport","status":"publish","type":"page","link":"https:\/\/www.esk-eltern.de\/fr\/services\/association-de-transport\/","title":{"rendered":"Association de transport"},"content":{"rendered":"\n<p>Informations sur le transport scolaire<\/p>\n\n<p>Veuillez consulter le site web des transports <a href=\"https:\/\/www.eskar-transport.de\">https:\/\/www.eskar-transport.de<\/a><\/p>\n\n<p>Informations sur l&rsquo;Association des transports<\/p>\n\n<p>L&rsquo;Association des transports (AT) est une association mixte compos\u00e9e de membres de l&rsquo;Association des parents d&rsquo;\u00e9l\u00e8ves (trois si\u00e8ges), de l&rsquo;ESK (deux si\u00e8ges) et du Centre commun de recherche (deux si\u00e8ges). L&rsquo;AT est responsable de l&rsquo;organisation et de l&rsquo;administration des transports scolaires, c&rsquo;est-\u00e0-dire des lignes de bus et de tram.<\/p>\n\n<p>Les repr\u00e9sentants actuels de l&rsquo;Association des parents d&rsquo;\u00e9l\u00e8ves peuvent \u00eatre consult\u00e9s dans le <a href=\"https:\/\/www.esk-eltern.de\/fr\/informations\/qui-est-qui\/\" data-type=\"page\" data-id=\"453\">Qui est qui?<\/a>. <\/p>\n","protected":false},"excerpt":{"rendered":"<p>Informations sur le transport scolaire Veuillez consulter le site web des transports https:\/\/www.eskar-transport.de Informations sur l&rsquo;Association des transports L&rsquo;Association des transports (AT) est une association mixte compos\u00e9e de membres de l&rsquo;Association des parents d&rsquo;\u00e9l\u00e8ves (trois si\u00e8ges), de l&rsquo;ESK (deux si\u00e8ges) et du Centre commun de recherche (deux si\u00e8ges). L&rsquo;AT est responsable de l&rsquo;organisation et de <a class=\"read-more-link\" href=\"https:\/\/www.esk-eltern.de\/fr\/services\/association-de-transport\/\">Read More<\/a><\/p>\n","protected":false},"author":406,"featured_media":0,"parent":9342,"menu_order":2,"comment_status":"closed","ping_status":"closed","template":"","meta":{"inline_featured_image":false,"footnotes":""},"class_list":["post-13439","page","type-page","status-publish","hentry"],"_links":{"self":[{"href":"https:\/\/www.esk-eltern.de\/fr\/wp-json\/wp\/v2\/pages\/13439","targetHints":{"allow":["GET"]}}],"collection":[{"href":"https:\/\/www.esk-eltern.de\/fr\/wp-json\/wp\/v2\/pages"}],"about":[{"href":"https:\/\/www.esk-eltern.de\/fr\/wp-json\/wp\/v2\/types\/page"}],"author":[{"embeddable":true,"href":"https:\/\/www.esk-eltern.de\/fr\/wp-json\/wp\/v2\/users\/406"}],"replies":[{"embeddable":true,"href":"https:\/\/www.esk-eltern.de\/fr\/wp-json\/wp\/v2\/comments?post=13439"}],"version-history":[{"count":1,"href":"https:\/\/www.esk-eltern.de\/fr\/wp-json\/wp\/v2\/pages\/13439\/revisions"}],"predecessor-version":[{"id":13440,"href":"https:\/\/www.esk-eltern.de\/fr\/wp-json\/wp\/v2\/pages\/13439\/revisions\/13440"}],"up":[{"embeddable":true,"href":"https:\/\/www.esk-eltern.de\/fr\/wp-json\/wp\/v2\/pages\/9342"}],"wp:attachment":[{"href":"https:\/\/www.esk-eltern.de\/fr\/wp-json\/wp\/v2\/media?parent=13439"}],"curies":[{"name":"wp","href":"https:\/\/api.w.org\/{rel}","templated":true}]}}