{"id":13426,"date":"2025-04-26T20:23:55","date_gmt":"2025-04-26T18:23:55","guid":{"rendered":"https:\/\/www.esk-eltern.de\/association-des-parents-deleves\/photos-de-lecole\/"},"modified":"2025-04-26T20:23:55","modified_gmt":"2025-04-26T18:23:55","slug":"photos-de-lecole","status":"publish","type":"page","link":"https:\/\/www.esk-eltern.de\/fr\/association-des-parents-deleves\/photos-de-lecole\/","title":{"rendered":"Photos de l&rsquo;\u00e9cole"},"content":{"rendered":"\n<p>Chaque ann\u00e9e, l&rsquo;association des parents d&rsquo;\u00e9l\u00e8ves organise la venue d&rsquo;un photographe \u00e0 l&rsquo;\u00e9cole afin de prendre des photos des enfants.<\/p>\n","protected":false},"excerpt":{"rendered":"<p>Chaque ann\u00e9e, l&rsquo;association des parents d&rsquo;\u00e9l\u00e8ves organise la venue d&rsquo;un photographe \u00e0 l&rsquo;\u00e9cole afin de prendre des photos des enfants.<\/p>\n","protected":false},"author":406,"featured_media":0,"parent":13355,"menu_order":4,"comment_status":"closed","ping_status":"closed","template":"","meta":{"inline_featured_image":false,"footnotes":""},"class_list":["post-13426","page","type-page","status-publish","hentry"],"_links":{"self":[{"href":"https:\/\/www.esk-eltern.de\/fr\/wp-json\/wp\/v2\/pages\/13426","targetHints":{"allow":["GET"]}}],"collection":[{"href":"https:\/\/www.esk-eltern.de\/fr\/wp-json\/wp\/v2\/pages"}],"about":[{"href":"https:\/\/www.esk-eltern.de\/fr\/wp-json\/wp\/v2\/types\/page"}],"author":[{"embeddable":true,"href":"https:\/\/www.esk-eltern.de\/fr\/wp-json\/wp\/v2\/users\/406"}],"replies":[{"embeddable":true,"href":"https:\/\/www.esk-eltern.de\/fr\/wp-json\/wp\/v2\/comments?post=13426"}],"version-history":[{"count":1,"href":"https:\/\/www.esk-eltern.de\/fr\/wp-json\/wp\/v2\/pages\/13426\/revisions"}],"predecessor-version":[{"id":13427,"href":"https:\/\/www.esk-eltern.de\/fr\/wp-json\/wp\/v2\/pages\/13426\/revisions\/13427"}],"up":[{"embeddable":true,"href":"https:\/\/www.esk-eltern.de\/fr\/wp-json\/wp\/v2\/pages\/13355"}],"wp:attachment":[{"href":"https:\/\/www.esk-eltern.de\/fr\/wp-json\/wp\/v2\/media?parent=13426"}],"curies":[{"name":"wp","href":"https:\/\/api.w.org\/{rel}","templated":true}]}}