{"id":13422,"date":"2025-04-26T17:45:16","date_gmt":"2025-04-26T15:45:16","guid":{"rendered":"https:\/\/www.esk-eltern.de\/journee-portes-ouvertes\/"},"modified":"2025-05-05T23:45:10","modified_gmt":"2025-05-05T21:45:10","slug":"journee-portes-ouvertes","status":"publish","type":"page","link":"https:\/\/www.esk-eltern.de\/fr\/association-des-parents-deleves\/evenements\/journee-portes-ouvertes\/","title":{"rendered":"Journ\u00e9e portes ouvertes"},"content":{"rendered":"\n<p>Chaque ann\u00e9e, nous sommes repr\u00e9sent\u00e9s lors de la journ\u00e9e portes ouvertes de l&rsquo;ESK qui suit :<\/p>\n\n<ul class=\"wp-block-list\">\n<li>Stand de g\u00e2teaux<\/li>\n\n\n\n<li>Vente de boissons<\/li>\n\n\n\n<li>Euroboutique<\/li>\n<\/ul>\n\n<p><\/p>\n","protected":false},"excerpt":{"rendered":"<p>Chaque ann\u00e9e, nous sommes repr\u00e9sent\u00e9s lors de la journ\u00e9e portes ouvertes de l&rsquo;ESK qui suit :<\/p>\n","protected":false},"author":406,"featured_media":0,"parent":13474,"menu_order":8,"comment_status":"closed","ping_status":"closed","template":"","meta":{"inline_featured_image":false,"footnotes":""},"class_list":["post-13422","page","type-page","status-publish","hentry"],"_links":{"self":[{"href":"https:\/\/www.esk-eltern.de\/fr\/wp-json\/wp\/v2\/pages\/13422","targetHints":{"allow":["GET"]}}],"collection":[{"href":"https:\/\/www.esk-eltern.de\/fr\/wp-json\/wp\/v2\/pages"}],"about":[{"href":"https:\/\/www.esk-eltern.de\/fr\/wp-json\/wp\/v2\/types\/page"}],"author":[{"embeddable":true,"href":"https:\/\/www.esk-eltern.de\/fr\/wp-json\/wp\/v2\/users\/406"}],"replies":[{"embeddable":true,"href":"https:\/\/www.esk-eltern.de\/fr\/wp-json\/wp\/v2\/comments?post=13422"}],"version-history":[{"count":1,"href":"https:\/\/www.esk-eltern.de\/fr\/wp-json\/wp\/v2\/pages\/13422\/revisions"}],"predecessor-version":[{"id":13423,"href":"https:\/\/www.esk-eltern.de\/fr\/wp-json\/wp\/v2\/pages\/13422\/revisions\/13423"}],"up":[{"embeddable":true,"href":"https:\/\/www.esk-eltern.de\/fr\/wp-json\/wp\/v2\/pages\/13474"}],"wp:attachment":[{"href":"https:\/\/www.esk-eltern.de\/fr\/wp-json\/wp\/v2\/media?parent=13422"}],"curies":[{"name":"wp","href":"https:\/\/api.w.org\/{rel}","templated":true}]}}