{"id":13416,"date":"2025-04-26T17:39:05","date_gmt":"2025-04-26T15:39:05","guid":{"rendered":"https:\/\/www.esk-eltern.de\/fete-de-lete\/"},"modified":"2025-05-05T23:45:10","modified_gmt":"2025-05-05T21:45:10","slug":"fete-de-lete","status":"publish","type":"page","link":"https:\/\/www.esk-eltern.de\/fr\/association-des-parents-deleves\/evenements\/fete-de-lete\/","title":{"rendered":"F\u00eate de l&rsquo;\u00e9t\u00e9"},"content":{"rendered":"\n<p>Chaque ann\u00e9e, l&rsquo;association des parents d&rsquo;\u00e9l\u00e8ves organise la f\u00eate d&rsquo;\u00e9t\u00e9 \u00e0 l&rsquo;ESK.<\/p>\n\n<p>Plus d&rsquo;informations sur la f\u00eate d&rsquo;\u00e9t\u00e9 de cette ann\u00e9e suivront.<\/p>\n","protected":false},"excerpt":{"rendered":"<p>Chaque ann\u00e9e, l&rsquo;association des parents d&rsquo;\u00e9l\u00e8ves organise la f\u00eate d&rsquo;\u00e9t\u00e9 \u00e0 l&rsquo;ESK. Plus d&rsquo;informations sur la f\u00eate d&rsquo;\u00e9t\u00e9 de cette ann\u00e9e suivront.<\/p>\n","protected":false},"author":406,"featured_media":0,"parent":13474,"menu_order":10,"comment_status":"closed","ping_status":"closed","template":"","meta":{"inline_featured_image":false,"footnotes":""},"class_list":["post-13416","page","type-page","status-publish","hentry"],"_links":{"self":[{"href":"https:\/\/www.esk-eltern.de\/fr\/wp-json\/wp\/v2\/pages\/13416","targetHints":{"allow":["GET"]}}],"collection":[{"href":"https:\/\/www.esk-eltern.de\/fr\/wp-json\/wp\/v2\/pages"}],"about":[{"href":"https:\/\/www.esk-eltern.de\/fr\/wp-json\/wp\/v2\/types\/page"}],"author":[{"embeddable":true,"href":"https:\/\/www.esk-eltern.de\/fr\/wp-json\/wp\/v2\/users\/406"}],"replies":[{"embeddable":true,"href":"https:\/\/www.esk-eltern.de\/fr\/wp-json\/wp\/v2\/comments?post=13416"}],"version-history":[{"count":1,"href":"https:\/\/www.esk-eltern.de\/fr\/wp-json\/wp\/v2\/pages\/13416\/revisions"}],"predecessor-version":[{"id":13417,"href":"https:\/\/www.esk-eltern.de\/fr\/wp-json\/wp\/v2\/pages\/13416\/revisions\/13417"}],"up":[{"embeddable":true,"href":"https:\/\/www.esk-eltern.de\/fr\/wp-json\/wp\/v2\/pages\/13474"}],"wp:attachment":[{"href":"https:\/\/www.esk-eltern.de\/fr\/wp-json\/wp\/v2\/media?parent=13416"}],"curies":[{"name":"wp","href":"https:\/\/api.w.org\/{rel}","templated":true}]}}