{"id":13407,"date":"2025-04-26T17:33:43","date_gmt":"2025-04-26T15:33:43","guid":{"rendered":"https:\/\/www.esk-eltern.de\/association-des-parents-deleves\/concours\/spelling-bee\/"},"modified":"2025-04-26T17:33:43","modified_gmt":"2025-04-26T15:33:43","slug":"spelling-bee","status":"publish","type":"page","link":"https:\/\/www.esk-eltern.de\/fr\/association-des-parents-deleves\/concours\/spelling-bee\/","title":{"rendered":"Spelling Bee"},"content":{"rendered":"\n<p>La biblioth\u00e8que am\u00e9ricaine de Karlsruhe propose chaque ann\u00e9e aux \u00e9l\u00e8ves de l&rsquo;\u00e9cole europ\u00e9enne de participer au concours American Spelling Bee (concours d&rsquo;orthographe).<\/p>\n\n<p>Le Spelling Bee Contest est un concours d&rsquo;orthographe am\u00e9ricain traditionnel au cours duquel les \u00e9l\u00e8ves s&rsquo;affrontent en orthographe.<\/p>\n","protected":false},"excerpt":{"rendered":"<p>La biblioth\u00e8que am\u00e9ricaine de Karlsruhe propose chaque ann\u00e9e aux \u00e9l\u00e8ves de l&rsquo;\u00e9cole europ\u00e9enne de participer au concours American Spelling Bee (concours d&rsquo;orthographe). Le Spelling Bee Contest est un concours d&rsquo;orthographe am\u00e9ricain traditionnel au cours duquel les \u00e9l\u00e8ves s&rsquo;affrontent en orthographe.<\/p>\n","protected":false},"author":406,"featured_media":0,"parent":13361,"menu_order":14,"comment_status":"closed","ping_status":"closed","template":"","meta":{"inline_featured_image":false,"footnotes":""},"class_list":["post-13407","page","type-page","status-publish","hentry"],"_links":{"self":[{"href":"https:\/\/www.esk-eltern.de\/fr\/wp-json\/wp\/v2\/pages\/13407","targetHints":{"allow":["GET"]}}],"collection":[{"href":"https:\/\/www.esk-eltern.de\/fr\/wp-json\/wp\/v2\/pages"}],"about":[{"href":"https:\/\/www.esk-eltern.de\/fr\/wp-json\/wp\/v2\/types\/page"}],"author":[{"embeddable":true,"href":"https:\/\/www.esk-eltern.de\/fr\/wp-json\/wp\/v2\/users\/406"}],"replies":[{"embeddable":true,"href":"https:\/\/www.esk-eltern.de\/fr\/wp-json\/wp\/v2\/comments?post=13407"}],"version-history":[{"count":1,"href":"https:\/\/www.esk-eltern.de\/fr\/wp-json\/wp\/v2\/pages\/13407\/revisions"}],"predecessor-version":[{"id":13408,"href":"https:\/\/www.esk-eltern.de\/fr\/wp-json\/wp\/v2\/pages\/13407\/revisions\/13408"}],"up":[{"embeddable":true,"href":"https:\/\/www.esk-eltern.de\/fr\/wp-json\/wp\/v2\/pages\/13361"}],"wp:attachment":[{"href":"https:\/\/www.esk-eltern.de\/fr\/wp-json\/wp\/v2\/media?parent=13407"}],"curies":[{"name":"wp","href":"https:\/\/api.w.org\/{rel}","templated":true}]}}