{"id":13401,"date":"2025-04-26T17:30:54","date_gmt":"2025-04-26T15:30:54","guid":{"rendered":"https:\/\/www.esk-eltern.de\/association-des-parents-deleves\/concours\/kangourou-des-mathematiques\/"},"modified":"2025-04-26T17:30:54","modified_gmt":"2025-04-26T15:30:54","slug":"kangourou-des-mathematiques","status":"publish","type":"page","link":"https:\/\/www.esk-eltern.de\/fr\/association-des-parents-deleves\/concours\/kangourou-des-mathematiques\/","title":{"rendered":"Kangourou des math\u00e9matiques"},"content":{"rendered":"\n<p>Qu\u2019est-ce que le kangourou des math\u00e9matiques?<\/p>\n\n<p>Un concours de math\u00e9matiques \u00e0 choix multiples pour environ 6 millions de participants dans plus de 60 pays du monde entier. Le concours a lieu une fois par an, le troisi\u00e8me jeudi du mois de mars, simultan\u00e9ment dans tous les pays participants. Il s&rsquo;agit d&rsquo;une \u00e9preuve \u00e9crite facultative qui se d\u00e9roule dans les \u00e9coles sous surveillance.<\/p>\n\n<p>Cette manifestation a pour but de soutenir l&rsquo;\u00e9ducation math\u00e9matique dans les \u00e9coles, d&rsquo;\u00e9veiller et de consolider le plaisir de s&rsquo;occuper de math\u00e9matiques et d&rsquo;encourager le travail autonome et le travail en classe gr\u00e2ce \u00e0 l&rsquo;offre de t\u00e2ches int\u00e9ressantes.<\/p>\n\n<p>Il s&rsquo;agit d&rsquo;un concours individuel dans lequel il faut r\u00e9soudre en 75 minutes 24 probl\u00e8mes pour les classes 3\/4 et 5\/6 et 30 probl\u00e8mes pour les classes 7\/8, 9\/10 et 11-13.<\/p>\n\n<p>Le concours a lieu traditionnellement le 3e jeudi de mars.<\/p>\n\n<p>Le concours de math\u00e9matiques Kangourou est organis\u00e9 chaque ann\u00e9e par les professeurs de l&rsquo;ESK, mais l&rsquo;ESK EV est fi\u00e8re de soutenir les frais d&rsquo;inscription pour les participants de l&rsquo;\u00e9cole primaire chaque ann\u00e9e scolaire.<\/p>\n\n<p>Vous trouverez plus d&rsquo;informations sur <a href=\"https:\/\/www.mathe-kaenguru.de\">https:\/\/www.mathe-kaenguru.de<\/a><\/p>\n","protected":false},"excerpt":{"rendered":"<p>Qu\u2019est-ce que le kangourou des math\u00e9matiques? Un concours de math\u00e9matiques \u00e0 choix multiples pour environ 6 millions de participants dans plus de 60 pays du monde entier. Le concours a lieu une fois par an, le troisi\u00e8me jeudi du mois de mars, simultan\u00e9ment dans tous les pays participants. Il s&rsquo;agit d&rsquo;une \u00e9preuve \u00e9crite facultative qui <a class=\"read-more-link\" href=\"https:\/\/www.esk-eltern.de\/fr\/association-des-parents-deleves\/concours\/kangourou-des-mathematiques\/\">Read More<\/a><\/p>\n","protected":false},"author":406,"featured_media":0,"parent":13361,"menu_order":17,"comment_status":"closed","ping_status":"closed","template":"","meta":{"inline_featured_image":false,"footnotes":""},"class_list":["post-13401","page","type-page","status-publish","hentry"],"_links":{"self":[{"href":"https:\/\/www.esk-eltern.de\/fr\/wp-json\/wp\/v2\/pages\/13401","targetHints":{"allow":["GET"]}}],"collection":[{"href":"https:\/\/www.esk-eltern.de\/fr\/wp-json\/wp\/v2\/pages"}],"about":[{"href":"https:\/\/www.esk-eltern.de\/fr\/wp-json\/wp\/v2\/types\/page"}],"author":[{"embeddable":true,"href":"https:\/\/www.esk-eltern.de\/fr\/wp-json\/wp\/v2\/users\/406"}],"replies":[{"embeddable":true,"href":"https:\/\/www.esk-eltern.de\/fr\/wp-json\/wp\/v2\/comments?post=13401"}],"version-history":[{"count":1,"href":"https:\/\/www.esk-eltern.de\/fr\/wp-json\/wp\/v2\/pages\/13401\/revisions"}],"predecessor-version":[{"id":13402,"href":"https:\/\/www.esk-eltern.de\/fr\/wp-json\/wp\/v2\/pages\/13401\/revisions\/13402"}],"up":[{"embeddable":true,"href":"https:\/\/www.esk-eltern.de\/fr\/wp-json\/wp\/v2\/pages\/13361"}],"wp:attachment":[{"href":"https:\/\/www.esk-eltern.de\/fr\/wp-json\/wp\/v2\/media?parent=13401"}],"curies":[{"name":"wp","href":"https:\/\/api.w.org\/{rel}","templated":true}]}}