{"id":13384,"date":"2025-04-26T17:02:21","date_gmt":"2025-04-26T15:02:21","guid":{"rendered":"https:\/\/www.esk-eltern.de\/informations\/statuts\/"},"modified":"2025-04-26T17:02:21","modified_gmt":"2025-04-26T15:02:21","slug":"statuts","status":"publish","type":"page","link":"https:\/\/www.esk-eltern.de\/fr\/informations\/statuts\/","title":{"rendered":"Statuts"},"content":{"rendered":"\n<p>Vous pouvez t\u00e9l\u00e9charger ici les statuts en vigueur de l&rsquo;association de parents d&rsquo;\u00e9l\u00e8ves:<\/p>\n\n<div class=\"wp-block-file\"><a id=\"wp-block-file--media-f7220d8c-5c3f-4d86-b9e3-03b5aa444cf2\" href=\"https:\/\/www.esk-eltern.de\/wp-content\/uploads\/2024\/07\/EV_Satzung.pdf\">Statuts de l&rsquo;association des parents d&rsquo;\u00e9l\u00e8ves &#8211; allemand<\/a><\/div>\n\n<p><\/p>\n","protected":false},"excerpt":{"rendered":"<p>Vous pouvez t\u00e9l\u00e9charger ici les statuts en vigueur de l&rsquo;association de parents d&rsquo;\u00e9l\u00e8ves:<\/p>\n","protected":false},"author":406,"featured_media":0,"parent":13357,"menu_order":20,"comment_status":"closed","ping_status":"closed","template":"","meta":{"inline_featured_image":false,"footnotes":""},"class_list":["post-13384","page","type-page","status-publish","hentry"],"_links":{"self":[{"href":"https:\/\/www.esk-eltern.de\/fr\/wp-json\/wp\/v2\/pages\/13384","targetHints":{"allow":["GET"]}}],"collection":[{"href":"https:\/\/www.esk-eltern.de\/fr\/wp-json\/wp\/v2\/pages"}],"about":[{"href":"https:\/\/www.esk-eltern.de\/fr\/wp-json\/wp\/v2\/types\/page"}],"author":[{"embeddable":true,"href":"https:\/\/www.esk-eltern.de\/fr\/wp-json\/wp\/v2\/users\/406"}],"replies":[{"embeddable":true,"href":"https:\/\/www.esk-eltern.de\/fr\/wp-json\/wp\/v2\/comments?post=13384"}],"version-history":[{"count":1,"href":"https:\/\/www.esk-eltern.de\/fr\/wp-json\/wp\/v2\/pages\/13384\/revisions"}],"predecessor-version":[{"id":13385,"href":"https:\/\/www.esk-eltern.de\/fr\/wp-json\/wp\/v2\/pages\/13384\/revisions\/13385"}],"up":[{"embeddable":true,"href":"https:\/\/www.esk-eltern.de\/fr\/wp-json\/wp\/v2\/pages\/13357"}],"wp:attachment":[{"href":"https:\/\/www.esk-eltern.de\/fr\/wp-json\/wp\/v2\/media?parent=13384"}],"curies":[{"name":"wp","href":"https:\/\/api.w.org\/{rel}","templated":true}]}}