{"id":13376,"date":"2025-04-26T16:36:23","date_gmt":"2025-04-26T14:36:23","guid":{"rendered":"https:\/\/www.esk-eltern.de\/association-des-parents-deleves\/schueleraustausch\/"},"modified":"2025-04-26T22:14:07","modified_gmt":"2025-04-26T20:14:07","slug":"echange-scolaire","status":"publish","type":"page","link":"https:\/\/www.esk-eltern.de\/fr\/association-des-parents-deleves\/echange-scolaire\/","title":{"rendered":"\u00c9change scolaire"},"content":{"rendered":"\n<p>L\u2019Association des Parents soutient et promeut le \u00ab Mobility Programme \u00bb dans diff\u00e9rentes \u00e9coles europ\u00e9ennes ! <\/p>\n\n<p>Le programme de mobilit\u00e9 permet aux \u00e9l\u00e8ves d\u2019\u00e9tudier temporairement dans l\u2019une des \u00e9coles europ\u00e9ennes officielles et accr\u00e9dit\u00e9es, et de d\u00e9couvrir un environnement \u00e9ducatif et culturel diff\u00e9rent.<\/p>\n\n<p>Notre \u00e9cole europ\u00e9enne offre la possibilit\u00e9 d\u2019accueillir des \u00e9l\u00e8ves et de soutenir les n\u00f4tres pour visiter d\u2019autres \u00e9coles. Le programme a lieu r\u00e9guli\u00e8rement au cours du 1er semestre de S5. Cependant, s\u2019il y a des raisons justifi\u00e9es, le 1er semestre de S4 est \u00e9galement possible. La dur\u00e9e minimale d\u2019une visite est de 5-6 semaines, le maximum est d\u2019un semestre.<\/p>\n\n<p>Les familles d\u2019accueil sont l\u2019un des \u00e9l\u00e9ments importants du programme. Partir quelques mois avec une famille locale est essentiel pour d\u00e9couvrir l\u2019autre culture et la famille d\u2019accueil en profitera aussi, en cr\u00e9ant de nouvelles relations et en comprenant de nouvelles traditions.<\/p>\n\n<p>Les familles d\u2019accueil doivent fournir un logement et une nourriture convenables ainsi que des directives claires \u00e0 l\u2019\u00e9tudiant\/aux \u00e9tudiants d\u2019accueil. Les participants doivent \u00e9galement prouver qu\u2019ils sont suffisamment assur\u00e9s (sant\u00e9, voyage, accident, tiers) et qu\u2019ils ont suffisamment d\u2019argent pour supporter leur s\u00e9jour dans un autre pays.<\/p>\n\n<p>Nous sommes toujours \u00e0 la recherche de familles d\u2019accueil et si tu souhaites en faire partie, contacte-nous \u00e0 l\u2019adresse <a href=\"mailto:studenka@partner.eursc.eu\">studenka@partner.eursc.eu<\/a><\/p>\n\n<p>ESK AP Mobility Team<\/p>\n","protected":false},"excerpt":{"rendered":"<p>L\u2019Association des Parents soutient et promeut le \u00ab Mobility Programme \u00bb dans diff\u00e9rentes \u00e9coles europ\u00e9ennes ! Le programme de mobilit\u00e9 permet aux \u00e9l\u00e8ves d\u2019\u00e9tudier temporairement dans l\u2019une des \u00e9coles europ\u00e9ennes officielles et accr\u00e9dit\u00e9es, et de d\u00e9couvrir un environnement \u00e9ducatif et culturel diff\u00e9rent. Notre \u00e9cole europ\u00e9enne offre la possibilit\u00e9 d\u2019accueillir des \u00e9l\u00e8ves et de soutenir les <a class=\"read-more-link\" href=\"https:\/\/www.esk-eltern.de\/fr\/association-des-parents-deleves\/echange-scolaire\/\">Read More<\/a><\/p>\n","protected":false},"author":406,"featured_media":0,"parent":13355,"menu_order":88,"comment_status":"closed","ping_status":"closed","template":"","meta":{"inline_featured_image":false,"footnotes":""},"class_list":["post-13376","page","type-page","status-publish","hentry"],"_links":{"self":[{"href":"https:\/\/www.esk-eltern.de\/fr\/wp-json\/wp\/v2\/pages\/13376","targetHints":{"allow":["GET"]}}],"collection":[{"href":"https:\/\/www.esk-eltern.de\/fr\/wp-json\/wp\/v2\/pages"}],"about":[{"href":"https:\/\/www.esk-eltern.de\/fr\/wp-json\/wp\/v2\/types\/page"}],"author":[{"embeddable":true,"href":"https:\/\/www.esk-eltern.de\/fr\/wp-json\/wp\/v2\/users\/406"}],"replies":[{"embeddable":true,"href":"https:\/\/www.esk-eltern.de\/fr\/wp-json\/wp\/v2\/comments?post=13376"}],"version-history":[{"count":3,"href":"https:\/\/www.esk-eltern.de\/fr\/wp-json\/wp\/v2\/pages\/13376\/revisions"}],"predecessor-version":[{"id":13460,"href":"https:\/\/www.esk-eltern.de\/fr\/wp-json\/wp\/v2\/pages\/13376\/revisions\/13460"}],"up":[{"embeddable":true,"href":"https:\/\/www.esk-eltern.de\/fr\/wp-json\/wp\/v2\/pages\/13355"}],"wp:attachment":[{"href":"https:\/\/www.esk-eltern.de\/fr\/wp-json\/wp\/v2\/media?parent=13376"}],"curies":[{"name":"wp","href":"https:\/\/api.w.org\/{rel}","templated":true}]}}