{"id":13352,"date":"2025-04-25T22:45:25","date_gmt":"2025-04-25T20:45:25","guid":{"rendered":"https:\/\/www.esk-eltern.de\/interparents\/"},"modified":"2025-04-25T22:49:33","modified_gmt":"2025-04-25T20:49:33","slug":"interparents","status":"publish","type":"page","link":"https:\/\/www.esk-eltern.de\/fr\/association-des-parents-deleves\/interparents\/","title":{"rendered":"Interparents"},"content":{"rendered":"\n<p>Les associations de parents de toutes les \u00e9coles europ\u00e9ennes sont r\u00e9unies sous l\u2019\u00e9gide de l\u2019organisation INTERPARENTS.<\/p>\n\n<p>Interparents, \u00e0 son tour, repr\u00e9sente les parents dans toutes les questions qui int\u00e9ressent le Conseil d\u2019Administration de Bruxelles. Pour compter ces questions<\/p>\n\n<ul class=\"wp-block-list\">\n<li>Enseignement pr\u00e9scolaire et primaire, enseignement secondaire,<\/li>\n\n\n\n<li>Questions administratives et financi\u00e8res,<\/li>\n\n\n\n<li>besoins \u00e9ducatifs sp\u00e9ciaux et soutien \u00e0 l\u2019apprentissage,<\/li>\n\n\n\n<li>Contrats pour les normes de performance,<\/li>\n\n\n\n<li>la qualification de Baccalaur\u00e9at europ\u00e9en,<\/li>\n\n\n\n<li>Langues et biblioth\u00e8ques,<\/li>\n\n\n\n<li>le d\u00e9veloppement et la r\u00e9forme des Ecoles europ\u00e9ennes.<\/li>\n<\/ul>\n\n<p>L\u2019Association des Parents \u00e0 Karlsruhe est tr\u00e8s active au sein d\u2019Interparents et reconna\u00eet l\u2019importance d\u2019un engagement fort pour soutenir tous les parents dans le syst\u00e8me scolaire europ\u00e9en.<\/p>\n\n<p>Il est important que tous les parents soutiennent pleinement ce lien avec le Conseil d\u2019administration \u00e0 Bruxelles, de sorte qu\u2019il y ait une force commune pour assurer un environnement sain et vivifiant pour tous nos enfants.<\/p>\n\n<p>Les repr\u00e9sentants actuels d\u2019Interparents pour l\u2019\u00c9cole europ\u00e9enne de Karlsruhe peuvent \u00eatre trouv\u00e9s sur notre page Who\u2019s Who.<\/p>\n\n<p>Pour plus d\u2019informations, cliquez sur le site Interparents<\/p>\n\n<p><\/p>\n","protected":false},"excerpt":{"rendered":"<p>Les associations de parents de toutes les \u00e9coles europ\u00e9ennes sont r\u00e9unies sous l\u2019\u00e9gide de l\u2019organisation INTERPARENTS. Interparents, \u00e0 son tour, repr\u00e9sente les parents dans toutes les questions qui int\u00e9ressent le Conseil d\u2019Administration de Bruxelles. Pour compter ces questions L\u2019Association des Parents \u00e0 Karlsruhe est tr\u00e8s active au sein d\u2019Interparents et reconna\u00eet l\u2019importance d\u2019un engagement fort <a class=\"read-more-link\" href=\"https:\/\/www.esk-eltern.de\/fr\/association-des-parents-deleves\/interparents\/\">Read More<\/a><\/p>\n","protected":false},"author":406,"featured_media":0,"parent":13355,"menu_order":36,"comment_status":"closed","ping_status":"closed","template":"","meta":{"inline_featured_image":false,"footnotes":""},"class_list":["post-13352","page","type-page","status-publish","hentry"],"_links":{"self":[{"href":"https:\/\/www.esk-eltern.de\/fr\/wp-json\/wp\/v2\/pages\/13352","targetHints":{"allow":["GET"]}}],"collection":[{"href":"https:\/\/www.esk-eltern.de\/fr\/wp-json\/wp\/v2\/pages"}],"about":[{"href":"https:\/\/www.esk-eltern.de\/fr\/wp-json\/wp\/v2\/types\/page"}],"author":[{"embeddable":true,"href":"https:\/\/www.esk-eltern.de\/fr\/wp-json\/wp\/v2\/users\/406"}],"replies":[{"embeddable":true,"href":"https:\/\/www.esk-eltern.de\/fr\/wp-json\/wp\/v2\/comments?post=13352"}],"version-history":[{"count":1,"href":"https:\/\/www.esk-eltern.de\/fr\/wp-json\/wp\/v2\/pages\/13352\/revisions"}],"predecessor-version":[{"id":13353,"href":"https:\/\/www.esk-eltern.de\/fr\/wp-json\/wp\/v2\/pages\/13352\/revisions\/13353"}],"up":[{"embeddable":true,"href":"https:\/\/www.esk-eltern.de\/fr\/wp-json\/wp\/v2\/pages\/13355"}],"wp:attachment":[{"href":"https:\/\/www.esk-eltern.de\/fr\/wp-json\/wp\/v2\/media?parent=13352"}],"curies":[{"name":"wp","href":"https:\/\/api.w.org\/{rel}","templated":true}]}}