{"id":13346,"date":"2025-04-25T22:36:15","date_gmt":"2025-04-25T20:36:15","guid":{"rendered":"https:\/\/www.esk-eltern.de\/representants-de-classe\/"},"modified":"2025-08-28T18:29:07","modified_gmt":"2025-08-28T16:29:07","slug":"representants-de-classe","status":"publish","type":"page","link":"https:\/\/www.esk-eltern.de\/fr\/association-des-parents-deleves\/representants-de-classe\/","title":{"rendered":"Repr\u00e9sentants de classe"},"content":{"rendered":"\n<h4 class=\"wp-block-heading\"><b>Le r\u00f4le du repr\u00e9sentant des parents d&rsquo;\u00e9l\u00e8ves (ClassRep) \u00e0 l&rsquo;\u00e9cole primaire<\/b><\/h4>\n\n<p><b>Contenu :<\/b><\/p>\n\n<ul class=\"wp-block-list\">\n<li>Principales responsabilit\u00e9s<\/li>\n\n\n\n<li>Position au sein de la structure de l&rsquo;association des parents d&rsquo;\u00e9l\u00e8ves<\/li>\n\n\n\n<li>Gestion des probl\u00e8mes<\/li>\n\n\n\n<li>Les ClassReps au sein du syst\u00e8me scolaire europ\u00e9en \u00e9largi<\/li>\n<\/ul>\n\n<p><span style=\"font-weight: 400;\">Chaque classe \u00e9lit <\/span><b>des repr\u00e9sentants de classe<\/b><span style=\"font-weight: 400;\">, g\u00e9n\u00e9ralement deux, lors de la premi\u00e8re r\u00e9union parents-professeurs de l&rsquo;ann\u00e9e scolaire. Leur mandat dure un an, mais ils peuvent d\u00e9missionner \u00e0 tout moment ou \u00eatre remplac\u00e9s si la majorit\u00e9 de la classe le demande. Leurs coordonn\u00e9es sont recueillies par les secr\u00e9taires de l&rsquo;\u00e9cole et transmises de mani\u00e8re confidentielle au comit\u00e9 ex\u00e9cutif de l&rsquo;association des parents d&rsquo;\u00e9l\u00e8ves (APE).<\/span><\/p>\n\n<p><span style=\"font-weight: 400;\">Les d\u00e9l\u00e9gu\u00e9s de classe sont les <\/span><b>porte-parole \u00e9lus de leur classe<\/b><span style=\"font-weight: 400;\">. Ils ne sont pas des acteurs ind\u00e9pendants, mais des repr\u00e9sentants des parents en tant que groupe. Ils agissent comme des prolongements de l&rsquo;AP, reliant les familles au comit\u00e9 de l&rsquo;association des parents d&rsquo;\u00e9l\u00e8ves (CAP), aux repr\u00e9sentants de section (RS) et, par leur interm\u00e9diaire, \u00e0 la direction de l&rsquo;\u00e9cole et au syst\u00e8me scolaire europ\u00e9en au sens large.<\/span><\/p>\n\n<hr class=\"wp-block-separator has-alpha-channel-opacity\"\/>\n\n<h4 class=\"wp-block-heading\"><h4><b>Principales responsabilit\u00e9s<\/b><\/h4><\/h4>\n\n<p><b>Repr\u00e9sentation<\/b><\/p>\n\n<ul class=\"wp-block-list\">\n<li>S&rsquo;exprimer au nom de tous les parents de la classe ; les sujets tels que les sorties, les marques de reconnaissance ou les probl\u00e8mes doivent \u00eatre discut\u00e9s avec la classe et d\u00e9cid\u00e9s \u00e0 la majorit\u00e9.<br\/><\/li>\n\n\n\n<li>Si aucun consensus n&rsquo;est atteint, les pr\u00e9occupations individuelles peuvent toujours \u00eatre transmises, mais pas au nom de toute la classe.<br\/><\/li>\n<\/ul>\n\n<p><strong>Communication<\/strong><\/p>\n\n<ul class=\"wp-block-list\">\n<li>Transmettre les informations du PAC, de l&rsquo;\u00e9cole et des enseignants aux parents.<\/li>\n\n\n\n<li><span style=\"font-weight: 400;\">Recueillir et tenir \u00e0 jour une <\/span><b>liste de contacts de la classe <\/b><span style=\"font-weight: 400;\">(avec leur consentement), car ni l&rsquo;\u00e9cole ni l&rsquo;association des parents d&rsquo;\u00e9l\u00e8ves ne peuvent fournir cette liste.<\/span><\/li>\n\n\n\n<li>Cr\u00e9er une communaut\u00e9 gr\u00e2ce \u00e0 des r\u00e9unions entre parents de la classe et veiller \u00e0 ce que toutes les cultures et tous les enfants soient repr\u00e9sent\u00e9s de mani\u00e8re \u00e9gale.<br\/><\/li>\n<\/ul>\n\n<p><b>Participation \u00e0 l&rsquo;AGA<\/b><\/p>\n\n<ul class=\"wp-block-list\">\n<li><span style=\"font-weight: 400;\">Assister \u00e0 <\/span><b>l&rsquo;assembl\u00e9e g\u00e9n\u00e9rale annuelle (AGA) de l&rsquo;AP <\/b><span style=\"font-weight: 400;\">ou d\u00e9signer par \u00e9crit un parent de la classe comme mandataire.<\/span><\/li>\n\n\n\n<li><span style=\"font-weight: 400;\">Lors de l&rsquo;AGA, le PAC est \u00e9lu pour deux ans ; seuls les membres payants de l&rsquo;AP (40 \u20ac par an) peuvent voter ou se pr\u00e9senter aux \u00e9lections.<\/span><span style=\"font-weight: 400;\">&#13;\n<\/span><\/li>\n<\/ul>\n\n<p><b>Recueillir des commentaires<\/b><\/p>\n\n<ul class=\"wp-block-list\">\n<li><span style=\"font-weight: 400;\">Avant chaque <\/span><b>conseil p\u00e9dagogique <\/b><span style=\"font-weight: 400;\">(deux fois par an), recueillez l&rsquo;avis des parents sur les questions quotidiennes et les projets \u00e9ducatifs.<\/span><\/li>\n\n\n\n<li>Transmettez-les au PAC, qui les pr\u00e9sentera au Conseil par l&rsquo;interm\u00e9diaire des repr\u00e9sentants de section, des membres du conseil d&rsquo;administration ou d&rsquo;autres d\u00e9l\u00e9gu\u00e9s.<br\/><\/li>\n<\/ul>\n\n<p><b>R\u00e9unions<\/b><\/p>\n\n<ul class=\"wp-block-list\">\n<li><span style=\"font-weight: 400;\">Participez \u00e0 <\/span><b>deux r\u00e9unions annuelles des repr\u00e9sentants de classe<\/b><span style=\"font-weight: 400;\">, pr\u00e9vues avant les conseils \u00e9ducatifs afin de rationaliser les contributions, ou d\u00e9signez un mandataire par \u00e9crit.<\/span><span style=\"font-weight: 400;\">&#13;\n<\/span><\/li>\n<\/ul>\n\n<p><b>Fonds de classe<\/b><\/p>\n\n<ul class=\"wp-block-list\">\n<li><span style=\"font-weight: 400;\">G\u00e9rez le <\/span><b>fonds de classe<\/b><span style=\"font-weight: 400;\">, g\u00e9n\u00e9ralement supervis\u00e9 par un repr\u00e9sentant :<\/span><span style=\"font-weight: 400;\">\r\n<\/span>\n<ul class=\"wp-block-list\">\n<li>Collectez les contributions de mani\u00e8re proportionnelle.<\/li>\n\n\n\n<li>Rembourser les enseignants pour les d\u00e9penses approuv\u00e9es (avec re\u00e7us).<\/li>\n\n\n\n<li>Discutez des co\u00fbts extraordinaires avec l&rsquo;enseignant et les parents.<\/li>\n\n\n\n<li>Financer les \u00e9v\u00e9nements de classe, les sorties, les f\u00eates de fin d&rsquo;ann\u00e9e (par exemple, P5) et les cadeaux de remerciement convenus.<br\/><\/li>\n<\/ul>\n<\/li>\n<\/ul>\n\n<p><b>B\u00e9n\u00e9volat et \u00e9v\u00e9nements<\/b><\/p>\n\n<ul class=\"wp-block-list\">\n<li>Encourager les parents \u00e0 soutenir les \u00e9v\u00e9nements scolaires et \u00e0 contribuer en tant que b\u00e9n\u00e9voles.<\/li>\n\n\n\n<li>Aider \u00e0 organiser les activit\u00e9s de section ou de classe (par exemple, Halloween, Nikolaus, Fasching, Chandeleur, P\u00e2ques).<br\/><\/li>\n\n\n\n<li>Coordonnez-vous avec les enseignants de la classe pour le budget et les activit\u00e9s annuelles.<\/li>\n<\/ul>\n\n<h4 class=\"wp-block-heading\"><strong>Probleml\u00f6sung<\/strong><\/h4>\n\n<ul class=\"wp-block-list\">\n<li><span style=\"font-weight: 400;\">Les parents doivent d&rsquo;abord faire part de leurs pr\u00e9occupations \u00e0 l&rsquo;<\/span><b>enseignant<\/b><span style=\"font-weight: 400;\">. Les repr\u00e9sentants de classe peuvent \u00eatre pr\u00e9sents pour les soutenir.<\/span><\/li>\n\n\n\n<li><span style=\"font-weight: 400;\">Si le probl\u00e8me n&rsquo;est pas r\u00e9solu, il peut \u00eatre port\u00e9 \u00e0 l&rsquo;attention du <\/span><b>directeur adjoint<\/b><span style=\"font-weight: 400;\">, puis du <\/span><b>directeur<\/b><span style=\"font-weight: 400;\">. Les repr\u00e9sentants de classe peuvent assister \u00e0 la r\u00e9union pour apporter leur soutien.\u00a0<\/span><\/li>\n\n\n\n<li>\u00c0 tout moment, les repr\u00e9sentants de section, le PAC ou le conseil d&rsquo;administration de l&rsquo;association des parents d&rsquo;\u00e9l\u00e8ves peuvent \u00eatre consult\u00e9s. Ils fournissent des conseils confidentiels et peuvent assister aux r\u00e9unions aux c\u00f4t\u00e9s des familles.<\/li>\n\n\n\n<li><span style=\"font-weight: 400;\">De nombreuses r\u00e9ponses pratiques sont \u00e9galement disponibles en ligne :<\/span><span style=\"font-weight: 400;\">\r\n<\/span>\n<ul class=\"wp-block-list\">\n<li><span style=\"font-weight: 400;\">Site web de l&rsquo;\u00e9cole :<\/span> <a href=\"http:\/\/www.es-karlsruhe.eu\">www.es-karlsruhe.eu<\/a><\/li>\n\n\n\n<li><span style=\"font-weight: 400;\">\u00c9coles europ\u00e9ennes<\/span>:<a href=\"http:\/\/www.eursc.org?utm_source=chatgpt.com\"> www.eursc.org<\/a><\/li>\n\n\n\n<li><span style=\"font-weight: 400;\">Association des parents d&rsquo;\u00e9l\u00e8ves<\/span>:<a href=\"http:\/\/www.esk-eltern.de?utm_source=chatgpt.com\"> www.esk-eltern.de<\/a><\/li>\n<\/ul>\n<\/li>\n<\/ul>\n\n<hr class=\"wp-block-separator has-alpha-channel-opacity\"\/>\n\n<h4 class=\"wp-block-heading\"><h4><b>Position au sein de la structure de l&rsquo;association des parents d&rsquo;\u00e9l\u00e8ves<\/b><\/h4><\/h4>\n\n<ul class=\"wp-block-list\">\n<li><span style=\"font-weight: 400;\">Les repr\u00e9sentants de classe assurent la <\/span><b>liaison directe entre chaque classe et le PAC<\/b><span style=\"font-weight: 400;\">.<\/span><\/li>\n\n\n\n<li><span style=\"font-weight: 400;\">Les repr\u00e9sentants de section (deux par section linguistique, y compris SWALS) sont nomm\u00e9s parmi les membres du PAC ou les parents lors de l&rsquo;assembl\u00e9e constitutive. Ils s&rsquo;appuient sur le travail pr\u00e9paratoire des repr\u00e9sentants de classe pour repr\u00e9senter efficacement leur section au sein des conseils \u00e9ducatifs. Gr\u00e2ce aux repr\u00e9sentants de classe, le point de vue de chaque famille est pris en compte dans les d\u00e9cisions prises \u00e0 l&rsquo;\u00e9chelle de l&rsquo;\u00e9cole.<\/span><br\/><br\/>Durch ClassReps flie\u00dft die Perspektive aller Familien in schulweite Entscheidungsprozesse ein.<\/li>\n<\/ul>\n\n<hr class=\"wp-block-separator has-alpha-channel-opacity\"\/>\n\n<h4 class=\"wp-block-heading\"><h4><b>Repr\u00e9sentants de classe au sein du syst\u00e8me \u00e9largi<\/b><\/h4><\/h4>\n\n<p><span style=\"font-weight: 400;\">Les \u00e9coles europ\u00e9ennes sont g\u00e9r\u00e9es de mani\u00e8re centralis\u00e9e par le <\/span><b>Conseil sup\u00e9rieur<\/b><span style=\"font-weight: 400;\">, les enseignants sont nomm\u00e9s par les inspecteurs nationaux et les b\u00e2timents sont fournis par le pays h\u00f4te (l&rsquo;Allemagne). Les \u00e9coles locales ne peuvent pas r\u00e9soudre certaines questions (programmes scolaires, notation, heures europ\u00e9ennes).<\/span><\/p>\n\n<p><span style=\"font-weight: 400;\">Pour ces questions, l&rsquo;association locale des parents d&rsquo;\u00e9l\u00e8ves, inform\u00e9e des pr\u00e9occupations recueillies par les d\u00e9l\u00e9gu\u00e9s de classe, contribue \u00e0 <\/span><b>Interparents<\/b><span style=\"font-weight: 400;\">, la f\u00e9d\u00e9ration qui regroupe les associations de parents d&rsquo;\u00e9l\u00e8ves des 13 \u00e9coles europ\u00e9ennes. Chaque \u00e9cole envoie<\/span><b> 2 \u00e0 4 membres du PAC <\/b><span style=\"font-weight: 400;\">\u00e0 Interparents, qui participe \u00e0 des groupes de travail et \u00e0 des instances officielles au niveau europ\u00e9en.<\/span><\/p>\n\n<hr class=\"wp-block-separator has-alpha-channel-opacity\"\/>\n\n<p><b>En r\u00e9sum\u00e9 <\/b><span style=\"font-weight: 400;\">: le d\u00e9l\u00e9gu\u00e9 de classe est le <\/span><b>pilier de la repr\u00e9sentation des parents<\/b><span style=\"font-weight: 400;\">. En recueillant les commentaires, en g\u00e9rant les questions relatives \u00e0 la classe et en veillant \u00e0 ce que la voix des parents soit entendue, les d\u00e9l\u00e9gu\u00e9s de classe font le lien entre la classe et l&rsquo;association des parents d&rsquo;\u00e9l\u00e8ves, le comit\u00e9 des parents d&rsquo;\u00e9l\u00e8ves, le conseil d&rsquo;\u00e9ducation et m\u00eame le syst\u00e8me des \u00e9coles europ\u00e9ennes lui-m\u00eame.<\/span><\/p>\n","protected":false},"excerpt":{"rendered":"<p>Le r\u00f4le du repr\u00e9sentant des parents d&rsquo;\u00e9l\u00e8ves (ClassRep) \u00e0 l&rsquo;\u00e9cole primaire Contenu : Chaque classe \u00e9lit des repr\u00e9sentants de classe, g\u00e9n\u00e9ralement deux, lors de la premi\u00e8re r\u00e9union parents-professeurs de l&rsquo;ann\u00e9e scolaire. Leur mandat dure un an, mais ils peuvent d\u00e9missionner \u00e0 tout moment ou \u00eatre remplac\u00e9s si la majorit\u00e9 de la classe le demande. Leurs <a class=\"read-more-link\" href=\"https:\/\/www.esk-eltern.de\/fr\/association-des-parents-deleves\/representants-de-classe\/\">Read More<\/a><\/p>\n","protected":false},"author":406,"featured_media":0,"parent":13355,"menu_order":40,"comment_status":"closed","ping_status":"closed","template":"","meta":{"inline_featured_image":false,"footnotes":""},"class_list":["post-13346","page","type-page","status-publish","hentry"],"_links":{"self":[{"href":"https:\/\/www.esk-eltern.de\/fr\/wp-json\/wp\/v2\/pages\/13346","targetHints":{"allow":["GET"]}}],"collection":[{"href":"https:\/\/www.esk-eltern.de\/fr\/wp-json\/wp\/v2\/pages"}],"about":[{"href":"https:\/\/www.esk-eltern.de\/fr\/wp-json\/wp\/v2\/types\/page"}],"author":[{"embeddable":true,"href":"https:\/\/www.esk-eltern.de\/fr\/wp-json\/wp\/v2\/users\/406"}],"replies":[{"embeddable":true,"href":"https:\/\/www.esk-eltern.de\/fr\/wp-json\/wp\/v2\/comments?post=13346"}],"version-history":[{"count":5,"href":"https:\/\/www.esk-eltern.de\/fr\/wp-json\/wp\/v2\/pages\/13346\/revisions"}],"predecessor-version":[{"id":13724,"href":"https:\/\/www.esk-eltern.de\/fr\/wp-json\/wp\/v2\/pages\/13346\/revisions\/13724"}],"up":[{"embeddable":true,"href":"https:\/\/www.esk-eltern.de\/fr\/wp-json\/wp\/v2\/pages\/13355"}],"wp:attachment":[{"href":"https:\/\/www.esk-eltern.de\/fr\/wp-json\/wp\/v2\/media?parent=13346"}],"curies":[{"name":"wp","href":"https:\/\/api.w.org\/{rel}","templated":true}]}}