{"id":13339,"date":"2025-04-25T22:25:01","date_gmt":"2025-04-25T20:25:01","guid":{"rendered":"https:\/\/www.esk-eltern.de\/conseil-dadministration\/"},"modified":"2025-04-25T22:49:33","modified_gmt":"2025-04-25T20:49:33","slug":"conseil-dadministration","status":"publish","type":"page","link":"https:\/\/www.esk-eltern.de\/fr\/association-des-parents-deleves\/conseil-dadministration\/","title":{"rendered":"Conseil d&rsquo;administration"},"content":{"rendered":"\n<p>Il existe diff\u00e9rents organes administratifs dot\u00e9s de diff\u00e9rents pouvoirs de d\u00e9cision dans le syst\u00e8me des Ecoles europ\u00e9ennes (https:\/\/www.eursc.eu\/en\/).<\/p>\n\n<p>Sous la direction du Secr\u00e9taire g\u00e9n\u00e9ral des \u00c9coles europ\u00e9ennes, le Conseil d&rsquo;administration (CA) discute des probl\u00e8mes quotidiens, de toutes les questions relatives \u00e0 l&rsquo;administration et \u00e0 la gestion de l&rsquo;\u00e9cole, et planifie le budget et les engagements. Le plan de d\u00e9veloppement de l&rsquo;\u00e9cole est pr\u00e9sent\u00e9 et discut\u00e9 en cons\u00e9quence.<\/p>\n\n<p>Le conseil d&rsquo;administration de l&rsquo;ESK se r\u00e9unit deux fois par an : une fois en automne pour les questions p\u00e9dagogiques et une fois au d\u00e9but du printemps pour le budget de l&rsquo;\u00e9cole. Outre le secr\u00e9taire g\u00e9n\u00e9ral, il se compose de la direction de l&rsquo;\u00e9cole, de repr\u00e9sentants des enseignants du secondaire et de la maternelle\/primaire (d\u00e9tach\u00e9s et recrut\u00e9s localement), du personnel administratif (PAS), des \u00e9l\u00e8ves et des parents, ainsi que de repr\u00e9sentants de la Commission europ\u00e9enne, de la d\u00e9l\u00e9gation allemande et du CCR.<\/p>\n\n<p>Il s&rsquo;agit actuellement de l&rsquo;organe le plus important au sein duquel les parents sont directement repr\u00e9sent\u00e9s dans le syst\u00e8me des \u00e9coles europ\u00e9ennes. Il offre la possibilit\u00e9 d&rsquo;avoir un contact direct avec le secr\u00e9taire g\u00e9n\u00e9ral et de s&rsquo;exprimer sur toutes les questions.<\/p>\n","protected":false},"excerpt":{"rendered":"<p>Il existe diff\u00e9rents organes administratifs dot\u00e9s de diff\u00e9rents pouvoirs de d\u00e9cision dans le syst\u00e8me des Ecoles europ\u00e9ennes (https:\/\/www.eursc.eu\/en\/). Sous la direction du Secr\u00e9taire g\u00e9n\u00e9ral des \u00c9coles europ\u00e9ennes, le Conseil d&rsquo;administration (CA) discute des probl\u00e8mes quotidiens, de toutes les questions relatives \u00e0 l&rsquo;administration et \u00e0 la gestion de l&rsquo;\u00e9cole, et planifie le budget et les engagements. <a class=\"read-more-link\" href=\"https:\/\/www.esk-eltern.de\/fr\/association-des-parents-deleves\/conseil-dadministration\/\">Read More<\/a><\/p>\n","protected":false},"author":406,"featured_media":0,"parent":13355,"menu_order":44,"comment_status":"closed","ping_status":"closed","template":"","meta":{"inline_featured_image":false,"footnotes":""},"class_list":["post-13339","page","type-page","status-publish","hentry"],"_links":{"self":[{"href":"https:\/\/www.esk-eltern.de\/fr\/wp-json\/wp\/v2\/pages\/13339","targetHints":{"allow":["GET"]}}],"collection":[{"href":"https:\/\/www.esk-eltern.de\/fr\/wp-json\/wp\/v2\/pages"}],"about":[{"href":"https:\/\/www.esk-eltern.de\/fr\/wp-json\/wp\/v2\/types\/page"}],"author":[{"embeddable":true,"href":"https:\/\/www.esk-eltern.de\/fr\/wp-json\/wp\/v2\/users\/406"}],"replies":[{"embeddable":true,"href":"https:\/\/www.esk-eltern.de\/fr\/wp-json\/wp\/v2\/comments?post=13339"}],"version-history":[{"count":1,"href":"https:\/\/www.esk-eltern.de\/fr\/wp-json\/wp\/v2\/pages\/13339\/revisions"}],"predecessor-version":[{"id":13340,"href":"https:\/\/www.esk-eltern.de\/fr\/wp-json\/wp\/v2\/pages\/13339\/revisions\/13340"}],"up":[{"embeddable":true,"href":"https:\/\/www.esk-eltern.de\/fr\/wp-json\/wp\/v2\/pages\/13355"}],"wp:attachment":[{"href":"https:\/\/www.esk-eltern.de\/fr\/wp-json\/wp\/v2\/media?parent=13339"}],"curies":[{"name":"wp","href":"https:\/\/api.w.org\/{rel}","templated":true}]}}