{"id":13331,"date":"2025-04-25T22:19:32","date_gmt":"2025-04-25T20:19:32","guid":{"rendered":"https:\/\/www.esk-eltern.de\/conseil-de-leducation\/"},"modified":"2025-04-25T22:49:33","modified_gmt":"2025-04-25T20:49:33","slug":"conseil-de-leducation","status":"publish","type":"page","link":"https:\/\/www.esk-eltern.de\/fr\/association-des-parents-deleves\/conseil-de-leducation\/","title":{"rendered":"Conseil de l&rsquo;\u00e9ducation"},"content":{"rendered":"\n<p>Il existe deux conseils p\u00e9dagogiques \u00e0 l&rsquo;ESK :<\/p>\n\n<ul class=\"wp-block-list\">\n<li>un pour l&rsquo;\u00e9cole maternelle et primaire<\/li>\n\n\n\n<li>un pour l&rsquo;\u00e9cole secondaire<\/li>\n<\/ul>\n\n<p>Le Conseil d&rsquo;\u00e9ducation de chaque zone est compos\u00e9 de repr\u00e9sentants de l&rsquo;\u00e9cole, des parents et du personnel. Les Conseils d&rsquo;\u00e9ducation se r\u00e9unissent deux fois par an. Toutes les questions relatives \u00e0 l&rsquo;\u00e9cole sont inscrites \u00e0 l&rsquo;ordre du jour et l&rsquo;APE rencontre les d\u00e9l\u00e9gu\u00e9s de classe avant chaque conseil d&rsquo;\u00e9ducation afin de recueillir des informations.<\/p>\n\n<p>Par cons\u00e9quent, si vous souhaitez discuter d&rsquo;un sujet avec l&rsquo;\u00e9cole, contactez vos d\u00e9l\u00e9gu\u00e9s de classe et ils pourront repr\u00e9senter vos int\u00e9r\u00eats aupr\u00e8s de l&rsquo;APE, qui les transmettra ensuite \u00e0 l&rsquo;\u00e9cole.<\/p>\n","protected":false},"excerpt":{"rendered":"<p>Il existe deux conseils p\u00e9dagogiques \u00e0 l&rsquo;ESK : Le Conseil d&rsquo;\u00e9ducation de chaque zone est compos\u00e9 de repr\u00e9sentants de l&rsquo;\u00e9cole, des parents et du personnel. Les Conseils d&rsquo;\u00e9ducation se r\u00e9unissent deux fois par an. Toutes les questions relatives \u00e0 l&rsquo;\u00e9cole sont inscrites \u00e0 l&rsquo;ordre du jour et l&rsquo;APE rencontre les d\u00e9l\u00e9gu\u00e9s de classe avant chaque <a class=\"read-more-link\" href=\"https:\/\/www.esk-eltern.de\/fr\/association-des-parents-deleves\/conseil-de-leducation\/\">Read More<\/a><\/p>\n","protected":false},"author":406,"featured_media":0,"parent":13355,"menu_order":46,"comment_status":"closed","ping_status":"closed","template":"","meta":{"inline_featured_image":false,"footnotes":""},"class_list":["post-13331","page","type-page","status-publish","hentry"],"_links":{"self":[{"href":"https:\/\/www.esk-eltern.de\/fr\/wp-json\/wp\/v2\/pages\/13331","targetHints":{"allow":["GET"]}}],"collection":[{"href":"https:\/\/www.esk-eltern.de\/fr\/wp-json\/wp\/v2\/pages"}],"about":[{"href":"https:\/\/www.esk-eltern.de\/fr\/wp-json\/wp\/v2\/types\/page"}],"author":[{"embeddable":true,"href":"https:\/\/www.esk-eltern.de\/fr\/wp-json\/wp\/v2\/users\/406"}],"replies":[{"embeddable":true,"href":"https:\/\/www.esk-eltern.de\/fr\/wp-json\/wp\/v2\/comments?post=13331"}],"version-history":[{"count":1,"href":"https:\/\/www.esk-eltern.de\/fr\/wp-json\/wp\/v2\/pages\/13331\/revisions"}],"predecessor-version":[{"id":13332,"href":"https:\/\/www.esk-eltern.de\/fr\/wp-json\/wp\/v2\/pages\/13331\/revisions\/13332"}],"up":[{"embeddable":true,"href":"https:\/\/www.esk-eltern.de\/fr\/wp-json\/wp\/v2\/pages\/13355"}],"wp:attachment":[{"href":"https:\/\/www.esk-eltern.de\/fr\/wp-json\/wp\/v2\/media?parent=13331"}],"curies":[{"name":"wp","href":"https:\/\/api.w.org\/{rel}","templated":true}]}}